{"id":970,"date":"2021-09-23T18:10:55","date_gmt":"2021-09-23T18:10:55","guid":{"rendered":"https:\/\/elguacamaya.com.uy\/?post_type=product&#038;p=970"},"modified":"2025-02-21T20:25:43","modified_gmt":"2025-02-21T20:25:43","slug":"arandanos-2","status":"publish","type":"product","link":"https:\/\/elguacamaya.com.uy\/index.php\/producto\/arandanos-2\/","title":{"rendered":"Ar\u00e1ndanos"},"content":{"rendered":"<p>Los ar\u00e1ndanos siguen un proceso de deshidratado muy similar al de las uvas pasas.<\/p>\n<p>Son rejuvenecedores por su alto contenido de antioxidantes naturales, as\u00ed como tambi\u00e9n son de gran ayuda en la prevenci\u00f3n y mejora de diversas enfermedades, dentro de las cuales encontramos: la diabetes, problemas de visi\u00f3n, presi\u00f3n arterial, entre otras. Brindan un gran aporte nutricional y tienen alto contenido de fibra y de vitamina C.<\/p>\n<p>\u00bfComo consumirlos?<\/p>\n<p>En recetas dulces: budines, galletitas de avena<\/p>\n<p>Como colaci\u00f3n: un pu\u00f1ado o combinado con otros frutos secos (casta\u00f1as, almendras, nueces)<\/p>\n","protected":false},"excerpt":{"rendered":"<p>Los ar\u00e1ndanos siguen un proceso de deshidratado muy similar al de las uvas pasas. Son rejuvenecedores por su alto contenido de antioxidantes naturales, as\u00ed como tambi\u00e9n son de gran ayuda en la prevenci\u00f3n y mejora de diversas enfermedades, dentro de las cuales encontramos: la diabetes, problemas de visi\u00f3n, presi\u00f3n arterial, entre otras. Brindan un gran &hellip;<\/p>\n<p class=\"read-more\"> <a class=\"\" href=\"https:\/\/elguacamaya.com.uy\/index.php\/producto\/arandanos-2\/\"> <span class=\"screen-reader-text\">Ar\u00e1ndanos<\/span> Leer m\u00e1s &raquo;<\/a><\/p>\n","protected":false},"featured_media":3808,"template":"","meta":{"site-sidebar-layout":"default","site-content-layout":"default","ast-global-header-display":"","ast-banner-title-visibility":"","ast-main-header-display":"","ast-hfb-above-header-display":"","ast-hfb-below-header-display":"","ast-hfb-mobile-header-display":"","site-post-title":"","ast-breadcrumbs-content":"","ast-featured-img":"","footer-sml-layout":"","theme-transparent-header-meta":"default","adv-header-id-meta":"","stick-header-meta":"","header-above-stick-meta":"","header-main-stick-meta":"","header-below-stick-meta":"","_joinchat":[]},"product_brand":[],"product_cat":[36],"product_tag":[],"class_list":{"0":"post-970","1":"product","2":"type-product","3":"status-publish","4":"has-post-thumbnail","6":"product_cat-frutas-secos-y-deshidratados","7":"desktop-align-left","8":"tablet-align-left","9":"mobile-align-left","11":"first","12":"instock","13":"sale","14":"taxable","15":"shipping-taxable","16":"purchasable","17":"product-type-variable"},"_links":{"self":[{"href":"https:\/\/elguacamaya.com.uy\/index.php\/wp-json\/wp\/v2\/product\/970","targetHints":{"allow":["GET"]}}],"collection":[{"href":"https:\/\/elguacamaya.com.uy\/index.php\/wp-json\/wp\/v2\/product"}],"about":[{"href":"https:\/\/elguacamaya.com.uy\/index.php\/wp-json\/wp\/v2\/types\/product"}],"version-history":[{"count":2,"href":"https:\/\/elguacamaya.com.uy\/index.php\/wp-json\/wp\/v2\/product\/970\/revisions"}],"predecessor-version":[{"id":2525,"href":"https:\/\/elguacamaya.com.uy\/index.php\/wp-json\/wp\/v2\/product\/970\/revisions\/2525"}],"wp:featuredmedia":[{"embeddable":true,"href":"https:\/\/elguacamaya.com.uy\/index.php\/wp-json\/wp\/v2\/media\/3808"}],"wp:attachment":[{"href":"https:\/\/elguacamaya.com.uy\/index.php\/wp-json\/wp\/v2\/media?parent=970"}],"wp:term":[{"taxonomy":"product_brand","embeddable":true,"href":"https:\/\/elguacamaya.com.uy\/index.php\/wp-json\/wp\/v2\/product_brand?post=970"},{"taxonomy":"product_cat","embeddable":true,"href":"https:\/\/elguacamaya.com.uy\/index.php\/wp-json\/wp\/v2\/product_cat?post=970"},{"taxonomy":"product_tag","embeddable":true,"href":"https:\/\/elguacamaya.com.uy\/index.php\/wp-json\/wp\/v2\/product_tag?post=970"}],"curies":[{"name":"wp","href":"https:\/\/api.w.org\/{rel}","templated":true}]}}