{"id":4471,"date":"2025-09-20T12:29:14","date_gmt":"2025-09-20T12:29:14","guid":{"rendered":"https:\/\/elguacamaya.com.uy\/?post_type=product&#038;p=4471"},"modified":"2025-12-22T21:38:43","modified_gmt":"2025-12-22T21:38:43","slug":"harina-de-mandioca","status":"publish","type":"product","link":"https:\/\/elguacamaya.com.uy\/index.php\/producto\/harina-de-mandioca\/","title":{"rendered":"Harina de mandioca"},"content":{"rendered":"<p data-mrf-recirculation=\"Links art\u00edculo\">La mandioca es un alimento similar a la boniato desde el punto de vista nutricional. Es un producto muy rico en hidratos de carbono complejos, que tiene pocas grasas en su composici\u00f3n. A su vez, se configura como una de las grandes fuentes de <strong>vitamina C<\/strong>\u00a0y de\u00a0<strong>vitamina B6.\u00a0<\/strong><\/p>\n<p data-mrf-recirculation=\"Links art\u00edculo\">El alto valor energ\u00e9tico que tiene la mandioca<a href=\"https:\/\/www.iprofesional.com\/health-tech\/327493-6-motivos-para-incluir-legumbres-en-tus-platos\" target=\"_blank\" rel=\"noopener noreferrer\" data-mrf-link=\"https:\/\/www.iprofesional.com\/health-tech\/327493-6-motivos-para-incluir-legumbres-en-tus-platos\"><strong>\u00a0<\/strong><\/a>la convierte en un alimento muy recomendable\u00a0para el consumo de los deportistas, as\u00ed como tambi\u00e9n para situaciones que requieren de un gran desgaste f\u00edsico y mental.<\/p>\n<p data-mrf-recirculation=\"Links art\u00edculo\">La mandioca es un alimento que puede\u00a0<strong>sustituir a los cereales<\/strong>\u00a0y\u00a0<strong>no contiene gluten<\/strong>, por lo que\u00a0las personas cel\u00edacas pueden incluirla\u00a0en su alimentaci\u00f3n.<\/p>\n<p data-mrf-recirculation=\"Links art\u00edculo\">Este \u00faltimo punto es esencial, dado que son muchas las personas que tienen<strong>\u00a0celiaqu\u00eda o intolerancia al gluten<\/strong>\u00a0y que deben dejar ciertos productos fuera de su alimentaci\u00f3n. Conocer qu\u00e9 alimentos reemplazan a los productos que\u00a0<strong>contienen gluten<\/strong>\u00a0es importante para que este grupo de personas pueda cuidar su salud y alimentarse adecuadamente.<\/p>\n","protected":false},"excerpt":{"rendered":"<p>La mandioca es un alimento similar a la boniato desde el punto de vista nutricional. Es un producto muy rico en hidratos de carbono complejos, que tiene pocas grasas en su composici\u00f3n. A su vez, se configura como una de las grandes fuentes de vitamina C\u00a0y de\u00a0vitamina B6.\u00a0 El alto valor energ\u00e9tico que tiene la &hellip;<\/p>\n<p class=\"read-more\"> <a class=\"\" href=\"https:\/\/elguacamaya.com.uy\/index.php\/producto\/harina-de-mandioca\/\"> <span class=\"screen-reader-text\">Harina de mandioca<\/span> Leer m\u00e1s &raquo;<\/a><\/p>\n","protected":false},"featured_media":4472,"template":"","meta":{"site-sidebar-layout":"default","site-content-layout":"default","ast-global-header-display":"","ast-banner-title-visibility":"","ast-main-header-display":"","ast-hfb-above-header-display":"","ast-hfb-below-header-display":"","ast-hfb-mobile-header-display":"","site-post-title":"","ast-breadcrumbs-content":"","ast-featured-img":"","footer-sml-layout":"","theme-transparent-header-meta":"default","adv-header-id-meta":"","stick-header-meta":"","header-above-stick-meta":"","header-main-stick-meta":"","header-below-stick-meta":"","_joinchat":[]},"product_brand":[],"product_cat":[48,54],"product_tag":[],"class_list":{"0":"post-4471","1":"product","2":"type-product","3":"status-publish","4":"has-post-thumbnail","6":"product_cat-harinas","7":"product_cat-productos-saludables-adu-acelu-y-organicos","8":"desktop-align-left","9":"tablet-align-left","10":"mobile-align-left","12":"first","13":"instock","14":"taxable","15":"shipping-taxable","16":"purchasable","17":"product-type-variable"},"_links":{"self":[{"href":"https:\/\/elguacamaya.com.uy\/index.php\/wp-json\/wp\/v2\/product\/4471","targetHints":{"allow":["GET"]}}],"collection":[{"href":"https:\/\/elguacamaya.com.uy\/index.php\/wp-json\/wp\/v2\/product"}],"about":[{"href":"https:\/\/elguacamaya.com.uy\/index.php\/wp-json\/wp\/v2\/types\/product"}],"version-history":[{"count":1,"href":"https:\/\/elguacamaya.com.uy\/index.php\/wp-json\/wp\/v2\/product\/4471\/revisions"}],"predecessor-version":[{"id":4475,"href":"https:\/\/elguacamaya.com.uy\/index.php\/wp-json\/wp\/v2\/product\/4471\/revisions\/4475"}],"wp:featuredmedia":[{"embeddable":true,"href":"https:\/\/elguacamaya.com.uy\/index.php\/wp-json\/wp\/v2\/media\/4472"}],"wp:attachment":[{"href":"https:\/\/elguacamaya.com.uy\/index.php\/wp-json\/wp\/v2\/media?parent=4471"}],"wp:term":[{"taxonomy":"product_brand","embeddable":true,"href":"https:\/\/elguacamaya.com.uy\/index.php\/wp-json\/wp\/v2\/product_brand?post=4471"},{"taxonomy":"product_cat","embeddable":true,"href":"https:\/\/elguacamaya.com.uy\/index.php\/wp-json\/wp\/v2\/product_cat?post=4471"},{"taxonomy":"product_tag","embeddable":true,"href":"https:\/\/elguacamaya.com.uy\/index.php\/wp-json\/wp\/v2\/product_tag?post=4471"}],"curies":[{"name":"wp","href":"https:\/\/api.w.org\/{rel}","templated":true}]}}