{"id":4355,"date":"2025-05-29T19:01:23","date_gmt":"2025-05-29T19:01:23","guid":{"rendered":"https:\/\/elguacamaya.com.uy\/?post_type=product&#038;p=4355"},"modified":"2025-05-29T19:09:31","modified_gmt":"2025-05-29T19:09:31","slug":"crema-fria-ledevit","status":"publish","type":"product","link":"https:\/\/elguacamaya.com.uy\/index.php\/producto\/crema-fria-ledevit\/","title":{"rendered":"Crema fr\u00eda Ledevit"},"content":{"rendered":"<p>&nbsp;<\/p>\n<p><span style=\"font-size: 2em;font-weight: bold\">Relleno y Cobertura para Reposter\u00eda<\/span><\/p>\n<section>\n<h4 class=\"prod-desc\">Cremas listas para batir, ideales para una nueva pasteler\u00eda m\u00e1s \u00e1gil, m\u00e1s productiva y m\u00e1s pr\u00e1ctica.<\/h4>\n<p>Se destacan por la personalidad de sus sabores, excelente textura y aspecto, con un gran desarrollo de volumen. Ofrecen estabilidad y duraci\u00f3n en el postre. Son ideales para: rellenar, cubrir y decorar todo tipo de tortas, postres y masas finas. Pueden freezarse.<\/p>\n<h3>Instrucciones de uso<\/h3>\n<p>1. Previo al batido:<\/p>\n<ul class=\"instrucciones\">\n<li>Higienizar el bol y batidor.<\/li>\n<li>La crema fluida debe estar fr\u00eda.<\/li>\n<\/ul>\n<p>2. Agitar el envase y colocar en una batidora la cantidad de crema a utilizar. No requiere el agregado de az\u00facar.<br \/>\n3. La crema debe cubrir 1\/3 de la altura de los alambres del batidor, debido a su gran rendimiento.<br \/>\n4. Batir a \u00be de velocidad hasta obtener la consistencia deseada.<br \/>\n5. Aplicar al postre mediante esp\u00e1tula o manga para decorar.<br \/>\n6. Conservar el batido refrigerado.<\/p>\n<p>4 sabores: vainilla, chantilly, chocolate y frutilla<\/p>\n<\/section>\n","protected":false},"excerpt":{"rendered":"<p>1 litro<\/p>\n","protected":false},"featured_media":4356,"template":"","meta":{"site-sidebar-layout":"default","site-content-layout":"default","ast-global-header-display":"","ast-banner-title-visibility":"","ast-main-header-display":"","ast-hfb-above-header-display":"","ast-hfb-below-header-display":"","ast-hfb-mobile-header-display":"","site-post-title":"","ast-breadcrumbs-content":"","ast-featured-img":"","footer-sml-layout":"","theme-transparent-header-meta":"default","adv-header-id-meta":"","stick-header-meta":"","header-above-stick-meta":"","header-main-stick-meta":"","header-below-stick-meta":"","_joinchat":[]},"product_brand":[],"product_cat":[35],"product_tag":[],"class_list":{"0":"post-4355","1":"product","2":"type-product","3":"status-publish","4":"has-post-thumbnail","6":"product_cat-productos-de-reposteria","7":"desktop-align-left","8":"tablet-align-left","9":"mobile-align-left","11":"first","12":"instock","13":"taxable","14":"shipping-taxable","15":"purchasable","16":"product-type-variable"},"_links":{"self":[{"href":"https:\/\/elguacamaya.com.uy\/index.php\/wp-json\/wp\/v2\/product\/4355","targetHints":{"allow":["GET"]}}],"collection":[{"href":"https:\/\/elguacamaya.com.uy\/index.php\/wp-json\/wp\/v2\/product"}],"about":[{"href":"https:\/\/elguacamaya.com.uy\/index.php\/wp-json\/wp\/v2\/types\/product"}],"version-history":[{"count":3,"href":"https:\/\/elguacamaya.com.uy\/index.php\/wp-json\/wp\/v2\/product\/4355\/revisions"}],"predecessor-version":[{"id":4363,"href":"https:\/\/elguacamaya.com.uy\/index.php\/wp-json\/wp\/v2\/product\/4355\/revisions\/4363"}],"wp:featuredmedia":[{"embeddable":true,"href":"https:\/\/elguacamaya.com.uy\/index.php\/wp-json\/wp\/v2\/media\/4356"}],"wp:attachment":[{"href":"https:\/\/elguacamaya.com.uy\/index.php\/wp-json\/wp\/v2\/media?parent=4355"}],"wp:term":[{"taxonomy":"product_brand","embeddable":true,"href":"https:\/\/elguacamaya.com.uy\/index.php\/wp-json\/wp\/v2\/product_brand?post=4355"},{"taxonomy":"product_cat","embeddable":true,"href":"https:\/\/elguacamaya.com.uy\/index.php\/wp-json\/wp\/v2\/product_cat?post=4355"},{"taxonomy":"product_tag","embeddable":true,"href":"https:\/\/elguacamaya.com.uy\/index.php\/wp-json\/wp\/v2\/product_tag?post=4355"}],"curies":[{"name":"wp","href":"https:\/\/api.w.org\/{rel}","templated":true}]}}