{"id":4293,"date":"2025-05-08T18:54:08","date_gmt":"2025-05-08T18:54:08","guid":{"rendered":"https:\/\/elguacamaya.com.uy\/?post_type=product&#038;p=4293"},"modified":"2026-04-07T19:16:57","modified_gmt":"2026-04-07T19:16:57","slug":"arroz-mirokumai","status":"publish","type":"product","link":"https:\/\/elguacamaya.com.uy\/index.php\/producto\/arroz-mirokumai\/","title":{"rendered":"Arroz Mirokumai"},"content":{"rendered":"<p>El arroz Mirokumai tiene el sabor, aroma y textura de un producto \u00fanico, producido bajo la supervisi\u00f3n de especialistas japoneses. Cultivado a partir de la semilla akitakomachi en campos de Rocha, Uruguay, (que tiene un clima perfecto para plantar este tipo de grano), Mirokumai se produce con rotaci\u00f3n de tierra y respetando la naturaleza.<\/p>\n<p>El arroz integral tiene que cocinarse durante m\u00e1s tiempo que el blanco y con m\u00e1s cantidad de agua. Recomendamos lavarlo primeramente e incluso ponerlo en remojo unas horas antes, como si fuera una legumbre.<\/p>\n<p>La proporci\u00f3n es de una taza de arroz integral por 3 tazas de agua, y el tiempo de cocci\u00f3n suele ser de entre 30 y 60 minutos.<\/p>\n<p>El arroz integral tiene m\u00e1s contenido de fibra que el arroz blanco lo que contribuye a mejorar la funci\u00f3n intestinal. Adem\u00e1s, se digiere m\u00e1s lentamente, por lo que son ideales en casos de dietas de adelgazamiento.<\/p>\n","protected":false},"excerpt":{"rendered":"<p>Integral<\/p>\n<p>1kg<\/p>\n","protected":false},"featured_media":4294,"template":"","meta":{"site-sidebar-layout":"default","site-content-layout":"default","ast-global-header-display":"","ast-banner-title-visibility":"","ast-main-header-display":"","ast-hfb-above-header-display":"","ast-hfb-below-header-display":"","ast-hfb-mobile-header-display":"","site-post-title":"","ast-breadcrumbs-content":"","ast-featured-img":"","footer-sml-layout":"","theme-transparent-header-meta":"default","adv-header-id-meta":"","stick-header-meta":"","header-above-stick-meta":"","header-main-stick-meta":"","header-below-stick-meta":"","_joinchat":[]},"product_brand":[],"product_cat":[26],"product_tag":[],"class_list":{"0":"post-4293","1":"product","2":"type-product","3":"status-publish","4":"has-post-thumbnail","6":"product_cat-cereales-granos-y-semillas","7":"desktop-align-left","8":"tablet-align-left","9":"mobile-align-left","11":"first","12":"instock","13":"taxable","14":"shipping-taxable","15":"purchasable","16":"product-type-simple"},"_links":{"self":[{"href":"https:\/\/elguacamaya.com.uy\/index.php\/wp-json\/wp\/v2\/product\/4293","targetHints":{"allow":["GET"]}}],"collection":[{"href":"https:\/\/elguacamaya.com.uy\/index.php\/wp-json\/wp\/v2\/product"}],"about":[{"href":"https:\/\/elguacamaya.com.uy\/index.php\/wp-json\/wp\/v2\/types\/product"}],"version-history":[{"count":3,"href":"https:\/\/elguacamaya.com.uy\/index.php\/wp-json\/wp\/v2\/product\/4293\/revisions"}],"predecessor-version":[{"id":4297,"href":"https:\/\/elguacamaya.com.uy\/index.php\/wp-json\/wp\/v2\/product\/4293\/revisions\/4297"}],"wp:featuredmedia":[{"embeddable":true,"href":"https:\/\/elguacamaya.com.uy\/index.php\/wp-json\/wp\/v2\/media\/4294"}],"wp:attachment":[{"href":"https:\/\/elguacamaya.com.uy\/index.php\/wp-json\/wp\/v2\/media?parent=4293"}],"wp:term":[{"taxonomy":"product_brand","embeddable":true,"href":"https:\/\/elguacamaya.com.uy\/index.php\/wp-json\/wp\/v2\/product_brand?post=4293"},{"taxonomy":"product_cat","embeddable":true,"href":"https:\/\/elguacamaya.com.uy\/index.php\/wp-json\/wp\/v2\/product_cat?post=4293"},{"taxonomy":"product_tag","embeddable":true,"href":"https:\/\/elguacamaya.com.uy\/index.php\/wp-json\/wp\/v2\/product_tag?post=4293"}],"curies":[{"name":"wp","href":"https:\/\/api.w.org\/{rel}","templated":true}]}}