{"id":4115,"date":"2025-03-21T19:10:30","date_gmt":"2025-03-21T19:10:30","guid":{"rendered":"https:\/\/elguacamaya.com.uy\/?post_type=product&#038;p=4115"},"modified":"2025-03-21T19:10:30","modified_gmt":"2025-03-21T19:10:30","slug":"salvia","status":"publish","type":"product","link":"https:\/\/elguacamaya.com.uy\/index.php\/producto\/salvia\/","title":{"rendered":"Salvia"},"content":{"rendered":"<h2>Descripci\u00f3n<\/h2>\n<ul>\n<li>Fortalece el sistema inmune, ayudando a eliminar bacterias y sirviendo como antis\u00e9ptico en caso de heridas e infecciones.<\/li>\n<li>Ayuda a calmar la motilidad intestinal y reducir la emisi\u00f3n de excrementos.<\/li>\n<li>Gran cantidad de antioxidantes que dificultan el da\u00f1o por oxidaci\u00f3n de los tejidos, contribuyendo a la cicatrizaci\u00f3n y a la salud cut\u00e1nea.<\/li>\n<li>Hace de su uso \u00fatil para los diab\u00e9ticos a la hora de rebajar su nivel gluc\u00e9mico.<\/li>\n<li>Contribuye a combatir el insomnio, a menudo emple\u00e1ndose junto a la manzanilla, y parece ayudar a rebajar el nivel de ansiedad pese a ser a su vez vigorizante.<\/li>\n<li>Favoreciendo la salud de cabello y siendo de utilidad en algunos tipos de dermatitis y a la hora de mantener desinfectada la piel.<\/li>\n<\/ul>\n","protected":false},"excerpt":{"rendered":"<p>30gr<\/p>\n","protected":false},"featured_media":4116,"template":"","meta":{"site-sidebar-layout":"default","site-content-layout":"default","ast-global-header-display":"","ast-banner-title-visibility":"","ast-main-header-display":"","ast-hfb-above-header-display":"","ast-hfb-below-header-display":"","ast-hfb-mobile-header-display":"","site-post-title":"","ast-breadcrumbs-content":"","ast-featured-img":"","footer-sml-layout":"","theme-transparent-header-meta":"default","adv-header-id-meta":"","stick-header-meta":"","header-above-stick-meta":"","header-main-stick-meta":"","header-below-stick-meta":"","_joinchat":[]},"product_brand":[],"product_cat":[54],"product_tag":[],"class_list":{"0":"post-4115","1":"product","2":"type-product","3":"status-publish","4":"has-post-thumbnail","6":"product_cat-productos-saludables-adu-acelu-y-organicos","7":"desktop-align-left","8":"tablet-align-left","9":"mobile-align-left","11":"first","12":"instock","13":"taxable","14":"shipping-taxable","15":"purchasable","16":"product-type-simple"},"_links":{"self":[{"href":"https:\/\/elguacamaya.com.uy\/index.php\/wp-json\/wp\/v2\/product\/4115","targetHints":{"allow":["GET"]}}],"collection":[{"href":"https:\/\/elguacamaya.com.uy\/index.php\/wp-json\/wp\/v2\/product"}],"about":[{"href":"https:\/\/elguacamaya.com.uy\/index.php\/wp-json\/wp\/v2\/types\/product"}],"version-history":[{"count":1,"href":"https:\/\/elguacamaya.com.uy\/index.php\/wp-json\/wp\/v2\/product\/4115\/revisions"}],"predecessor-version":[{"id":4117,"href":"https:\/\/elguacamaya.com.uy\/index.php\/wp-json\/wp\/v2\/product\/4115\/revisions\/4117"}],"wp:featuredmedia":[{"embeddable":true,"href":"https:\/\/elguacamaya.com.uy\/index.php\/wp-json\/wp\/v2\/media\/4116"}],"wp:attachment":[{"href":"https:\/\/elguacamaya.com.uy\/index.php\/wp-json\/wp\/v2\/media?parent=4115"}],"wp:term":[{"taxonomy":"product_brand","embeddable":true,"href":"https:\/\/elguacamaya.com.uy\/index.php\/wp-json\/wp\/v2\/product_brand?post=4115"},{"taxonomy":"product_cat","embeddable":true,"href":"https:\/\/elguacamaya.com.uy\/index.php\/wp-json\/wp\/v2\/product_cat?post=4115"},{"taxonomy":"product_tag","embeddable":true,"href":"https:\/\/elguacamaya.com.uy\/index.php\/wp-json\/wp\/v2\/product_tag?post=4115"}],"curies":[{"name":"wp","href":"https:\/\/api.w.org\/{rel}","templated":true}]}}