{"id":4003,"date":"2025-03-20T20:23:13","date_gmt":"2025-03-20T20:23:13","guid":{"rendered":"https:\/\/elguacamaya.com.uy\/?post_type=product&#038;p=4003"},"modified":"2025-03-20T20:23:13","modified_gmt":"2025-03-20T20:23:13","slug":"azafran-en-rama","status":"publish","type":"product","link":"https:\/\/elguacamaya.com.uy\/index.php\/producto\/azafran-en-rama\/","title":{"rendered":"Azafran en rama"},"content":{"rendered":"<p>Desde hace tiempo, el azafr\u00e1n es un condimento culinario que se utiliza como especia\u00a0<strong>(colorante y arom\u00e1tico)<\/strong>\u00a0para dar un color amarillento a los alimentos y como remedio natural ante importantes afecciones, ya que, por ejemplo, fortifica el sistema digestivo.<\/p>\n<p>Al utilizar el azafr\u00e1n como especia en la comida aprovechamos muchas de sus ventajas. Sus componentes amargos aumentan las secreciones salivales y g\u00e1stricas y es un excelente remedio eup\u00e9ptico. Adem\u00e1s, ayuda a mantener una buena digesti\u00f3n y a evita los problemas de estre\u00f1imiento.<\/p>\n<p>El componente principal de esta especia es la crocetina, un antioxidante natural que elimina los radicales libres, responsables de causar el envejecimiento de las c\u00e9lulas. Mejora la salud en general y no es preciso consumir demasiada cantidad para aprovechar esta propiedad.<\/p>\n","protected":false},"excerpt":{"rendered":"<p>Desde hace tiempo, el azafr\u00e1n es un condimento culinario que se utiliza como especia\u00a0(colorante y arom\u00e1tico)\u00a0para dar un color amarillento a los alimentos y como remedio natural ante importantes afecciones, ya que, por ejemplo, fortifica el sistema digestivo. Al utilizar el azafr\u00e1n como especia en la comida aprovechamos muchas de sus ventajas. Sus componentes amargos &hellip;<\/p>\n<p class=\"read-more\"> <a class=\"\" href=\"https:\/\/elguacamaya.com.uy\/index.php\/producto\/azafran-en-rama\/\"> <span class=\"screen-reader-text\">Azafran en rama<\/span> Leer m\u00e1s &raquo;<\/a><\/p>\n","protected":false},"featured_media":4004,"template":"","meta":{"site-sidebar-layout":"default","site-content-layout":"default","ast-global-header-display":"","ast-banner-title-visibility":"","ast-main-header-display":"","ast-hfb-above-header-display":"","ast-hfb-below-header-display":"","ast-hfb-mobile-header-display":"","site-post-title":"","ast-breadcrumbs-content":"","ast-featured-img":"","footer-sml-layout":"","theme-transparent-header-meta":"default","adv-header-id-meta":"","stick-header-meta":"","header-above-stick-meta":"","header-main-stick-meta":"","header-below-stick-meta":"","_joinchat":[]},"product_brand":[],"product_cat":[23],"product_tag":[],"class_list":{"0":"post-4003","1":"product","2":"type-product","3":"status-publish","4":"has-post-thumbnail","6":"product_cat-condimentos","7":"desktop-align-left","8":"tablet-align-left","9":"mobile-align-left","11":"first","12":"instock","13":"taxable","14":"shipping-taxable","15":"purchasable","16":"product-type-simple"},"_links":{"self":[{"href":"https:\/\/elguacamaya.com.uy\/index.php\/wp-json\/wp\/v2\/product\/4003","targetHints":{"allow":["GET"]}}],"collection":[{"href":"https:\/\/elguacamaya.com.uy\/index.php\/wp-json\/wp\/v2\/product"}],"about":[{"href":"https:\/\/elguacamaya.com.uy\/index.php\/wp-json\/wp\/v2\/types\/product"}],"version-history":[{"count":1,"href":"https:\/\/elguacamaya.com.uy\/index.php\/wp-json\/wp\/v2\/product\/4003\/revisions"}],"predecessor-version":[{"id":4005,"href":"https:\/\/elguacamaya.com.uy\/index.php\/wp-json\/wp\/v2\/product\/4003\/revisions\/4005"}],"wp:featuredmedia":[{"embeddable":true,"href":"https:\/\/elguacamaya.com.uy\/index.php\/wp-json\/wp\/v2\/media\/4004"}],"wp:attachment":[{"href":"https:\/\/elguacamaya.com.uy\/index.php\/wp-json\/wp\/v2\/media?parent=4003"}],"wp:term":[{"taxonomy":"product_brand","embeddable":true,"href":"https:\/\/elguacamaya.com.uy\/index.php\/wp-json\/wp\/v2\/product_brand?post=4003"},{"taxonomy":"product_cat","embeddable":true,"href":"https:\/\/elguacamaya.com.uy\/index.php\/wp-json\/wp\/v2\/product_cat?post=4003"},{"taxonomy":"product_tag","embeddable":true,"href":"https:\/\/elguacamaya.com.uy\/index.php\/wp-json\/wp\/v2\/product_tag?post=4003"}],"curies":[{"name":"wp","href":"https:\/\/api.w.org\/{rel}","templated":true}]}}