{"id":3937,"date":"2025-02-28T21:10:47","date_gmt":"2025-02-28T21:10:47","guid":{"rendered":"https:\/\/elguacamaya.com.uy\/?post_type=product&#038;p=3937"},"modified":"2025-02-28T21:10:48","modified_gmt":"2025-02-28T21:10:48","slug":"yerba-mate-organica","status":"publish","type":"product","link":"https:\/\/elguacamaya.com.uy\/index.php\/producto\/yerba-mate-organica\/","title":{"rendered":"Yerba mate Org\u00e1nica"},"content":{"rendered":"<p>La Yerba Mate Org\u00e1nica y Nativa de Terra Verde, cultivada en Uruguay, es una joya de la naturaleza cargado de beneficios para tu salud. Rica en antioxidantes naturales, \u00e9sta yerba mate es tu aliada en la lucha contra los radicales libres, manteniendo tus c\u00e9lulas saludables y vibrantes. Disfruta de un impulso de energ\u00eda sostenible sin los t\u00edpicos altibajos asociados a la cafe\u00edna. Adem\u00e1s, su capacidad para mejorar la digesti\u00f3n y fomentar un metabolismo saludable la convierte en una opci\u00f3n ideal para aquellos que buscan equilibrio en su vida diaria.<\/p>\n","protected":false},"excerpt":{"rendered":"<p>1kg<\/p>\n","protected":false},"featured_media":3837,"template":"","meta":{"site-sidebar-layout":"default","site-content-layout":"default","ast-global-header-display":"","ast-banner-title-visibility":"","ast-main-header-display":"","ast-hfb-above-header-display":"","ast-hfb-below-header-display":"","ast-hfb-mobile-header-display":"","site-post-title":"","ast-breadcrumbs-content":"","ast-featured-img":"","footer-sml-layout":"","theme-transparent-header-meta":"default","adv-header-id-meta":"","stick-header-meta":"","header-above-stick-meta":"","header-main-stick-meta":"","header-below-stick-meta":"","_joinchat":[]},"product_brand":[],"product_cat":[54],"product_tag":[],"class_list":{"0":"post-3937","1":"product","2":"type-product","3":"status-publish","4":"has-post-thumbnail","6":"product_cat-productos-saludables-adu-acelu-y-organicos","7":"desktop-align-left","8":"tablet-align-left","9":"mobile-align-left","11":"first","12":"instock","13":"taxable","14":"shipping-taxable","15":"purchasable","16":"product-type-simple"},"_links":{"self":[{"href":"https:\/\/elguacamaya.com.uy\/index.php\/wp-json\/wp\/v2\/product\/3937","targetHints":{"allow":["GET"]}}],"collection":[{"href":"https:\/\/elguacamaya.com.uy\/index.php\/wp-json\/wp\/v2\/product"}],"about":[{"href":"https:\/\/elguacamaya.com.uy\/index.php\/wp-json\/wp\/v2\/types\/product"}],"version-history":[{"count":1,"href":"https:\/\/elguacamaya.com.uy\/index.php\/wp-json\/wp\/v2\/product\/3937\/revisions"}],"predecessor-version":[{"id":3938,"href":"https:\/\/elguacamaya.com.uy\/index.php\/wp-json\/wp\/v2\/product\/3937\/revisions\/3938"}],"wp:featuredmedia":[{"embeddable":true,"href":"https:\/\/elguacamaya.com.uy\/index.php\/wp-json\/wp\/v2\/media\/3837"}],"wp:attachment":[{"href":"https:\/\/elguacamaya.com.uy\/index.php\/wp-json\/wp\/v2\/media?parent=3937"}],"wp:term":[{"taxonomy":"product_brand","embeddable":true,"href":"https:\/\/elguacamaya.com.uy\/index.php\/wp-json\/wp\/v2\/product_brand?post=3937"},{"taxonomy":"product_cat","embeddable":true,"href":"https:\/\/elguacamaya.com.uy\/index.php\/wp-json\/wp\/v2\/product_cat?post=3937"},{"taxonomy":"product_tag","embeddable":true,"href":"https:\/\/elguacamaya.com.uy\/index.php\/wp-json\/wp\/v2\/product_tag?post=3937"}],"curies":[{"name":"wp","href":"https:\/\/api.w.org\/{rel}","templated":true}]}}