{"id":3518,"date":"2025-02-05T21:08:26","date_gmt":"2025-02-05T21:08:26","guid":{"rendered":"https:\/\/elguacamaya.com.uy\/?post_type=product&#038;p=3518"},"modified":"2025-02-05T21:08:26","modified_gmt":"2025-02-05T21:08:26","slug":"diamalta","status":"publish","type":"product","link":"https:\/\/elguacamaya.com.uy\/index.php\/producto\/diamalta\/","title":{"rendered":"Diamalta"},"content":{"rendered":"<p>DIAMALTA es sin\u00f3nimo de extracto de malta, un mejorador natural para panificaci\u00f3n y bizcocher\u00eda. Su utilizaci\u00f3n en las elaboraciones facilita la fermentaci\u00f3n y otorga mejor coloraci\u00f3n y sabor a los productos terminados. Ingrediente fundamental para el Pan Dulce mejora notablemente la textura.<\/p>\n","protected":false},"excerpt":{"rendered":"<p>DIAMALTA es sin\u00f3nimo de extracto de malta, un mejorador natural para panificaci\u00f3n y bizcocher\u00eda. Su utilizaci\u00f3n en las elaboraciones facilita la fermentaci\u00f3n y otorga mejor coloraci\u00f3n y sabor a los productos terminados. Ingrediente fundamental para el Pan Dulce mejora notablemente la textura.<\/p>\n","protected":false},"featured_media":3519,"template":"","meta":{"site-sidebar-layout":"default","site-content-layout":"default","ast-global-header-display":"","ast-banner-title-visibility":"","ast-main-header-display":"","ast-hfb-above-header-display":"","ast-hfb-below-header-display":"","ast-hfb-mobile-header-display":"","site-post-title":"","ast-breadcrumbs-content":"","ast-featured-img":"","footer-sml-layout":"","theme-transparent-header-meta":"default","adv-header-id-meta":"","stick-header-meta":"","header-above-stick-meta":"","header-main-stick-meta":"","header-below-stick-meta":"","_joinchat":[]},"product_brand":[],"product_cat":[27],"product_tag":[],"class_list":{"0":"post-3518","1":"product","2":"type-product","3":"status-publish","4":"has-post-thumbnail","6":"product_cat-productos-de-panaderia","7":"desktop-align-left","8":"tablet-align-left","9":"mobile-align-left","11":"first","12":"instock","13":"taxable","14":"shipping-taxable","15":"purchasable","16":"product-type-variable"},"_links":{"self":[{"href":"https:\/\/elguacamaya.com.uy\/index.php\/wp-json\/wp\/v2\/product\/3518","targetHints":{"allow":["GET"]}}],"collection":[{"href":"https:\/\/elguacamaya.com.uy\/index.php\/wp-json\/wp\/v2\/product"}],"about":[{"href":"https:\/\/elguacamaya.com.uy\/index.php\/wp-json\/wp\/v2\/types\/product"}],"version-history":[{"count":1,"href":"https:\/\/elguacamaya.com.uy\/index.php\/wp-json\/wp\/v2\/product\/3518\/revisions"}],"predecessor-version":[{"id":3522,"href":"https:\/\/elguacamaya.com.uy\/index.php\/wp-json\/wp\/v2\/product\/3518\/revisions\/3522"}],"wp:featuredmedia":[{"embeddable":true,"href":"https:\/\/elguacamaya.com.uy\/index.php\/wp-json\/wp\/v2\/media\/3519"}],"wp:attachment":[{"href":"https:\/\/elguacamaya.com.uy\/index.php\/wp-json\/wp\/v2\/media?parent=3518"}],"wp:term":[{"taxonomy":"product_brand","embeddable":true,"href":"https:\/\/elguacamaya.com.uy\/index.php\/wp-json\/wp\/v2\/product_brand?post=3518"},{"taxonomy":"product_cat","embeddable":true,"href":"https:\/\/elguacamaya.com.uy\/index.php\/wp-json\/wp\/v2\/product_cat?post=3518"},{"taxonomy":"product_tag","embeddable":true,"href":"https:\/\/elguacamaya.com.uy\/index.php\/wp-json\/wp\/v2\/product_tag?post=3518"}],"curies":[{"name":"wp","href":"https:\/\/api.w.org\/{rel}","templated":true}]}}