{"id":3512,"date":"2025-02-05T20:56:04","date_gmt":"2025-02-05T20:56:04","guid":{"rendered":"https:\/\/elguacamaya.com.uy\/?post_type=product&#038;p=3512"},"modified":"2026-02-18T19:34:25","modified_gmt":"2026-02-18T19:34:25","slug":"proteina-de-soja","status":"publish","type":"product","link":"https:\/\/elguacamaya.com.uy\/index.php\/producto\/proteina-de-soja\/","title":{"rendered":"Prote\u00edna de Soja"},"content":{"rendered":"<p>Incluir prote\u00edna de soja a tu dieta podr\u00eda tener algunos beneficios para tu salud, como por ejemplo: Una reducci\u00f3n del colesterol malo (LDL) y un aumento del colesterol bueno (HDL). Algunos estudios asocian el consumo regular de prote\u00edna de soja a una disminuci\u00f3n del riesgo de c\u00e1ncer de mama.<\/p>\n","protected":false},"excerpt":{"rendered":"<p>IMAGEN ILUSTRATIVA<\/p>\n","protected":false},"featured_media":3602,"template":"","meta":{"site-sidebar-layout":"default","site-content-layout":"default","ast-global-header-display":"","ast-banner-title-visibility":"","ast-main-header-display":"","ast-hfb-above-header-display":"","ast-hfb-below-header-display":"","ast-hfb-mobile-header-display":"","site-post-title":"","ast-breadcrumbs-content":"","ast-featured-img":"","footer-sml-layout":"","theme-transparent-header-meta":"default","adv-header-id-meta":"","stick-header-meta":"","header-above-stick-meta":"","header-main-stick-meta":"","header-below-stick-meta":"","_joinchat":[]},"product_brand":[],"product_cat":[48],"product_tag":[],"class_list":{"0":"post-3512","1":"product","2":"type-product","3":"status-publish","4":"has-post-thumbnail","6":"product_cat-harinas","7":"desktop-align-left","8":"tablet-align-left","9":"mobile-align-left","11":"first","12":"instock","13":"taxable","14":"shipping-taxable","15":"purchasable","16":"product-type-variable"},"_links":{"self":[{"href":"https:\/\/elguacamaya.com.uy\/index.php\/wp-json\/wp\/v2\/product\/3512","targetHints":{"allow":["GET"]}}],"collection":[{"href":"https:\/\/elguacamaya.com.uy\/index.php\/wp-json\/wp\/v2\/product"}],"about":[{"href":"https:\/\/elguacamaya.com.uy\/index.php\/wp-json\/wp\/v2\/types\/product"}],"version-history":[{"count":1,"href":"https:\/\/elguacamaya.com.uy\/index.php\/wp-json\/wp\/v2\/product\/3512\/revisions"}],"predecessor-version":[{"id":3517,"href":"https:\/\/elguacamaya.com.uy\/index.php\/wp-json\/wp\/v2\/product\/3512\/revisions\/3517"}],"wp:featuredmedia":[{"embeddable":true,"href":"https:\/\/elguacamaya.com.uy\/index.php\/wp-json\/wp\/v2\/media\/3602"}],"wp:attachment":[{"href":"https:\/\/elguacamaya.com.uy\/index.php\/wp-json\/wp\/v2\/media?parent=3512"}],"wp:term":[{"taxonomy":"product_brand","embeddable":true,"href":"https:\/\/elguacamaya.com.uy\/index.php\/wp-json\/wp\/v2\/product_brand?post=3512"},{"taxonomy":"product_cat","embeddable":true,"href":"https:\/\/elguacamaya.com.uy\/index.php\/wp-json\/wp\/v2\/product_cat?post=3512"},{"taxonomy":"product_tag","embeddable":true,"href":"https:\/\/elguacamaya.com.uy\/index.php\/wp-json\/wp\/v2\/product_tag?post=3512"}],"curies":[{"name":"wp","href":"https:\/\/api.w.org\/{rel}","templated":true}]}}