{"id":3387,"date":"2025-01-31T19:14:37","date_gmt":"2025-01-31T19:14:37","guid":{"rendered":"https:\/\/elguacamaya.com.uy\/?post_type=product&#038;p=3387"},"modified":"2025-11-21T18:31:11","modified_gmt":"2025-11-21T18:31:11","slug":"sal-marina-fina","status":"publish","type":"product","link":"https:\/\/elguacamaya.com.uy\/index.php\/producto\/sal-marina-fina\/","title":{"rendered":"Sal marina fina"},"content":{"rendered":"<p>La sal marina y la sal com\u00fan, tambi\u00e9n conocida como sal de mesa, son ambas cloruro de sodio.<\/p>\n<p>La diferencia entre ambas radica en el proceso de elaboraci\u00f3n y en la cantidad de minerales que contienen.<\/p>\n<div class=\"WaaZC\">\n<div class=\"RJPOee EIJn2\">\n<div class=\"rPeykc uP58nb\" data-hveid=\"CAwQAQ\" data-ved=\"2ahUKEwi5xJT3-p-LAxXFDrkGHRYZH8sQo_EKegQIDBAB\"><strong><span role=\"heading\">Proceso de elaboraci\u00f3n<\/span><\/strong><\/div>\n<\/div>\n<\/div>\n<div class=\"WaaZC\">\n<div class=\"RJPOee EIJn2\">\n<ul>\n<li><span data-huuid=\"17423005345604246234\">La sal marina se obtiene evaporando el agua del mar o de lagos salados. <\/span><\/li>\n<li><span data-huuid=\"17423005345604243592\">La sal com\u00fan se extrae de dep\u00f3sitos de sal y se procesa para obtener una textura fina.<\/span><\/li>\n<\/ul>\n<p><strong>Cantidad de minerales<\/strong><\/p>\n<ul data-hveid=\"CB8QAQ\" data-ved=\"2ahUKEwi5xJT3-p-LAxXFDrkGHRYZH8sQm_YKegQIHxAB\">\n<li><span data-huuid=\"17592974463570257343\">La sal marina es menos procesada y conserva minerales como el magnesio, el potasio y el calcio.<\/span><\/li>\n<li><span data-huuid=\"17592974463570257997\">La sal com\u00fan se procesa para eliminar minerales y se pueden agregar aditivos para evitar que se aglomere.<\/span><\/li>\n<\/ul>\n<\/div>\n<p><strong>Uso<\/strong><\/p>\n<ul>\n<li>La sal marina se puede usar para terminar los platos.<\/li>\n<li>La sal com\u00fan se puede usar para sazonar mientras se cocina.<\/li>\n<li>La sal marina y la sal com\u00fan tienen cantidades comparables de sodio en peso<\/li>\n<\/ul>\n<\/div>\n","protected":false},"excerpt":{"rendered":"<p>La sal marina y la sal com\u00fan, tambi\u00e9n conocida como sal de mesa, son ambas cloruro de sodio. La diferencia entre ambas radica en el proceso de elaboraci\u00f3n y en la cantidad de minerales que contienen. Proceso de elaboraci\u00f3n La sal marina se obtiene evaporando el agua del mar o de lagos salados. La sal &hellip;<\/p>\n<p class=\"read-more\"> <a class=\"\" href=\"https:\/\/elguacamaya.com.uy\/index.php\/producto\/sal-marina-fina\/\"> <span class=\"screen-reader-text\">Sal marina fina<\/span> Leer m\u00e1s &raquo;<\/a><\/p>\n","protected":false},"featured_media":3388,"template":"","meta":{"site-sidebar-layout":"default","site-content-layout":"default","ast-global-header-display":"","ast-banner-title-visibility":"","ast-main-header-display":"","ast-hfb-above-header-display":"","ast-hfb-below-header-display":"","ast-hfb-mobile-header-display":"","site-post-title":"","ast-breadcrumbs-content":"","ast-featured-img":"","footer-sml-layout":"","theme-transparent-header-meta":"default","adv-header-id-meta":"","stick-header-meta":"","header-above-stick-meta":"","header-main-stick-meta":"","header-below-stick-meta":"","_joinchat":[]},"product_brand":[],"product_cat":[27],"product_tag":[],"class_list":{"0":"post-3387","1":"product","2":"type-product","3":"status-publish","4":"has-post-thumbnail","6":"product_cat-productos-de-panaderia","7":"desktop-align-left","8":"tablet-align-left","9":"mobile-align-left","11":"first","12":"instock","13":"taxable","14":"shipping-taxable","15":"purchasable","16":"product-type-variable"},"_links":{"self":[{"href":"https:\/\/elguacamaya.com.uy\/index.php\/wp-json\/wp\/v2\/product\/3387","targetHints":{"allow":["GET"]}}],"collection":[{"href":"https:\/\/elguacamaya.com.uy\/index.php\/wp-json\/wp\/v2\/product"}],"about":[{"href":"https:\/\/elguacamaya.com.uy\/index.php\/wp-json\/wp\/v2\/types\/product"}],"version-history":[{"count":1,"href":"https:\/\/elguacamaya.com.uy\/index.php\/wp-json\/wp\/v2\/product\/3387\/revisions"}],"predecessor-version":[{"id":3392,"href":"https:\/\/elguacamaya.com.uy\/index.php\/wp-json\/wp\/v2\/product\/3387\/revisions\/3392"}],"wp:featuredmedia":[{"embeddable":true,"href":"https:\/\/elguacamaya.com.uy\/index.php\/wp-json\/wp\/v2\/media\/3388"}],"wp:attachment":[{"href":"https:\/\/elguacamaya.com.uy\/index.php\/wp-json\/wp\/v2\/media?parent=3387"}],"wp:term":[{"taxonomy":"product_brand","embeddable":true,"href":"https:\/\/elguacamaya.com.uy\/index.php\/wp-json\/wp\/v2\/product_brand?post=3387"},{"taxonomy":"product_cat","embeddable":true,"href":"https:\/\/elguacamaya.com.uy\/index.php\/wp-json\/wp\/v2\/product_cat?post=3387"},{"taxonomy":"product_tag","embeddable":true,"href":"https:\/\/elguacamaya.com.uy\/index.php\/wp-json\/wp\/v2\/product_tag?post=3387"}],"curies":[{"name":"wp","href":"https:\/\/api.w.org\/{rel}","templated":true}]}}