{"id":3373,"date":"2025-01-30T20:48:59","date_gmt":"2025-01-30T20:48:59","guid":{"rendered":"https:\/\/elguacamaya.com.uy\/?post_type=product&#038;p=3373"},"modified":"2025-04-11T13:21:15","modified_gmt":"2025-04-11T13:21:15","slug":"miel-2","status":"publish","type":"product","link":"https:\/\/elguacamaya.com.uy\/index.php\/producto\/miel-2\/","title":{"rendered":"Miel"},"content":{"rendered":"<p>La Miel cruda y sin filtrar conserva trazas de polen, cera y prop\u00f3leos , componentes que se pierden en el ultra filtrado. El polen presente en la Miel cruda es considerado un s\u00faper alimento, ya que es una fuente rica en prote\u00ednas, vitaminas, minerales y antioxidantes, que pueden ayudar a fortalecer el sistema inmunitario y proteger contra enfermedades. La cera de abeja presente aporta \u00e1cidos grasos beneficiosos para la salud cardiovascular y contiene propiedades antiinflamatorias y antibacterianas. Por su parte, el prop\u00f3leo es conocido por sus propiedades antibacterianas, antivirales y antiinflamatorias, que pueden ser beneficiosas para el sistema inmunol\u00f3gico y la salud general. Consumir Miel cruda y sin filtrar no solo es una delicia natural, sino que tambi\u00e9n puede aportar una variedad de nutrientes y beneficios para la salud.<\/p>\n<p>Al endulzar bebidas muy calientes con miel, se corre el riesgo de perder nutrientes beneficiosos. Las altas temperaturas pueden destruir enzimas, levaduras y probi\u00f3ticos vivos presentes en la miel cruda, reduciendo as\u00ed sus propiedades saludables. Las enzimas son prote\u00ednas que ayudan en la digesti\u00f3n y absorci\u00f3n de nutrientes, mientras que las levaduras y probi\u00f3ticos vivos son microorganismos beneficiosos para la salud intestinal. Al exponer la Miel a altas temperaturas, \u00e9stos elementos se degradan, disminuyendo sus beneficios nutricionales. Por lo tanto, es recomendable agregar la Miel cruda a bebidas tibias o fr\u00edas para preservar sus nutrientes y disfrutar al m\u00e1ximo de sus propiedades.<\/p>\n","protected":false},"excerpt":{"rendered":"<p>Alas de Abejas<\/p>\n","protected":false},"featured_media":3609,"template":"","meta":{"site-sidebar-layout":"default","site-content-layout":"default","ast-global-header-display":"","ast-banner-title-visibility":"","ast-main-header-display":"","ast-hfb-above-header-display":"","ast-hfb-below-header-display":"","ast-hfb-mobile-header-display":"","site-post-title":"","ast-breadcrumbs-content":"","ast-featured-img":"","footer-sml-layout":"","theme-transparent-header-meta":"default","adv-header-id-meta":"","stick-header-meta":"","header-above-stick-meta":"","header-main-stick-meta":"","header-below-stick-meta":"","_joinchat":[]},"product_brand":[],"product_cat":[54],"product_tag":[],"class_list":{"0":"post-3373","1":"product","2":"type-product","3":"status-publish","4":"has-post-thumbnail","6":"product_cat-productos-saludables-adu-acelu-y-organicos","7":"desktop-align-left","8":"tablet-align-left","9":"mobile-align-left","11":"first","12":"instock","13":"taxable","14":"shipping-taxable","15":"purchasable","16":"product-type-variable"},"_links":{"self":[{"href":"https:\/\/elguacamaya.com.uy\/index.php\/wp-json\/wp\/v2\/product\/3373","targetHints":{"allow":["GET"]}}],"collection":[{"href":"https:\/\/elguacamaya.com.uy\/index.php\/wp-json\/wp\/v2\/product"}],"about":[{"href":"https:\/\/elguacamaya.com.uy\/index.php\/wp-json\/wp\/v2\/types\/product"}],"version-history":[{"count":1,"href":"https:\/\/elguacamaya.com.uy\/index.php\/wp-json\/wp\/v2\/product\/3373\/revisions"}],"predecessor-version":[{"id":3377,"href":"https:\/\/elguacamaya.com.uy\/index.php\/wp-json\/wp\/v2\/product\/3373\/revisions\/3377"}],"wp:featuredmedia":[{"embeddable":true,"href":"https:\/\/elguacamaya.com.uy\/index.php\/wp-json\/wp\/v2\/media\/3609"}],"wp:attachment":[{"href":"https:\/\/elguacamaya.com.uy\/index.php\/wp-json\/wp\/v2\/media?parent=3373"}],"wp:term":[{"taxonomy":"product_brand","embeddable":true,"href":"https:\/\/elguacamaya.com.uy\/index.php\/wp-json\/wp\/v2\/product_brand?post=3373"},{"taxonomy":"product_cat","embeddable":true,"href":"https:\/\/elguacamaya.com.uy\/index.php\/wp-json\/wp\/v2\/product_cat?post=3373"},{"taxonomy":"product_tag","embeddable":true,"href":"https:\/\/elguacamaya.com.uy\/index.php\/wp-json\/wp\/v2\/product_tag?post=3373"}],"curies":[{"name":"wp","href":"https:\/\/api.w.org\/{rel}","templated":true}]}}