{"id":3345,"date":"2025-01-30T19:20:24","date_gmt":"2025-01-30T19:20:24","guid":{"rendered":"https:\/\/elguacamaya.com.uy\/?post_type=product&#038;p=3345"},"modified":"2025-06-30T19:10:24","modified_gmt":"2025-06-30T19:10:24","slug":"cebada","status":"publish","type":"product","link":"https:\/\/elguacamaya.com.uy\/index.php\/producto\/cebada\/","title":{"rendered":"Cebada Cucharita"},"content":{"rendered":"<p>Se considera una fuente de energ\u00eda natural y muy necesaria para la salud humana por la cantidad de vitaminas esenciales y la fibra que contiene.<\/p>\n<p>La cebada es un alimento muy vers\u00e1til, que se emplea en muchos otros platos como guisos, sopas, pastas, salteados de verduras, ensaladas, bebida vegetal de cebada y otros platos.<\/p>\n<p>Contiene un gran valor nutricional, destacando las vitaminas del grupo B y la vitamina E, as\u00ed como los minerales tales como el potasio, magnesio y f\u00f3sforo. Es rico en oligoelementos como hierro, azufre, manganeso y yodo, destacando el aporte de zinc, selenio, y una menci\u00f3n especial a la lisina, un amino\u00e1cido esencial. Igualmente, es una fuente de prote\u00ednas de buena calidad, que combinadas con leguminosas son equiparables a las prote\u00ednas de la carne.<\/p>\n","protected":false},"excerpt":{"rendered":"<p>Sin az\u00facar<\/p>\n","protected":false},"featured_media":3348,"template":"","meta":{"site-sidebar-layout":"default","site-content-layout":"default","ast-global-header-display":"","ast-banner-title-visibility":"","ast-main-header-display":"","ast-hfb-above-header-display":"","ast-hfb-below-header-display":"","ast-hfb-mobile-header-display":"","site-post-title":"","ast-breadcrumbs-content":"","ast-featured-img":"","footer-sml-layout":"","theme-transparent-header-meta":"default","adv-header-id-meta":"","stick-header-meta":"","header-above-stick-meta":"","header-main-stick-meta":"","header-below-stick-meta":"","_joinchat":[]},"product_brand":[],"product_cat":[48],"product_tag":[],"class_list":{"0":"post-3345","1":"product","2":"type-product","3":"status-publish","4":"has-post-thumbnail","6":"product_cat-harinas","7":"desktop-align-left","8":"tablet-align-left","9":"mobile-align-left","11":"first","12":"instock","13":"taxable","14":"shipping-taxable","15":"purchasable","16":"product-type-variable"},"_links":{"self":[{"href":"https:\/\/elguacamaya.com.uy\/index.php\/wp-json\/wp\/v2\/product\/3345","targetHints":{"allow":["GET"]}}],"collection":[{"href":"https:\/\/elguacamaya.com.uy\/index.php\/wp-json\/wp\/v2\/product"}],"about":[{"href":"https:\/\/elguacamaya.com.uy\/index.php\/wp-json\/wp\/v2\/types\/product"}],"version-history":[{"count":3,"href":"https:\/\/elguacamaya.com.uy\/index.php\/wp-json\/wp\/v2\/product\/3345\/revisions"}],"predecessor-version":[{"id":3946,"href":"https:\/\/elguacamaya.com.uy\/index.php\/wp-json\/wp\/v2\/product\/3345\/revisions\/3946"}],"wp:featuredmedia":[{"embeddable":true,"href":"https:\/\/elguacamaya.com.uy\/index.php\/wp-json\/wp\/v2\/media\/3348"}],"wp:attachment":[{"href":"https:\/\/elguacamaya.com.uy\/index.php\/wp-json\/wp\/v2\/media?parent=3345"}],"wp:term":[{"taxonomy":"product_brand","embeddable":true,"href":"https:\/\/elguacamaya.com.uy\/index.php\/wp-json\/wp\/v2\/product_brand?post=3345"},{"taxonomy":"product_cat","embeddable":true,"href":"https:\/\/elguacamaya.com.uy\/index.php\/wp-json\/wp\/v2\/product_cat?post=3345"},{"taxonomy":"product_tag","embeddable":true,"href":"https:\/\/elguacamaya.com.uy\/index.php\/wp-json\/wp\/v2\/product_tag?post=3345"}],"curies":[{"name":"wp","href":"https:\/\/api.w.org\/{rel}","templated":true}]}}