{"id":3267,"date":"2025-01-29T14:14:49","date_gmt":"2025-01-29T14:14:49","guid":{"rendered":"https:\/\/elguacamaya.com.uy\/?post_type=product&#038;p=3267"},"modified":"2025-02-18T18:58:16","modified_gmt":"2025-02-18T18:58:16","slug":"porotos-mung","status":"publish","type":"product","link":"https:\/\/elguacamaya.com.uy\/index.php\/producto\/porotos-mung\/","title":{"rendered":"Porotos mung"},"content":{"rendered":"<p><strong>Porotos mung: excepcionalmente suaves y con dejo a nuez<\/strong><br \/>\nLos porotos mung, tambi\u00e9n conocidos como porotos moong o green grams o golden grams, son porotos verdes de forma redonda, de color amarillo claro en su interior. Tienen un sabor ligeramente dulce y a nuez y se utilizan tradicionalmente en platos asi\u00e1ticos dulces y salados. Originario de la India, el poroto mung se cultiv\u00f3 durante miles de a\u00f1os. Actualmente se cultiva principalmente en India, China, el sudeste asi\u00e1tico y Am\u00e9rica del Sur. El poroto mung es una excelente fuente de fibra, prote\u00edna vegetal, carbohidratos y hierro, y contiene muchas vitaminas y minerales. El poderoso poroto mung es un complemento ideal para una dieta equilibrada y saludable.<\/p>\n<p>Los porotos mung, que se encuentran tradicionalmente en las cocinas de Asia oriental e India, se cocinan en poco tiempo y son f\u00e1ciles de digerir. Los porotos mung son ideales para cocinar con verduras u otros cereales, guisos o sopas, o como relleno para pasteles y alb\u00f3ndigas; incluso se pueden encontrar en postres. Tambi\u00e9n se pueden moler para obtener harina de poroto mung o una pasta sabrosa, que, por ejemplo, se utiliza en la fabricaci\u00f3n de los \u00abfideos de cristal\u00bb asi\u00e1ticos. Los brotes de poroto mung tambi\u00e9n son un complemento delicioso para ensaladas o s\u00e1ndwiches o platos tradicionales cocinados al estilo wok.<\/p>\n","protected":false},"excerpt":{"rendered":"<p>500gr<\/p>\n","protected":false},"featured_media":3623,"template":"","meta":{"site-sidebar-layout":"default","site-content-layout":"default","ast-global-header-display":"","ast-banner-title-visibility":"","ast-main-header-display":"","ast-hfb-above-header-display":"","ast-hfb-below-header-display":"","ast-hfb-mobile-header-display":"","site-post-title":"","ast-breadcrumbs-content":"","ast-featured-img":"","footer-sml-layout":"","theme-transparent-header-meta":"default","adv-header-id-meta":"","stick-header-meta":"","header-above-stick-meta":"","header-main-stick-meta":"","header-below-stick-meta":"","_joinchat":[]},"product_brand":[],"product_cat":[26],"product_tag":[],"class_list":{"0":"post-3267","1":"product","2":"type-product","3":"status-publish","4":"has-post-thumbnail","6":"product_cat-cereales-granos-y-semillas","7":"desktop-align-left","8":"tablet-align-left","9":"mobile-align-left","11":"first","12":"instock","13":"taxable","14":"shipping-taxable","15":"purchasable","16":"product-type-simple"},"_links":{"self":[{"href":"https:\/\/elguacamaya.com.uy\/index.php\/wp-json\/wp\/v2\/product\/3267","targetHints":{"allow":["GET"]}}],"collection":[{"href":"https:\/\/elguacamaya.com.uy\/index.php\/wp-json\/wp\/v2\/product"}],"about":[{"href":"https:\/\/elguacamaya.com.uy\/index.php\/wp-json\/wp\/v2\/types\/product"}],"version-history":[{"count":1,"href":"https:\/\/elguacamaya.com.uy\/index.php\/wp-json\/wp\/v2\/product\/3267\/revisions"}],"predecessor-version":[{"id":3269,"href":"https:\/\/elguacamaya.com.uy\/index.php\/wp-json\/wp\/v2\/product\/3267\/revisions\/3269"}],"wp:featuredmedia":[{"embeddable":true,"href":"https:\/\/elguacamaya.com.uy\/index.php\/wp-json\/wp\/v2\/media\/3623"}],"wp:attachment":[{"href":"https:\/\/elguacamaya.com.uy\/index.php\/wp-json\/wp\/v2\/media?parent=3267"}],"wp:term":[{"taxonomy":"product_brand","embeddable":true,"href":"https:\/\/elguacamaya.com.uy\/index.php\/wp-json\/wp\/v2\/product_brand?post=3267"},{"taxonomy":"product_cat","embeddable":true,"href":"https:\/\/elguacamaya.com.uy\/index.php\/wp-json\/wp\/v2\/product_cat?post=3267"},{"taxonomy":"product_tag","embeddable":true,"href":"https:\/\/elguacamaya.com.uy\/index.php\/wp-json\/wp\/v2\/product_tag?post=3267"}],"curies":[{"name":"wp","href":"https:\/\/api.w.org\/{rel}","templated":true}]}}