{"id":3257,"date":"2025-01-29T13:53:55","date_gmt":"2025-01-29T13:53:55","guid":{"rendered":"https:\/\/elguacamaya.com.uy\/?post_type=product&#038;p=3257"},"modified":"2025-05-05T00:17:03","modified_gmt":"2025-05-05T00:17:03","slug":"arvejas-secas","status":"publish","type":"product","link":"https:\/\/elguacamaya.com.uy\/index.php\/producto\/arvejas-secas\/","title":{"rendered":"Arvejas secas"},"content":{"rendered":"<p><strong>Arvejas secas: una fuente inagotable de nutrientes<\/strong><br \/>\nElija arvejas secas para una dieta sana y equilibrada. \u00bfPor qu\u00e9? Porque el alto nivel de prote\u00edna, fibra y almid\u00f3n contenido en algo tan peque\u00f1o es dif\u00edcil de superar. Las arvejas secas, son una fuente natural de \u00e1cido f\u00f3lico y zinc, tienen poca grasa y no tienen colesterol, lo que las hace adecuadas para casi cualquier dieta.\u00a0 Las arvejas amarillas y las arvejas verdes son las variedades m\u00e1s com\u00fanmente disponibles de arvejas secas. Las arvejas verdes tienen un sabor ligeramente m\u00e1s fuerte que las arvejas amarillas, que tienen un sabor un poco m\u00e1s suave y dulce.<\/p>\n","protected":false},"excerpt":{"rendered":"<p>400gr<\/p>\n","protected":false},"featured_media":3625,"template":"","meta":{"site-sidebar-layout":"default","site-content-layout":"default","ast-global-header-display":"","ast-banner-title-visibility":"","ast-main-header-display":"","ast-hfb-above-header-display":"","ast-hfb-below-header-display":"","ast-hfb-mobile-header-display":"","site-post-title":"","ast-breadcrumbs-content":"","ast-featured-img":"","footer-sml-layout":"","theme-transparent-header-meta":"default","adv-header-id-meta":"","stick-header-meta":"","header-above-stick-meta":"","header-main-stick-meta":"","header-below-stick-meta":"","_joinchat":[]},"product_brand":[],"product_cat":[26],"product_tag":[],"class_list":{"0":"post-3257","1":"product","2":"type-product","3":"status-publish","4":"has-post-thumbnail","6":"product_cat-cereales-granos-y-semillas","7":"desktop-align-left","8":"tablet-align-left","9":"mobile-align-left","11":"first","12":"outofstock","13":"taxable","14":"shipping-taxable","15":"purchasable","16":"product-type-simple"},"_links":{"self":[{"href":"https:\/\/elguacamaya.com.uy\/index.php\/wp-json\/wp\/v2\/product\/3257","targetHints":{"allow":["GET"]}}],"collection":[{"href":"https:\/\/elguacamaya.com.uy\/index.php\/wp-json\/wp\/v2\/product"}],"about":[{"href":"https:\/\/elguacamaya.com.uy\/index.php\/wp-json\/wp\/v2\/types\/product"}],"version-history":[{"count":1,"href":"https:\/\/elguacamaya.com.uy\/index.php\/wp-json\/wp\/v2\/product\/3257\/revisions"}],"predecessor-version":[{"id":3259,"href":"https:\/\/elguacamaya.com.uy\/index.php\/wp-json\/wp\/v2\/product\/3257\/revisions\/3259"}],"wp:featuredmedia":[{"embeddable":true,"href":"https:\/\/elguacamaya.com.uy\/index.php\/wp-json\/wp\/v2\/media\/3625"}],"wp:attachment":[{"href":"https:\/\/elguacamaya.com.uy\/index.php\/wp-json\/wp\/v2\/media?parent=3257"}],"wp:term":[{"taxonomy":"product_brand","embeddable":true,"href":"https:\/\/elguacamaya.com.uy\/index.php\/wp-json\/wp\/v2\/product_brand?post=3257"},{"taxonomy":"product_cat","embeddable":true,"href":"https:\/\/elguacamaya.com.uy\/index.php\/wp-json\/wp\/v2\/product_cat?post=3257"},{"taxonomy":"product_tag","embeddable":true,"href":"https:\/\/elguacamaya.com.uy\/index.php\/wp-json\/wp\/v2\/product_tag?post=3257"}],"curies":[{"name":"wp","href":"https:\/\/api.w.org\/{rel}","templated":true}]}}