{"id":3212,"date":"2025-01-28T20:10:23","date_gmt":"2025-01-28T20:10:23","guid":{"rendered":"https:\/\/elguacamaya.com.uy\/?post_type=product&#038;p=3212"},"modified":"2025-02-18T19:18:26","modified_gmt":"2025-02-18T19:18:26","slug":"salvado-de-trigo","status":"publish","type":"product","link":"https:\/\/elguacamaya.com.uy\/index.php\/producto\/salvado-de-trigo\/","title":{"rendered":"Salvado de trigo"},"content":{"rendered":"<p>Una buena salud digestiva contribuye significativamente a mejorar la calidad de vida. En este sentido, es excelente mencionar el salvado de trigo, sus propiedades y beneficios para promover un sistema digestivo saludable.<\/p>\n<p>El salvado de trigo es la parte externa del cereal, su cubierta. Se obtiene de moler los granos de trigo, y es la cascarilla que lo recubre. Esta cascarilla est\u00e1 compuesta por cinco capas. Desde la m\u00e1s externa, llamada cut\u00edcula, hasta la \u00faltima, llamada aleurona. Es el 15% del peso total del cereal.<\/p>\n<p>Es una importante fuente de fibra insoluble que ayuda principalmente a mejorar la funci\u00f3n intestinal al reducir el tiempo de tr\u00e1nsito y aumentar el volumen de las heces, facilitando su expulsi\u00f3n. Adem\u00e1s, contiene celulosa, prote\u00ednas, minerales, grasas y agua.<\/p>\n","protected":false},"excerpt":{"rendered":"<p>Una buena salud digestiva contribuye significativamente a mejorar la calidad de vida. En este sentido, es excelente mencionar el salvado de trigo, sus propiedades y beneficios para promover un sistema digestivo saludable. El salvado de trigo es la parte externa del cereal, su cubierta. Se obtiene de moler los granos de trigo, y es la &hellip;<\/p>\n<p class=\"read-more\"> <a class=\"\" href=\"https:\/\/elguacamaya.com.uy\/index.php\/producto\/salvado-de-trigo\/\"> <span class=\"screen-reader-text\">Salvado de trigo<\/span> Leer m\u00e1s &raquo;<\/a><\/p>\n","protected":false},"featured_media":3635,"template":"","meta":{"site-sidebar-layout":"default","site-content-layout":"default","ast-global-header-display":"","ast-banner-title-visibility":"","ast-main-header-display":"","ast-hfb-above-header-display":"","ast-hfb-below-header-display":"","ast-hfb-mobile-header-display":"","site-post-title":"","ast-breadcrumbs-content":"","ast-featured-img":"","footer-sml-layout":"","theme-transparent-header-meta":"default","adv-header-id-meta":"","stick-header-meta":"","header-above-stick-meta":"","header-main-stick-meta":"","header-below-stick-meta":"","_joinchat":[]},"product_brand":[],"product_cat":[48],"product_tag":[],"class_list":{"0":"post-3212","1":"product","2":"type-product","3":"status-publish","4":"has-post-thumbnail","6":"product_cat-harinas","7":"desktop-align-left","8":"tablet-align-left","9":"mobile-align-left","11":"first","12":"instock","13":"taxable","14":"shipping-taxable","15":"purchasable","16":"product-type-variable"},"_links":{"self":[{"href":"https:\/\/elguacamaya.com.uy\/index.php\/wp-json\/wp\/v2\/product\/3212","targetHints":{"allow":["GET"]}}],"collection":[{"href":"https:\/\/elguacamaya.com.uy\/index.php\/wp-json\/wp\/v2\/product"}],"about":[{"href":"https:\/\/elguacamaya.com.uy\/index.php\/wp-json\/wp\/v2\/types\/product"}],"version-history":[{"count":1,"href":"https:\/\/elguacamaya.com.uy\/index.php\/wp-json\/wp\/v2\/product\/3212\/revisions"}],"predecessor-version":[{"id":3216,"href":"https:\/\/elguacamaya.com.uy\/index.php\/wp-json\/wp\/v2\/product\/3212\/revisions\/3216"}],"wp:featuredmedia":[{"embeddable":true,"href":"https:\/\/elguacamaya.com.uy\/index.php\/wp-json\/wp\/v2\/media\/3635"}],"wp:attachment":[{"href":"https:\/\/elguacamaya.com.uy\/index.php\/wp-json\/wp\/v2\/media?parent=3212"}],"wp:term":[{"taxonomy":"product_brand","embeddable":true,"href":"https:\/\/elguacamaya.com.uy\/index.php\/wp-json\/wp\/v2\/product_brand?post=3212"},{"taxonomy":"product_cat","embeddable":true,"href":"https:\/\/elguacamaya.com.uy\/index.php\/wp-json\/wp\/v2\/product_cat?post=3212"},{"taxonomy":"product_tag","embeddable":true,"href":"https:\/\/elguacamaya.com.uy\/index.php\/wp-json\/wp\/v2\/product_tag?post=3212"}],"curies":[{"name":"wp","href":"https:\/\/api.w.org\/{rel}","templated":true}]}}