{"id":3189,"date":"2025-01-28T13:24:19","date_gmt":"2025-01-28T13:24:19","guid":{"rendered":"https:\/\/elguacamaya.com.uy\/?post_type=product&#038;p=3189"},"modified":"2025-09-01T18:55:41","modified_gmt":"2025-09-01T18:55:41","slug":"trigo-burgul","status":"publish","type":"product","link":"https:\/\/elguacamaya.com.uy\/index.php\/producto\/trigo-burgul\/","title":{"rendered":"Trigo burgol"},"content":{"rendered":"<p><strong>Propiedades y beneficios<\/strong><\/p>\n<p>Al ser un derivado del trigo, el bulgur es una buena fuente de carbohidratos y proporciona gran cantidad de energ\u00eda. Otra de sus principales caracter\u00edsticas es que tiene un \u00edndice gluc\u00e9mico bajo y ralentiza la absorci\u00f3n de az\u00facar en sangre. Adem\u00e1s, como ya hemos comentado es rico en fibra y prote\u00ednas y bajo en grasas. Por lo que si quieres controlar el peso, lo puedes utilizar en tus recetas del d\u00eda a d\u00eda.<\/p>\n","protected":false},"excerpt":{"rendered":"<p>250gr<\/p>\n","protected":false},"featured_media":3638,"template":"","meta":{"site-sidebar-layout":"default","site-content-layout":"default","ast-global-header-display":"","ast-banner-title-visibility":"","ast-main-header-display":"","ast-hfb-above-header-display":"","ast-hfb-below-header-display":"","ast-hfb-mobile-header-display":"","site-post-title":"","ast-breadcrumbs-content":"","ast-featured-img":"","footer-sml-layout":"","theme-transparent-header-meta":"default","adv-header-id-meta":"","stick-header-meta":"","header-above-stick-meta":"","header-main-stick-meta":"","header-below-stick-meta":"","_joinchat":[]},"product_brand":[],"product_cat":[48],"product_tag":[],"class_list":{"0":"post-3189","1":"product","2":"type-product","3":"status-publish","4":"has-post-thumbnail","6":"product_cat-harinas","7":"desktop-align-left","8":"tablet-align-left","9":"mobile-align-left","11":"first","12":"instock","13":"taxable","14":"shipping-taxable","15":"purchasable","16":"product-type-simple"},"_links":{"self":[{"href":"https:\/\/elguacamaya.com.uy\/index.php\/wp-json\/wp\/v2\/product\/3189","targetHints":{"allow":["GET"]}}],"collection":[{"href":"https:\/\/elguacamaya.com.uy\/index.php\/wp-json\/wp\/v2\/product"}],"about":[{"href":"https:\/\/elguacamaya.com.uy\/index.php\/wp-json\/wp\/v2\/types\/product"}],"version-history":[{"count":2,"href":"https:\/\/elguacamaya.com.uy\/index.php\/wp-json\/wp\/v2\/product\/3189\/revisions"}],"predecessor-version":[{"id":3193,"href":"https:\/\/elguacamaya.com.uy\/index.php\/wp-json\/wp\/v2\/product\/3189\/revisions\/3193"}],"wp:featuredmedia":[{"embeddable":true,"href":"https:\/\/elguacamaya.com.uy\/index.php\/wp-json\/wp\/v2\/media\/3638"}],"wp:attachment":[{"href":"https:\/\/elguacamaya.com.uy\/index.php\/wp-json\/wp\/v2\/media?parent=3189"}],"wp:term":[{"taxonomy":"product_brand","embeddable":true,"href":"https:\/\/elguacamaya.com.uy\/index.php\/wp-json\/wp\/v2\/product_brand?post=3189"},{"taxonomy":"product_cat","embeddable":true,"href":"https:\/\/elguacamaya.com.uy\/index.php\/wp-json\/wp\/v2\/product_cat?post=3189"},{"taxonomy":"product_tag","embeddable":true,"href":"https:\/\/elguacamaya.com.uy\/index.php\/wp-json\/wp\/v2\/product_tag?post=3189"}],"curies":[{"name":"wp","href":"https:\/\/api.w.org\/{rel}","templated":true}]}}