{"id":3172,"date":"2025-01-28T12:47:08","date_gmt":"2025-01-28T12:47:08","guid":{"rendered":"https:\/\/elguacamaya.com.uy\/?post_type=product&#038;p=3172"},"modified":"2026-03-02T21:57:05","modified_gmt":"2026-03-02T21:57:05","slug":"semillas-de-zapallo","status":"publish","type":"product","link":"https:\/\/elguacamaya.com.uy\/index.php\/producto\/semillas-de-zapallo\/","title":{"rendered":"Semillas de zapallo"},"content":{"rendered":"<p>Las semillas de zapallo son un alimento peque\u00f1o y de forma plana que suele ser descartado, pero tiene diversos beneficios para la salud. Adem\u00e1s de ser una rica fuente de nutrientes esenciales, como magnesio, zinc, fibra y \u00e1cidos grasos omega-3 y omega-6, se indic\u00f3 que el consumo regular de estas semillas puede tener un impacto positivo en la salud del coraz\u00f3n y del sistema circulatorio.<\/p>\n<p>El consumo regular de semillas de zapallo se ha asociado con varios beneficios para la salud cardiovascular. Estos son algunos de los efectos positivos que las semillas de zapallo pueden tener en el coraz\u00f3n y el sistema circulatorio:<\/p>\n<p><strong>Reducci\u00f3n del colesterol<\/strong><br \/>\nLas semillas de zapallo pueden ayudar a reducir los niveles de colesterol LDL, tambi\u00e9n conocido como \u00abcolesterol malo\u00bb. Esto se debe a su contenido de fibra y fitoesteroles, compuestos vegetales que ayudan a bloquear la absorci\u00f3n del colesterol en el intestino, seg\u00fan indicaron estudios de 2010 y 2016. Al reducir los niveles del LDL, las semillas de zapallo pueden ayudar a prevenir la acumulaci\u00f3n de placa en las arterias y reducir el riesgo de enfermedad card\u00edaca.<\/p>\n<p><strong>Control de la presi\u00f3n arterial<\/strong><br \/>\nLas semillas de esta verdura desempe\u00f1an un papel en la regulaci\u00f3n de la presi\u00f3n arterial debido a la presencia de magnesio y omega-3. Se ha demostrado que el mineral y los \u00e1cidos grasos regulan la presi\u00f3n sangu\u00ednea.<\/p>\n<p><strong>Protecci\u00f3n contra la oxidaci\u00f3n<\/strong><br \/>\nLas semillas de zapallo son ricas en antioxidantes, como la vitamina E y el zinc, que ayudan a proteger las c\u00e9lulas del da\u00f1o causado por los radicales libres.<\/p>\n<p><strong>C\u00f3mo consumir las semillas de zapallo<\/strong><br \/>\nLas semillas de zapallo son sencillas de incorporar en la dieta, puesto que se pueden consumir de varias formas:<\/p>\n<p><strong>Como snack:<\/strong> pueden ser tostadas y consumidas como un aperitivo saludable. Deben espolvorearse con sal y asarse en el horno hasta que est\u00e9n crujientes<br \/>\n<strong>A\u00f1adidas a ensaladas:<\/strong> pueden ser incluidas en ensaladas para agregarle un toque crujiente y un impulso nutricional adicional<br \/>\n<strong>Como ingrediente en preparaciones al horno:<\/strong> pueden ser agregadas a recetas de panes, galletas, tortas, entre otros, para agregar sabor y textura<br \/>\nEs importante tener en cuenta que deben consumirse con moderaci\u00f3n, puesto que son altas en calor\u00edas y grasas. Adem\u00e1s, si se est\u00e1 tomando alg\u00fan medicamento, es recomendable consultar con un m\u00e9dico antes de incorporar las semillas de zapallo en la dieta.<\/p>\n","protected":false},"excerpt":{"rendered":"<p>Las semillas de zapallo son un alimento peque\u00f1o y de forma plana que suele ser descartado, pero tiene diversos beneficios para la salud. Adem\u00e1s de ser una rica fuente de nutrientes esenciales, como magnesio, zinc, fibra y \u00e1cidos grasos omega-3 y omega-6, se indic\u00f3 que el consumo regular de estas semillas puede tener un impacto &hellip;<\/p>\n<p class=\"read-more\"> <a class=\"\" href=\"https:\/\/elguacamaya.com.uy\/index.php\/producto\/semillas-de-zapallo\/\"> <span class=\"screen-reader-text\">Semillas de zapallo<\/span> Leer m\u00e1s &raquo;<\/a><\/p>\n","protected":false},"featured_media":3640,"template":"","meta":{"site-sidebar-layout":"default","site-content-layout":"default","ast-global-header-display":"","ast-banner-title-visibility":"","ast-main-header-display":"","ast-hfb-above-header-display":"","ast-hfb-below-header-display":"","ast-hfb-mobile-header-display":"","site-post-title":"","ast-breadcrumbs-content":"","ast-featured-img":"","footer-sml-layout":"","theme-transparent-header-meta":"default","adv-header-id-meta":"","stick-header-meta":"","header-above-stick-meta":"","header-main-stick-meta":"","header-below-stick-meta":"","_joinchat":[]},"product_brand":[],"product_cat":[26],"product_tag":[],"class_list":{"0":"post-3172","1":"product","2":"type-product","3":"status-publish","4":"has-post-thumbnail","6":"product_cat-cereales-granos-y-semillas","7":"desktop-align-left","8":"tablet-align-left","9":"mobile-align-left","11":"first","12":"instock","13":"sale","14":"taxable","15":"shipping-taxable","16":"purchasable","17":"product-type-variable"},"_links":{"self":[{"href":"https:\/\/elguacamaya.com.uy\/index.php\/wp-json\/wp\/v2\/product\/3172","targetHints":{"allow":["GET"]}}],"collection":[{"href":"https:\/\/elguacamaya.com.uy\/index.php\/wp-json\/wp\/v2\/product"}],"about":[{"href":"https:\/\/elguacamaya.com.uy\/index.php\/wp-json\/wp\/v2\/types\/product"}],"version-history":[{"count":1,"href":"https:\/\/elguacamaya.com.uy\/index.php\/wp-json\/wp\/v2\/product\/3172\/revisions"}],"predecessor-version":[{"id":3178,"href":"https:\/\/elguacamaya.com.uy\/index.php\/wp-json\/wp\/v2\/product\/3172\/revisions\/3178"}],"wp:featuredmedia":[{"embeddable":true,"href":"https:\/\/elguacamaya.com.uy\/index.php\/wp-json\/wp\/v2\/media\/3640"}],"wp:attachment":[{"href":"https:\/\/elguacamaya.com.uy\/index.php\/wp-json\/wp\/v2\/media?parent=3172"}],"wp:term":[{"taxonomy":"product_brand","embeddable":true,"href":"https:\/\/elguacamaya.com.uy\/index.php\/wp-json\/wp\/v2\/product_brand?post=3172"},{"taxonomy":"product_cat","embeddable":true,"href":"https:\/\/elguacamaya.com.uy\/index.php\/wp-json\/wp\/v2\/product_cat?post=3172"},{"taxonomy":"product_tag","embeddable":true,"href":"https:\/\/elguacamaya.com.uy\/index.php\/wp-json\/wp\/v2\/product_tag?post=3172"}],"curies":[{"name":"wp","href":"https:\/\/api.w.org\/{rel}","templated":true}]}}