{"id":3166,"date":"2025-01-28T12:23:40","date_gmt":"2025-01-28T12:23:40","guid":{"rendered":"https:\/\/elguacamaya.com.uy\/?post_type=product&#038;p=3166"},"modified":"2025-11-21T18:45:29","modified_gmt":"2025-11-21T18:45:29","slug":"quinoa-roja","status":"publish","type":"product","link":"https:\/\/elguacamaya.com.uy\/index.php\/producto\/quinoa-roja\/","title":{"rendered":"Quinoa roja"},"content":{"rendered":"<p>La quinoa roja tiene propiedades similares a la quinoa blanca: es baja en calor\u00edas, rica en prote\u00ednas y altamente nutritiva.<br \/>\nEs la variedad que contiene menos grasas y la m\u00e1s alta en carbohidratos, lo que la convierte en un excelente alimento para deportistas, ya que aporta energ\u00eda, fuerza y resistencia. En comparaci\u00f3n con la blanca, la quinoa roja proporciona una cantidad ligeramente mayor de prote\u00ednas y tambi\u00e9n es m\u00e1s rica en riboflavina.<br \/>\nRequiere un mayor tiempo de cocci\u00f3n que la blanca y, una vez cocinada, su sabor es m\u00e1s intenso.<\/p>\n","protected":false},"excerpt":{"rendered":"<p>La quinoa roja tiene propiedades similares a la quinoa blanca: es baja en calor\u00edas, rica en prote\u00ednas y altamente nutritiva. Es la variedad que contiene menos grasas y la m\u00e1s alta en carbohidratos, lo que la convierte en un excelente alimento para deportistas, ya que aporta energ\u00eda, fuerza y resistencia. En comparaci\u00f3n con la blanca, &hellip;<\/p>\n<p class=\"read-more\"> <a class=\"\" href=\"https:\/\/elguacamaya.com.uy\/index.php\/producto\/quinoa-roja\/\"> <span class=\"screen-reader-text\">Quinoa roja<\/span> Leer m\u00e1s &raquo;<\/a><\/p>\n","protected":false},"featured_media":3641,"template":"","meta":{"site-sidebar-layout":"default","site-content-layout":"default","ast-global-header-display":"","ast-banner-title-visibility":"","ast-main-header-display":"","ast-hfb-above-header-display":"","ast-hfb-below-header-display":"","ast-hfb-mobile-header-display":"","site-post-title":"","ast-breadcrumbs-content":"","ast-featured-img":"","footer-sml-layout":"","theme-transparent-header-meta":"default","adv-header-id-meta":"","stick-header-meta":"","header-above-stick-meta":"","header-main-stick-meta":"","header-below-stick-meta":"","_joinchat":[]},"product_brand":[],"product_cat":[26],"product_tag":[],"class_list":{"0":"post-3166","1":"product","2":"type-product","3":"status-publish","4":"has-post-thumbnail","6":"product_cat-cereales-granos-y-semillas","7":"desktop-align-left","8":"tablet-align-left","9":"mobile-align-left","11":"first","12":"instock","13":"taxable","14":"shipping-taxable","15":"purchasable","16":"product-type-variable"},"_links":{"self":[{"href":"https:\/\/elguacamaya.com.uy\/index.php\/wp-json\/wp\/v2\/product\/3166","targetHints":{"allow":["GET"]}}],"collection":[{"href":"https:\/\/elguacamaya.com.uy\/index.php\/wp-json\/wp\/v2\/product"}],"about":[{"href":"https:\/\/elguacamaya.com.uy\/index.php\/wp-json\/wp\/v2\/types\/product"}],"version-history":[{"count":1,"href":"https:\/\/elguacamaya.com.uy\/index.php\/wp-json\/wp\/v2\/product\/3166\/revisions"}],"predecessor-version":[{"id":3171,"href":"https:\/\/elguacamaya.com.uy\/index.php\/wp-json\/wp\/v2\/product\/3166\/revisions\/3171"}],"wp:featuredmedia":[{"embeddable":true,"href":"https:\/\/elguacamaya.com.uy\/index.php\/wp-json\/wp\/v2\/media\/3641"}],"wp:attachment":[{"href":"https:\/\/elguacamaya.com.uy\/index.php\/wp-json\/wp\/v2\/media?parent=3166"}],"wp:term":[{"taxonomy":"product_brand","embeddable":true,"href":"https:\/\/elguacamaya.com.uy\/index.php\/wp-json\/wp\/v2\/product_brand?post=3166"},{"taxonomy":"product_cat","embeddable":true,"href":"https:\/\/elguacamaya.com.uy\/index.php\/wp-json\/wp\/v2\/product_cat?post=3166"},{"taxonomy":"product_tag","embeddable":true,"href":"https:\/\/elguacamaya.com.uy\/index.php\/wp-json\/wp\/v2\/product_tag?post=3166"}],"curies":[{"name":"wp","href":"https:\/\/api.w.org\/{rel}","templated":true}]}}