{"id":3134,"date":"2025-01-27T14:52:05","date_gmt":"2025-01-27T14:52:05","guid":{"rendered":"https:\/\/elguacamaya.com.uy\/?post_type=product&#038;p=3134"},"modified":"2025-04-04T14:24:41","modified_gmt":"2025-04-04T14:24:41","slug":"nueces-mariposa","status":"publish","type":"product","link":"https:\/\/elguacamaya.com.uy\/index.php\/producto\/nueces-mariposa\/","title":{"rendered":"Nueces mariposa"},"content":{"rendered":"<p><strong>Beneficios<\/strong><br \/>\nEl consumo de nueces ofrece numerosos beneficios para la salud. Favorecen los sistemas cardiovascular, nervioso, digestivo y reproductivo, y mejoran el sue\u00f1o y la memoria. Son ricas en fibra, prote\u00ednas, vitamina E y minerales como f\u00f3sforo y cobre. Aportan aceites saludables, como omega 3 y omega 6, que ayudan a prevenir enfermedades cardiovasculares. Adem\u00e1s, brindan saciedad y mejoran la concentraci\u00f3n y el rendimiento mental.<\/p>\n<p><strong>Usos<\/strong><br \/>\nLas Nueces Mariposa Extra Light son un excelente snack y pueden ser utilizadas en diversas preparaciones dulces y saladas. M\u00e9zclalas con yogur, granolas, barritas de cereal caseras, galletitas, muffins, y budines. Tambi\u00e9n son ideales para ensaladas, pestos y salteados, o para decorar tortas, brownies, rellenar d\u00e1tiles y como topping en postres, helados y cremas.<\/p>\n<p>&nbsp;<\/p>\n","protected":false},"excerpt":{"rendered":"<p>Beneficios El consumo de nueces ofrece numerosos beneficios para la salud. Favorecen los sistemas cardiovascular, nervioso, digestivo y reproductivo, y mejoran el sue\u00f1o y la memoria. Son ricas en fibra, prote\u00ednas, vitamina E y minerales como f\u00f3sforo y cobre. Aportan aceites saludables, como omega 3 y omega 6, que ayudan a prevenir enfermedades cardiovasculares. Adem\u00e1s, &hellip;<\/p>\n<p class=\"read-more\"> <a class=\"\" href=\"https:\/\/elguacamaya.com.uy\/index.php\/producto\/nueces-mariposa\/\"> <span class=\"screen-reader-text\">Nueces mariposa<\/span> Leer m\u00e1s &raquo;<\/a><\/p>\n","protected":false},"featured_media":3135,"template":"","meta":{"site-sidebar-layout":"default","site-content-layout":"default","ast-global-header-display":"","ast-banner-title-visibility":"","ast-main-header-display":"","ast-hfb-above-header-display":"","ast-hfb-below-header-display":"","ast-hfb-mobile-header-display":"","site-post-title":"","ast-breadcrumbs-content":"","ast-featured-img":"","footer-sml-layout":"","theme-transparent-header-meta":"default","adv-header-id-meta":"","stick-header-meta":"","header-above-stick-meta":"","header-main-stick-meta":"","header-below-stick-meta":"","_joinchat":[]},"product_brand":[],"product_cat":[36],"product_tag":[],"class_list":{"0":"post-3134","1":"product","2":"type-product","3":"status-publish","4":"has-post-thumbnail","6":"product_cat-frutas-secos-y-deshidratados","7":"desktop-align-left","8":"tablet-align-left","9":"mobile-align-left","11":"first","12":"instock","13":"sale","14":"taxable","15":"shipping-taxable","16":"purchasable","17":"product-type-variable"},"_links":{"self":[{"href":"https:\/\/elguacamaya.com.uy\/index.php\/wp-json\/wp\/v2\/product\/3134","targetHints":{"allow":["GET"]}}],"collection":[{"href":"https:\/\/elguacamaya.com.uy\/index.php\/wp-json\/wp\/v2\/product"}],"about":[{"href":"https:\/\/elguacamaya.com.uy\/index.php\/wp-json\/wp\/v2\/types\/product"}],"version-history":[{"count":1,"href":"https:\/\/elguacamaya.com.uy\/index.php\/wp-json\/wp\/v2\/product\/3134\/revisions"}],"predecessor-version":[{"id":3140,"href":"https:\/\/elguacamaya.com.uy\/index.php\/wp-json\/wp\/v2\/product\/3134\/revisions\/3140"}],"wp:featuredmedia":[{"embeddable":true,"href":"https:\/\/elguacamaya.com.uy\/index.php\/wp-json\/wp\/v2\/media\/3135"}],"wp:attachment":[{"href":"https:\/\/elguacamaya.com.uy\/index.php\/wp-json\/wp\/v2\/media?parent=3134"}],"wp:term":[{"taxonomy":"product_brand","embeddable":true,"href":"https:\/\/elguacamaya.com.uy\/index.php\/wp-json\/wp\/v2\/product_brand?post=3134"},{"taxonomy":"product_cat","embeddable":true,"href":"https:\/\/elguacamaya.com.uy\/index.php\/wp-json\/wp\/v2\/product_cat?post=3134"},{"taxonomy":"product_tag","embeddable":true,"href":"https:\/\/elguacamaya.com.uy\/index.php\/wp-json\/wp\/v2\/product_tag?post=3134"}],"curies":[{"name":"wp","href":"https:\/\/api.w.org\/{rel}","templated":true}]}}