{"id":3128,"date":"2025-01-27T14:33:44","date_gmt":"2025-01-27T14:33:44","guid":{"rendered":"https:\/\/elguacamaya.com.uy\/?post_type=product&#038;p=3128"},"modified":"2025-11-21T18:46:16","modified_gmt":"2025-11-21T18:46:16","slug":"mijo-pelado","status":"publish","type":"product","link":"https:\/\/elguacamaya.com.uy\/index.php\/producto\/mijo-pelado\/","title":{"rendered":"Mijo pelado"},"content":{"rendered":"<p>El mijo es un alimento muy popular por su versatilidad, ya que se puede cocinar como arroz, agregar a sopas, ensaladas o guisos, e incluso moler para hacer harina y preparar panes o pasteles.<\/p>\n<p>Adem\u00e1s, no contiene gluten y es una fuente importante de carbohidratos, prote\u00ednas, fibra diet\u00e9tica, vitaminas y minerales.<\/p>\n<p>Como la mayor\u00eda de cereales, el mijo es un grano con almid\u00f3n, lo que significa que es rico en carbohidratos.<\/p>\n<p>Una taza de mijo cocido (174 gramos) contiene:<\/p>\n<p>Calor\u00edas: 207<br \/>\nCarbohidratos: 41 gramos<br \/>\nFibra: 2,2 gramos<br \/>\nProte\u00edna: 6 gramos<br \/>\nGrasa: 1,7 gramos<br \/>\nF\u00f3sforo: 25% del valor diario recomendado (VDR)<br \/>\nMagnesio: 19% del VDR<br \/>\nFolato: 8% del VDR<br \/>\nHierro: 6% del VDR<br \/>\nEl mijo aporta m\u00e1s amino\u00e1cidos esenciales que la mayor\u00eda de cereales. Estos compuestos son los componentes b\u00e1sicos de las prote\u00ednas.<\/p>\n<p>El mijo es rico en compuestos fen\u00f3licos, especialmente \u00e1cido fer\u00falico y catequinas. Estas mol\u00e9culas act\u00faan como antioxidantes para proteger el cuerpo del estr\u00e9s oxidativo da\u00f1ino.<\/p>\n","protected":false},"excerpt":{"rendered":"<p>El mijo es un alimento muy popular por su versatilidad, ya que se puede cocinar como arroz, agregar a sopas, ensaladas o guisos, e incluso moler para hacer harina y preparar panes o pasteles. Adem\u00e1s, no contiene gluten y es una fuente importante de carbohidratos, prote\u00ednas, fibra diet\u00e9tica, vitaminas y minerales. Como la mayor\u00eda de &hellip;<\/p>\n<p class=\"read-more\"> <a class=\"\" href=\"https:\/\/elguacamaya.com.uy\/index.php\/producto\/mijo-pelado\/\"> <span class=\"screen-reader-text\">Mijo pelado<\/span> Leer m\u00e1s &raquo;<\/a><\/p>\n","protected":false},"featured_media":3133,"template":"","meta":{"site-sidebar-layout":"default","site-content-layout":"default","ast-global-header-display":"","ast-banner-title-visibility":"","ast-main-header-display":"","ast-hfb-above-header-display":"","ast-hfb-below-header-display":"","ast-hfb-mobile-header-display":"","site-post-title":"","ast-breadcrumbs-content":"","ast-featured-img":"","footer-sml-layout":"","theme-transparent-header-meta":"default","adv-header-id-meta":"","stick-header-meta":"","header-above-stick-meta":"","header-main-stick-meta":"","header-below-stick-meta":"","_joinchat":[]},"product_brand":[],"product_cat":[26],"product_tag":[],"class_list":{"0":"post-3128","1":"product","2":"type-product","3":"status-publish","4":"has-post-thumbnail","6":"product_cat-cereales-granos-y-semillas","7":"desktop-align-left","8":"tablet-align-left","9":"mobile-align-left","11":"first","12":"instock","13":"sale","14":"taxable","15":"shipping-taxable","16":"purchasable","17":"product-type-variable"},"_links":{"self":[{"href":"https:\/\/elguacamaya.com.uy\/index.php\/wp-json\/wp\/v2\/product\/3128","targetHints":{"allow":["GET"]}}],"collection":[{"href":"https:\/\/elguacamaya.com.uy\/index.php\/wp-json\/wp\/v2\/product"}],"about":[{"href":"https:\/\/elguacamaya.com.uy\/index.php\/wp-json\/wp\/v2\/types\/product"}],"version-history":[{"count":1,"href":"https:\/\/elguacamaya.com.uy\/index.php\/wp-json\/wp\/v2\/product\/3128\/revisions"}],"predecessor-version":[{"id":3132,"href":"https:\/\/elguacamaya.com.uy\/index.php\/wp-json\/wp\/v2\/product\/3128\/revisions\/3132"}],"wp:featuredmedia":[{"embeddable":true,"href":"https:\/\/elguacamaya.com.uy\/index.php\/wp-json\/wp\/v2\/media\/3133"}],"wp:attachment":[{"href":"https:\/\/elguacamaya.com.uy\/index.php\/wp-json\/wp\/v2\/media?parent=3128"}],"wp:term":[{"taxonomy":"product_brand","embeddable":true,"href":"https:\/\/elguacamaya.com.uy\/index.php\/wp-json\/wp\/v2\/product_brand?post=3128"},{"taxonomy":"product_cat","embeddable":true,"href":"https:\/\/elguacamaya.com.uy\/index.php\/wp-json\/wp\/v2\/product_cat?post=3128"},{"taxonomy":"product_tag","embeddable":true,"href":"https:\/\/elguacamaya.com.uy\/index.php\/wp-json\/wp\/v2\/product_tag?post=3128"}],"curies":[{"name":"wp","href":"https:\/\/api.w.org\/{rel}","templated":true}]}}