{"id":3104,"date":"2025-01-27T13:26:13","date_gmt":"2025-01-27T13:26:13","guid":{"rendered":"https:\/\/elguacamaya.com.uy\/?post_type=product&#038;p=3104"},"modified":"2025-11-21T18:37:42","modified_gmt":"2025-11-21T18:37:42","slug":"higo-negro","status":"publish","type":"product","link":"https:\/\/elguacamaya.com.uy\/index.php\/producto\/higo-negro\/","title":{"rendered":"Higo negro"},"content":{"rendered":"<p>Los higos negros tienen varias caracter\u00edsticas que hacen de ellos un fruto muy apreciado. La m\u00e1s llamativa es el color oscuro de su piel. Tanto es as\u00ed que los conocemos como \u201chigos negros\u201d. Tambi\u00e9n su forma redondeada y alargada los hace muy reconocibles. Pero lo mejor de los higos negros est\u00e1 en su interior. Hablamos de su sabor dulce que los hace \u00fanicos e irresistibles. Adem\u00e1s de eso, la textura de su pulpa, suave y jugosa, le otorga una fuerte personalidad. Por si fuera poco, el higo negro es muy vers\u00e1til en la cocina y puede consumirse tanto fresco como de ingrediente base para mermeladas y confituras.<\/p>\n<p>Entremos de lleno ahora en las propiedades que atesoran los higos negros.<\/p>\n<p>En el caso del higo negro, las propiedades no son pocas, como vas a ver. Para empezar, podemos enumerar las\u00a0<strong>vitaminas<\/strong>\u00a0que tiene: A, B6 y K, importante para nuestros huesos y para la coagulaci\u00f3n de la sangre.<\/p>\n<p>Sigamos con los\u00a0<strong>minerales<\/strong>. Los higos negros le dan a tu organismo una notable recarga de minerales como el potasio, el magnesio, el calcio o el f\u00f3sforo, lo que convierten a este fruto en un buen aliado para nuestros m\u00fasculos. Y llegamos a una de las principales cualidades del higo negro, que es su alto contenido en\u00a0<strong>fibra<\/strong>, fundamental para mantener en buen funcionamiento el aparato digestivo y prevenir enfermedades relacionadas con esta parte tan importante del organismo. Por si todo eso fuera poco, los higos negros nos aportan\u00a0<strong>antioxidantes<\/strong>, que se encargan de cuidar de la buena salud de las c\u00e9lulas.<\/p>\n<p>&nbsp;<\/p>\n","protected":false},"excerpt":{"rendered":"<p>Los higos negros tienen varias caracter\u00edsticas que hacen de ellos un fruto muy apreciado. La m\u00e1s llamativa es el color oscuro de su piel. Tanto es as\u00ed que los conocemos como \u201chigos negros\u201d. Tambi\u00e9n su forma redondeada y alargada los hace muy reconocibles. Pero lo mejor de los higos negros est\u00e1 en su interior. Hablamos &hellip;<\/p>\n<p class=\"read-more\"> <a class=\"\" href=\"https:\/\/elguacamaya.com.uy\/index.php\/producto\/higo-negro\/\"> <span class=\"screen-reader-text\">Higo negro<\/span> Leer m\u00e1s &raquo;<\/a><\/p>\n","protected":false},"featured_media":3109,"template":"","meta":{"site-sidebar-layout":"default","site-content-layout":"default","ast-global-header-display":"","ast-banner-title-visibility":"","ast-main-header-display":"","ast-hfb-above-header-display":"","ast-hfb-below-header-display":"","ast-hfb-mobile-header-display":"","site-post-title":"","ast-breadcrumbs-content":"","ast-featured-img":"","footer-sml-layout":"","theme-transparent-header-meta":"default","adv-header-id-meta":"","stick-header-meta":"","header-above-stick-meta":"","header-main-stick-meta":"","header-below-stick-meta":"","_joinchat":[]},"product_brand":[],"product_cat":[36],"product_tag":[],"class_list":{"0":"post-3104","1":"product","2":"type-product","3":"status-publish","4":"has-post-thumbnail","6":"product_cat-frutas-secos-y-deshidratados","7":"desktop-align-left","8":"tablet-align-left","9":"mobile-align-left","11":"first","12":"instock","13":"sale","14":"taxable","15":"shipping-taxable","16":"purchasable","17":"product-type-variable"},"_links":{"self":[{"href":"https:\/\/elguacamaya.com.uy\/index.php\/wp-json\/wp\/v2\/product\/3104","targetHints":{"allow":["GET"]}}],"collection":[{"href":"https:\/\/elguacamaya.com.uy\/index.php\/wp-json\/wp\/v2\/product"}],"about":[{"href":"https:\/\/elguacamaya.com.uy\/index.php\/wp-json\/wp\/v2\/types\/product"}],"version-history":[{"count":2,"href":"https:\/\/elguacamaya.com.uy\/index.php\/wp-json\/wp\/v2\/product\/3104\/revisions"}],"predecessor-version":[{"id":4135,"href":"https:\/\/elguacamaya.com.uy\/index.php\/wp-json\/wp\/v2\/product\/3104\/revisions\/4135"}],"wp:featuredmedia":[{"embeddable":true,"href":"https:\/\/elguacamaya.com.uy\/index.php\/wp-json\/wp\/v2\/media\/3109"}],"wp:attachment":[{"href":"https:\/\/elguacamaya.com.uy\/index.php\/wp-json\/wp\/v2\/media?parent=3104"}],"wp:term":[{"taxonomy":"product_brand","embeddable":true,"href":"https:\/\/elguacamaya.com.uy\/index.php\/wp-json\/wp\/v2\/product_brand?post=3104"},{"taxonomy":"product_cat","embeddable":true,"href":"https:\/\/elguacamaya.com.uy\/index.php\/wp-json\/wp\/v2\/product_cat?post=3104"},{"taxonomy":"product_tag","embeddable":true,"href":"https:\/\/elguacamaya.com.uy\/index.php\/wp-json\/wp\/v2\/product_tag?post=3104"}],"curies":[{"name":"wp","href":"https:\/\/api.w.org\/{rel}","templated":true}]}}