{"id":3095,"date":"2025-01-27T13:04:22","date_gmt":"2025-01-27T13:04:22","guid":{"rendered":"https:\/\/elguacamaya.com.uy\/?post_type=product&#038;p=3095"},"modified":"2025-02-18T19:46:10","modified_gmt":"2025-02-18T19:46:10","slug":"lino-dorado","status":"publish","type":"product","link":"https:\/\/elguacamaya.com.uy\/index.php\/producto\/lino-dorado\/","title":{"rendered":"Lino dorado"},"content":{"rendered":"<p><strong>Qu\u00e9 son las semillas de lino dorado?<\/strong><br \/>\nEs una semilla muy valorada por sus grandes beneficios, siendo considerada como uno de los alimentos con m\u00e1s alto poder de nutrici\u00f3n.<\/p>\n<p><strong>Propiedades y beneficios de las semillas de lino dorado<\/strong><br \/>\nDestaca por su alto contenido en \u00e1cidos grasos Omega-3 y fibra. Considerado como un s\u00faper alimento, tiene muchos micronutrientes beneficiosos para nuestro organismo, por eso se le confiere un amplio abanico de beneficios y propiedades para curar o prevenir dolencias y males.<br \/>\nPor ejemplo, ayuda en las dietas para p\u00e9rdidas de peso o de reducci\u00f3n del colesterol, aporta beneficios para la salud digestiva, piel y cabello, y beneficios antioxidantes.<\/p>\n<p><strong>Modo de empleo de las semillas de lino dorado<\/strong><br \/>\nSe pueden consumir enteras o molidas en ensaladas, jugos de fruta, yogures, y desayunos con cereales. Tambi\u00e9n las podemos a\u00f1adir en galletas, panes o masas caseras; por ejemplo, puedes probar a a\u00f1adir una cucharadita al hacer la masa de un bizcocho.<\/p>\n","protected":false},"excerpt":{"rendered":"<p>Qu\u00e9 son las semillas de lino dorado? Es una semilla muy valorada por sus grandes beneficios, siendo considerada como uno de los alimentos con m\u00e1s alto poder de nutrici\u00f3n. Propiedades y beneficios de las semillas de lino dorado Destaca por su alto contenido en \u00e1cidos grasos Omega-3 y fibra. Considerado como un s\u00faper alimento, tiene &hellip;<\/p>\n<p class=\"read-more\"> <a class=\"\" href=\"https:\/\/elguacamaya.com.uy\/index.php\/producto\/lino-dorado\/\"> <span class=\"screen-reader-text\">Lino dorado<\/span> Leer m\u00e1s &raquo;<\/a><\/p>\n","protected":false},"featured_media":3649,"template":"","meta":{"site-sidebar-layout":"default","site-content-layout":"default","ast-global-header-display":"","ast-banner-title-visibility":"","ast-main-header-display":"","ast-hfb-above-header-display":"","ast-hfb-below-header-display":"","ast-hfb-mobile-header-display":"","site-post-title":"","ast-breadcrumbs-content":"","ast-featured-img":"","footer-sml-layout":"","theme-transparent-header-meta":"default","adv-header-id-meta":"","stick-header-meta":"","header-above-stick-meta":"","header-main-stick-meta":"","header-below-stick-meta":"","_joinchat":[]},"product_brand":[],"product_cat":[26],"product_tag":[],"class_list":{"0":"post-3095","1":"product","2":"type-product","3":"status-publish","4":"has-post-thumbnail","6":"product_cat-cereales-granos-y-semillas","7":"desktop-align-left","8":"tablet-align-left","9":"mobile-align-left","11":"first","12":"instock","13":"taxable","14":"shipping-taxable","15":"purchasable","16":"product-type-variable"},"_links":{"self":[{"href":"https:\/\/elguacamaya.com.uy\/index.php\/wp-json\/wp\/v2\/product\/3095","targetHints":{"allow":["GET"]}}],"collection":[{"href":"https:\/\/elguacamaya.com.uy\/index.php\/wp-json\/wp\/v2\/product"}],"about":[{"href":"https:\/\/elguacamaya.com.uy\/index.php\/wp-json\/wp\/v2\/types\/product"}],"version-history":[{"count":3,"href":"https:\/\/elguacamaya.com.uy\/index.php\/wp-json\/wp\/v2\/product\/3095\/revisions"}],"predecessor-version":[{"id":3651,"href":"https:\/\/elguacamaya.com.uy\/index.php\/wp-json\/wp\/v2\/product\/3095\/revisions\/3651"}],"wp:featuredmedia":[{"embeddable":true,"href":"https:\/\/elguacamaya.com.uy\/index.php\/wp-json\/wp\/v2\/media\/3649"}],"wp:attachment":[{"href":"https:\/\/elguacamaya.com.uy\/index.php\/wp-json\/wp\/v2\/media?parent=3095"}],"wp:term":[{"taxonomy":"product_brand","embeddable":true,"href":"https:\/\/elguacamaya.com.uy\/index.php\/wp-json\/wp\/v2\/product_brand?post=3095"},{"taxonomy":"product_cat","embeddable":true,"href":"https:\/\/elguacamaya.com.uy\/index.php\/wp-json\/wp\/v2\/product_cat?post=3095"},{"taxonomy":"product_tag","embeddable":true,"href":"https:\/\/elguacamaya.com.uy\/index.php\/wp-json\/wp\/v2\/product_tag?post=3095"}],"curies":[{"name":"wp","href":"https:\/\/api.w.org\/{rel}","templated":true}]}}