{"id":3054,"date":"2025-01-24T20:11:50","date_gmt":"2025-01-24T20:11:50","guid":{"rendered":"https:\/\/elguacamaya.com.uy\/?post_type=product&#038;p=3054"},"modified":"2025-01-24T20:11:50","modified_gmt":"2025-01-24T20:11:50","slug":"fitoestrogenos","status":"publish","type":"product","link":"https:\/\/elguacamaya.com.uy\/index.php\/producto\/fitoestrogenos\/","title":{"rendered":"Fitoestrog\u00e9nos"},"content":{"rendered":"<p>Los fitoestr\u00f3genos ejercen efectos similares a los estr\u00f3genos en el organismo, de modo que existen muchos estudios que demuestran que su consumo puede ser beneficioso para la salud, fundamentalmente para las mujeres en la etapa de la menopausia.<br \/>\nAs\u00ed pues, se ha demostrado que los fitoestr\u00f3genos pueden actuar en el organismo a varios niveles:<br \/>\n&#8211; S\u00edntomas de la menopausia: parece que su consumo puede aliviar los sofocos.<br \/>\n&#8211; Osteoporosis: previenen la p\u00e9rdida de masa \u00f3sea.<br \/>\n&#8211; Enfermedades cardiovasculares: han demostrado tener efectos beneficiosos por disminuir los niveles de colesterol total y LDL.<br \/>\n&#8211; C\u00e1ncer: parece que previene el c\u00e1ncer de mama y de pr\u00f3stata.<br \/>\nAdem\u00e1s, el consumo de fitoestr\u00f3genos es tambi\u00e9n beneficioso porque tiene propiedades antioxidantes.<\/p>\n","protected":false},"excerpt":{"rendered":"<p>Los fitoestr\u00f3genos ejercen efectos similares a los estr\u00f3genos en el organismo, de modo que existen muchos estudios que demuestran que su consumo puede ser beneficioso para la salud, fundamentalmente para las mujeres en la etapa de la menopausia. As\u00ed pues, se ha demostrado que los fitoestr\u00f3genos pueden actuar en el organismo a varios niveles: &#8211; &hellip;<\/p>\n<p class=\"read-more\"> <a class=\"\" href=\"https:\/\/elguacamaya.com.uy\/index.php\/producto\/fitoestrogenos\/\"> <span class=\"screen-reader-text\">Fitoestrog\u00e9nos<\/span> Leer m\u00e1s &raquo;<\/a><\/p>\n","protected":false},"featured_media":3055,"template":"","meta":{"site-sidebar-layout":"default","site-content-layout":"default","ast-global-header-display":"","ast-banner-title-visibility":"","ast-main-header-display":"","ast-hfb-above-header-display":"","ast-hfb-below-header-display":"","ast-hfb-mobile-header-display":"","site-post-title":"","ast-breadcrumbs-content":"","ast-featured-img":"","footer-sml-layout":"","theme-transparent-header-meta":"default","adv-header-id-meta":"","stick-header-meta":"","header-above-stick-meta":"","header-main-stick-meta":"","header-below-stick-meta":"","_joinchat":[]},"product_brand":[],"product_cat":[26],"product_tag":[],"class_list":{"0":"post-3054","1":"product","2":"type-product","3":"status-publish","4":"has-post-thumbnail","6":"product_cat-cereales-granos-y-semillas","7":"desktop-align-left","8":"tablet-align-left","9":"mobile-align-left","11":"first","12":"instock","13":"taxable","14":"shipping-taxable","15":"purchasable","16":"product-type-variable"},"_links":{"self":[{"href":"https:\/\/elguacamaya.com.uy\/index.php\/wp-json\/wp\/v2\/product\/3054","targetHints":{"allow":["GET"]}}],"collection":[{"href":"https:\/\/elguacamaya.com.uy\/index.php\/wp-json\/wp\/v2\/product"}],"about":[{"href":"https:\/\/elguacamaya.com.uy\/index.php\/wp-json\/wp\/v2\/types\/product"}],"version-history":[{"count":2,"href":"https:\/\/elguacamaya.com.uy\/index.php\/wp-json\/wp\/v2\/product\/3054\/revisions"}],"predecessor-version":[{"id":3654,"href":"https:\/\/elguacamaya.com.uy\/index.php\/wp-json\/wp\/v2\/product\/3054\/revisions\/3654"}],"wp:featuredmedia":[{"embeddable":true,"href":"https:\/\/elguacamaya.com.uy\/index.php\/wp-json\/wp\/v2\/media\/3055"}],"wp:attachment":[{"href":"https:\/\/elguacamaya.com.uy\/index.php\/wp-json\/wp\/v2\/media?parent=3054"}],"wp:term":[{"taxonomy":"product_brand","embeddable":true,"href":"https:\/\/elguacamaya.com.uy\/index.php\/wp-json\/wp\/v2\/product_brand?post=3054"},{"taxonomy":"product_cat","embeddable":true,"href":"https:\/\/elguacamaya.com.uy\/index.php\/wp-json\/wp\/v2\/product_cat?post=3054"},{"taxonomy":"product_tag","embeddable":true,"href":"https:\/\/elguacamaya.com.uy\/index.php\/wp-json\/wp\/v2\/product_tag?post=3054"}],"curies":[{"name":"wp","href":"https:\/\/api.w.org\/{rel}","templated":true}]}}