{"id":3049,"date":"2025-01-24T20:05:18","date_gmt":"2025-01-24T20:05:18","guid":{"rendered":"https:\/\/elguacamaya.com.uy\/?post_type=product&#038;p=3049"},"modified":"2026-03-23T18:46:02","modified_gmt":"2026-03-23T18:46:02","slug":"coco-chip","status":"publish","type":"product","link":"https:\/\/elguacamaya.com.uy\/index.php\/producto\/coco-chip\/","title":{"rendered":"Coco chip"},"content":{"rendered":"<p>Son ricos en fibra, lo que favorece la salud digestiva y ayuda a mantener la sensaci\u00f3n de saciedad . Los chips de coco tambi\u00e9n son una buena fuente de grasas saludables, incluidos los triglic\u00e9ridos de cadena media (MCT). Los MCT favorecen el funcionamiento saludable del cerebro y aumentan los niveles de energ\u00eda.<\/p>\n","protected":false},"excerpt":{"rendered":"<p>Son ricos en fibra, lo que favorece la salud digestiva y ayuda a mantener la sensaci\u00f3n de saciedad . Los chips de coco tambi\u00e9n son una buena fuente de grasas saludables, incluidos los triglic\u00e9ridos de cadena media (MCT). Los MCT favorecen el funcionamiento saludable del cerebro y aumentan los niveles de energ\u00eda.<\/p>\n","protected":false},"featured_media":3655,"template":"","meta":{"site-sidebar-layout":"default","site-content-layout":"default","ast-global-header-display":"","ast-banner-title-visibility":"","ast-main-header-display":"","ast-hfb-above-header-display":"","ast-hfb-below-header-display":"","ast-hfb-mobile-header-display":"","site-post-title":"","ast-breadcrumbs-content":"","ast-featured-img":"","footer-sml-layout":"","theme-transparent-header-meta":"default","adv-header-id-meta":"","stick-header-meta":"","header-above-stick-meta":"","header-main-stick-meta":"","header-below-stick-meta":"","_joinchat":[]},"product_brand":[],"product_cat":[26],"product_tag":[],"class_list":{"0":"post-3049","1":"product","2":"type-product","3":"status-publish","4":"has-post-thumbnail","6":"product_cat-cereales-granos-y-semillas","7":"desktop-align-left","8":"tablet-align-left","9":"mobile-align-left","11":"first","12":"instock","13":"taxable","14":"shipping-taxable","15":"purchasable","16":"product-type-variable"},"_links":{"self":[{"href":"https:\/\/elguacamaya.com.uy\/index.php\/wp-json\/wp\/v2\/product\/3049","targetHints":{"allow":["GET"]}}],"collection":[{"href":"https:\/\/elguacamaya.com.uy\/index.php\/wp-json\/wp\/v2\/product"}],"about":[{"href":"https:\/\/elguacamaya.com.uy\/index.php\/wp-json\/wp\/v2\/types\/product"}],"version-history":[{"count":1,"href":"https:\/\/elguacamaya.com.uy\/index.php\/wp-json\/wp\/v2\/product\/3049\/revisions"}],"predecessor-version":[{"id":3053,"href":"https:\/\/elguacamaya.com.uy\/index.php\/wp-json\/wp\/v2\/product\/3049\/revisions\/3053"}],"wp:featuredmedia":[{"embeddable":true,"href":"https:\/\/elguacamaya.com.uy\/index.php\/wp-json\/wp\/v2\/media\/3655"}],"wp:attachment":[{"href":"https:\/\/elguacamaya.com.uy\/index.php\/wp-json\/wp\/v2\/media?parent=3049"}],"wp:term":[{"taxonomy":"product_brand","embeddable":true,"href":"https:\/\/elguacamaya.com.uy\/index.php\/wp-json\/wp\/v2\/product_brand?post=3049"},{"taxonomy":"product_cat","embeddable":true,"href":"https:\/\/elguacamaya.com.uy\/index.php\/wp-json\/wp\/v2\/product_cat?post=3049"},{"taxonomy":"product_tag","embeddable":true,"href":"https:\/\/elguacamaya.com.uy\/index.php\/wp-json\/wp\/v2\/product_tag?post=3049"}],"curies":[{"name":"wp","href":"https:\/\/api.w.org\/{rel}","templated":true}]}}