{"id":3046,"date":"2025-01-24T20:00:10","date_gmt":"2025-01-24T20:00:10","guid":{"rendered":"https:\/\/elguacamaya.com.uy\/?post_type=product&#038;p=3046"},"modified":"2025-04-25T18:15:27","modified_gmt":"2025-04-25T18:15:27","slug":"anis-estrellado","status":"publish","type":"product","link":"https:\/\/elguacamaya.com.uy\/index.php\/producto\/anis-estrellado\/","title":{"rendered":"An\u00eds estrellado"},"content":{"rendered":"<p>Su sabor es dulce y arom\u00e1tico<\/p>\n<p>El consumo regular de an\u00eds estrellado, ya sea en preparaciones culinarias o en forma de t\u00e9, puede ser una buena forma natural de prevenir la gripe, especialmente durante per\u00edodos de mayor incidencia de esta enfermedad, tambi\u00e9n mejora la digesti\u00f3n, alivia gases y c\u00f3licos estomacales, Fortalece los pulmones, Alivia congesti\u00f3n y flemas, Relaja el cuerpo, reduce el estr\u00e9s y combate el insomnio, Reduce inflamaciones, alivia dolores articulares y musculares, Regula el ciclo menstrual, alivia molestias menstruales.<\/p>\n","protected":false},"excerpt":{"rendered":"<p>35gr<\/p>\n","protected":false},"featured_media":3047,"template":"","meta":{"site-sidebar-layout":"default","site-content-layout":"default","ast-global-header-display":"","ast-banner-title-visibility":"","ast-main-header-display":"","ast-hfb-above-header-display":"","ast-hfb-below-header-display":"","ast-hfb-mobile-header-display":"","site-post-title":"","ast-breadcrumbs-content":"","ast-featured-img":"","footer-sml-layout":"","theme-transparent-header-meta":"default","adv-header-id-meta":"","stick-header-meta":"","header-above-stick-meta":"","header-main-stick-meta":"","header-below-stick-meta":"","_joinchat":[]},"product_brand":[],"product_cat":[26],"product_tag":[],"class_list":{"0":"post-3046","1":"product","2":"type-product","3":"status-publish","4":"has-post-thumbnail","6":"product_cat-cereales-granos-y-semillas","7":"desktop-align-left","8":"tablet-align-left","9":"mobile-align-left","11":"first","12":"instock","13":"taxable","14":"shipping-taxable","15":"purchasable","16":"product-type-simple"},"_links":{"self":[{"href":"https:\/\/elguacamaya.com.uy\/index.php\/wp-json\/wp\/v2\/product\/3046","targetHints":{"allow":["GET"]}}],"collection":[{"href":"https:\/\/elguacamaya.com.uy\/index.php\/wp-json\/wp\/v2\/product"}],"about":[{"href":"https:\/\/elguacamaya.com.uy\/index.php\/wp-json\/wp\/v2\/types\/product"}],"version-history":[{"count":3,"href":"https:\/\/elguacamaya.com.uy\/index.php\/wp-json\/wp\/v2\/product\/3046\/revisions"}],"predecessor-version":[{"id":4213,"href":"https:\/\/elguacamaya.com.uy\/index.php\/wp-json\/wp\/v2\/product\/3046\/revisions\/4213"}],"wp:featuredmedia":[{"embeddable":true,"href":"https:\/\/elguacamaya.com.uy\/index.php\/wp-json\/wp\/v2\/media\/3047"}],"wp:attachment":[{"href":"https:\/\/elguacamaya.com.uy\/index.php\/wp-json\/wp\/v2\/media?parent=3046"}],"wp:term":[{"taxonomy":"product_brand","embeddable":true,"href":"https:\/\/elguacamaya.com.uy\/index.php\/wp-json\/wp\/v2\/product_brand?post=3046"},{"taxonomy":"product_cat","embeddable":true,"href":"https:\/\/elguacamaya.com.uy\/index.php\/wp-json\/wp\/v2\/product_cat?post=3046"},{"taxonomy":"product_tag","embeddable":true,"href":"https:\/\/elguacamaya.com.uy\/index.php\/wp-json\/wp\/v2\/product_tag?post=3046"}],"curies":[{"name":"wp","href":"https:\/\/api.w.org\/{rel}","templated":true}]}}