{"id":3040,"date":"2025-01-24T19:51:53","date_gmt":"2025-01-24T19:51:53","guid":{"rendered":"https:\/\/elguacamaya.com.uy\/?post_type=product&#038;p=3040"},"modified":"2025-09-08T19:22:00","modified_gmt":"2025-09-08T19:22:00","slug":"amaranto","status":"publish","type":"product","link":"https:\/\/elguacamaya.com.uy\/index.php\/producto\/amaranto\/","title":{"rendered":"Amaranto"},"content":{"rendered":"<p>El amaranto es el producto de origen vegetal m\u00e1s completo, es una de las fuentes m\u00e1s importante de prote\u00ednas, minerales y vitaminas naturales: A, B, C, B1, B2, B3; as\u00ed como de \u00e1cido f\u00f3lico, niacina, calcio, hierro y f\u00f3sforo. Adem\u00e1s, es uno de los alimentos con alt\u00edsima presencia de amino\u00e1cidos como la lisina.<\/p>\n","protected":false},"excerpt":{"rendered":"<p>El amaranto es el producto de origen vegetal m\u00e1s completo, es una de las fuentes m\u00e1s importante de prote\u00ednas, minerales y vitaminas naturales: A, B, C, B1, B2, B3; as\u00ed como de \u00e1cido f\u00f3lico, niacina, calcio, hierro y f\u00f3sforo. Adem\u00e1s, es uno de los alimentos con alt\u00edsima presencia de amino\u00e1cidos como la lisina.<\/p>\n","protected":false},"featured_media":3656,"template":"","meta":{"site-sidebar-layout":"default","site-content-layout":"default","ast-global-header-display":"","ast-banner-title-visibility":"","ast-main-header-display":"","ast-hfb-above-header-display":"","ast-hfb-below-header-display":"","ast-hfb-mobile-header-display":"","site-post-title":"","ast-breadcrumbs-content":"","ast-featured-img":"","footer-sml-layout":"","theme-transparent-header-meta":"default","adv-header-id-meta":"","stick-header-meta":"","header-above-stick-meta":"","header-main-stick-meta":"","header-below-stick-meta":"","_joinchat":[]},"product_brand":[],"product_cat":[26],"product_tag":[],"class_list":{"0":"post-3040","1":"product","2":"type-product","3":"status-publish","4":"has-post-thumbnail","6":"product_cat-cereales-granos-y-semillas","7":"desktop-align-left","8":"tablet-align-left","9":"mobile-align-left","11":"first","12":"instock","13":"sale","14":"taxable","15":"shipping-taxable","16":"purchasable","17":"product-type-variable"},"_links":{"self":[{"href":"https:\/\/elguacamaya.com.uy\/index.php\/wp-json\/wp\/v2\/product\/3040","targetHints":{"allow":["GET"]}}],"collection":[{"href":"https:\/\/elguacamaya.com.uy\/index.php\/wp-json\/wp\/v2\/product"}],"about":[{"href":"https:\/\/elguacamaya.com.uy\/index.php\/wp-json\/wp\/v2\/types\/product"}],"version-history":[{"count":1,"href":"https:\/\/elguacamaya.com.uy\/index.php\/wp-json\/wp\/v2\/product\/3040\/revisions"}],"predecessor-version":[{"id":3045,"href":"https:\/\/elguacamaya.com.uy\/index.php\/wp-json\/wp\/v2\/product\/3040\/revisions\/3045"}],"wp:featuredmedia":[{"embeddable":true,"href":"https:\/\/elguacamaya.com.uy\/index.php\/wp-json\/wp\/v2\/media\/3656"}],"wp:attachment":[{"href":"https:\/\/elguacamaya.com.uy\/index.php\/wp-json\/wp\/v2\/media?parent=3040"}],"wp:term":[{"taxonomy":"product_brand","embeddable":true,"href":"https:\/\/elguacamaya.com.uy\/index.php\/wp-json\/wp\/v2\/product_brand?post=3040"},{"taxonomy":"product_cat","embeddable":true,"href":"https:\/\/elguacamaya.com.uy\/index.php\/wp-json\/wp\/v2\/product_cat?post=3040"},{"taxonomy":"product_tag","embeddable":true,"href":"https:\/\/elguacamaya.com.uy\/index.php\/wp-json\/wp\/v2\/product_tag?post=3040"}],"curies":[{"name":"wp","href":"https:\/\/api.w.org\/{rel}","templated":true}]}}