{"id":3020,"date":"2025-01-24T19:00:43","date_gmt":"2025-01-24T19:00:43","guid":{"rendered":"https:\/\/elguacamaya.com.uy\/?post_type=product&#038;p=3020"},"modified":"2025-02-24T18:54:35","modified_gmt":"2025-02-24T18:54:35","slug":"castanas-de-caju-crudas","status":"publish","type":"product","link":"https:\/\/elguacamaya.com.uy\/index.php\/producto\/castanas-de-caju-crudas\/","title":{"rendered":"Casta\u00f1as de Caju Crudas"},"content":{"rendered":"<p>Adem\u00e1s de favorecer el equilibrio de la glucosa y por lo tanto el equilibrio hormonal, las casta\u00f1as aportan minerales como calcio, magnesio, potasio, hierro, f\u00f3sforo, sodio, yodo, selenio y zinc. Tambi\u00e9n contienen vitaminas como la vitamina E, vitaminas del grupo B y \u00e1cido f\u00f3lico.<\/p>\n","protected":false},"excerpt":{"rendered":"<p>Adem\u00e1s de favorecer el equilibrio de la glucosa y por lo tanto el equilibrio hormonal, las casta\u00f1as aportan minerales como calcio, magnesio, potasio, hierro, f\u00f3sforo, sodio, yodo, selenio y zinc. Tambi\u00e9n contienen vitaminas como la vitamina E, vitaminas del grupo B y \u00e1cido f\u00f3lico.<\/p>\n","protected":false},"featured_media":3659,"template":"","meta":{"site-sidebar-layout":"default","site-content-layout":"default","ast-global-header-display":"","ast-banner-title-visibility":"","ast-main-header-display":"","ast-hfb-above-header-display":"","ast-hfb-below-header-display":"","ast-hfb-mobile-header-display":"","site-post-title":"","ast-breadcrumbs-content":"","ast-featured-img":"","footer-sml-layout":"","theme-transparent-header-meta":"default","adv-header-id-meta":"","stick-header-meta":"","header-above-stick-meta":"","header-main-stick-meta":"","header-below-stick-meta":"","_joinchat":[]},"product_brand":[],"product_cat":[36],"product_tag":[],"class_list":{"0":"post-3020","1":"product","2":"type-product","3":"status-publish","4":"has-post-thumbnail","6":"product_cat-frutas-secos-y-deshidratados","7":"desktop-align-left","8":"tablet-align-left","9":"mobile-align-left","11":"first","12":"instock","13":"taxable","14":"shipping-taxable","15":"purchasable","16":"product-type-variable"},"_links":{"self":[{"href":"https:\/\/elguacamaya.com.uy\/index.php\/wp-json\/wp\/v2\/product\/3020","targetHints":{"allow":["GET"]}}],"collection":[{"href":"https:\/\/elguacamaya.com.uy\/index.php\/wp-json\/wp\/v2\/product"}],"about":[{"href":"https:\/\/elguacamaya.com.uy\/index.php\/wp-json\/wp\/v2\/types\/product"}],"version-history":[{"count":1,"href":"https:\/\/elguacamaya.com.uy\/index.php\/wp-json\/wp\/v2\/product\/3020\/revisions"}],"predecessor-version":[{"id":3025,"href":"https:\/\/elguacamaya.com.uy\/index.php\/wp-json\/wp\/v2\/product\/3020\/revisions\/3025"}],"wp:featuredmedia":[{"embeddable":true,"href":"https:\/\/elguacamaya.com.uy\/index.php\/wp-json\/wp\/v2\/media\/3659"}],"wp:attachment":[{"href":"https:\/\/elguacamaya.com.uy\/index.php\/wp-json\/wp\/v2\/media?parent=3020"}],"wp:term":[{"taxonomy":"product_brand","embeddable":true,"href":"https:\/\/elguacamaya.com.uy\/index.php\/wp-json\/wp\/v2\/product_brand?post=3020"},{"taxonomy":"product_cat","embeddable":true,"href":"https:\/\/elguacamaya.com.uy\/index.php\/wp-json\/wp\/v2\/product_cat?post=3020"},{"taxonomy":"product_tag","embeddable":true,"href":"https:\/\/elguacamaya.com.uy\/index.php\/wp-json\/wp\/v2\/product_tag?post=3020"}],"curies":[{"name":"wp","href":"https:\/\/api.w.org\/{rel}","templated":true}]}}