{"id":3000,"date":"2025-01-24T17:55:11","date_gmt":"2025-01-24T17:55:11","guid":{"rendered":"https:\/\/elguacamaya.com.uy\/?post_type=product&#038;p=3000"},"modified":"2025-03-19T20:26:41","modified_gmt":"2025-03-19T20:26:41","slug":"almendras-tostadas","status":"publish","type":"product","link":"https:\/\/elguacamaya.com.uy\/index.php\/producto\/almendras-tostadas\/","title":{"rendered":"Almendras tostadas"},"content":{"rendered":"<div class=\"WaaZC\">\n<div class=\"RJPOee EIJn2\">\n<div class=\"rPeykc\" data-hveid=\"CAgQAQ\" data-ved=\"2ahUKEwjvnq799Y6LAxWMD7kGHUpSHtgQo_EKegQICBAB\">\n<p><span data-huuid=\"5545218351801786480\">Las almendras tostadas son un fruto seco que contiene muchos nutrientes, como prote\u00ednas, grasas saludables, vitaminas, minerales y antioxidantes.<span class=\"pjBG2e\" data-cid=\"9cfb2c54-11ef-44b2-a64e-2c99b3b5fb29\"><span class=\"UV3uM\">\u00a0<\/span><\/span><\/span><\/p>\n<div class=\"NPrrbc\" data-cid=\"9cfb2c54-11ef-44b2-a64e-2c99b3b5fb29\" data-uuids=\"5545218351801786480\">\n<div class=\"BMebGe btku5b fCrZyc LwdV0e FR7ZSc OJeuxf\" role=\"button\" aria-label=\"Ver v\u00ednculos relacionados\" data-hveid=\"CAIQAQ\" data-ved=\"2ahUKEwjvnq799Y6LAxWMD7kGHUpSHtgQ3fYKegQIAhAB\">\n<div class=\"niO4u\">\n<div class=\"kHtcsd\"><\/div>\n<\/div>\n<\/div>\n<\/div>\n<\/div>\n<\/div>\n<\/div>\n<div class=\"WaaZC\">\n<div class=\"RJPOee EIJn2\">\n<div class=\"rPeykc uP58nb\" data-hveid=\"CAkQAQ\" data-ved=\"2ahUKEwjvnq799Y6LAxWMD7kGHUpSHtgQo_EKegQICRAB\">\n<p><span data-huuid=\"5545218351801789714\"><span role=\"heading\">Algunas de sus propiedades son:<\/span><span class=\"pjBG2e\" data-cid=\"4ceb50be-7fcc-4a2c-9414-78374b9bd2c1\"><span class=\"UV3uM\">\u00a0<\/span><\/span><\/span><\/p>\n<div class=\"NPrrbc\" data-cid=\"4ceb50be-7fcc-4a2c-9414-78374b9bd2c1\" data-uuids=\"5545218351801789714,5545218351801788421,5545218351801787559,5545218351801786697,5545218351801789931,5545218351801789069,5545218351801788207,5545218351801787345,5545218351801786483\">\n<div class=\"BMebGe btku5b fCrZyc LwdV0e FR7ZSc OJeuxf\" role=\"button\" aria-label=\"Ver v\u00ednculos relacionados\" data-hveid=\"CAcQAQ\" data-ved=\"2ahUKEwjvnq799Y6LAxWMD7kGHUpSHtgQ3fYKegQIBxAB\">\n<div class=\"niO4u\">\n<div class=\"kHtcsd\"><\/div>\n<\/div>\n<\/div>\n<\/div>\n<\/div>\n<\/div>\n<\/div>\n<div class=\"WaaZC\">\n<div class=\"RJPOee EIJn2\">\n<ul data-hveid=\"CBYQAQ\" data-ved=\"2ahUKEwjvnq799Y6LAxWMD7kGHUpSHtgQm_YKegQIFhAB\">\n<li><span data-huuid=\"5545218351801788421\">Ayudan a reducir el colesterol malo (LDL)<\/span><\/li>\n<li><span data-huuid=\"5545218351801787559\">Mejoran la salud del coraz\u00f3n<\/span><\/li>\n<li><span data-huuid=\"5545218351801786697\">Contribuyen a mantener la piel suave, hidratada y protegida del da\u00f1o oxidativo<\/span><\/li>\n<li><span data-huuid=\"5545218351801789931\">Ayudan a combatir el estr\u00e9s<\/span><\/li>\n<li><span data-huuid=\"5545218351801789069\">Fortalecen los huesos<\/span><\/li>\n<li><span data-huuid=\"5545218351801788207\">Mejoran la salud digestiva<\/span><\/li>\n<li><span data-huuid=\"5545218351801787345\">Reducen los niveles de az\u00facar en sangre<\/span><\/li>\n<li><span data-huuid=\"5545218351801786483\">Ayudan a mantener el peso<\/span><\/li>\n<\/ul>\n<\/div>\n<\/div>\n<div class=\"WaaZC\">\n<div class=\"RJPOee EIJn2\">\n<div class=\"rPeykc\" data-hveid=\"CCAQAQ\" data-ved=\"2ahUKEwjvnq799Y6LAxWMD7kGHUpSHtgQo_EKegQIIBAB\">\n<p><span data-huuid=\"15408893966448637061\">Las almendras son ricas en calcio, f\u00f3sforo, hierro y magnesio.\u00a0<\/span><span data-huuid=\"15408893966448639998\">Tambi\u00e9n contienen vitamina E, que ayuda a mantener la piel suave, hidratada y protegida del da\u00f1o oxidativo.<span class=\"pjBG2e\" data-cid=\"94a48937-1680-4350-b48d-21d07933cb1f\"><span class=\"UV3uM\">\u00a0<\/span><\/span><\/span><\/p>\n<div class=\"NPrrbc\" data-cid=\"94a48937-1680-4350-b48d-21d07933cb1f\" data-uuids=\"15408893966448637061,15408893966448639998\">\n<div class=\"BMebGe btku5b fCrZyc LwdV0e FR7ZSc OJeuxf\" role=\"button\" aria-label=\"Ver v\u00ednculos relacionados\" data-hveid=\"CCMQAQ\" data-ved=\"2ahUKEwjvnq799Y6LAxWMD7kGHUpSHtgQ3fYKegQIIxAB\">\n<div class=\"niO4u\">\n<div class=\"kHtcsd\"><span style=\"font-size: 16px\">Se recomienda consumir un pu\u00f1ado de almendras al d\u00eda para obtener todos sus beneficios.<\/span><span class=\"pjBG2e\" style=\"font-size: 16px\" data-cid=\"5771d206-9949-4c73-adee-7e47dceeb9e5\"><span class=\"UV3uM\">\u00a0<\/span><\/span><\/div>\n<\/div>\n<\/div>\n<\/div>\n<\/div>\n<\/div>\n<\/div>\n","protected":false},"excerpt":{"rendered":"<p>Las almendras tostadas son un fruto seco que contiene muchos nutrientes, como prote\u00ednas, grasas saludables, vitaminas, minerales y antioxidantes.\u00a0 Algunas de sus propiedades son:\u00a0 Ayudan a reducir el colesterol malo (LDL) Mejoran la salud del coraz\u00f3n Contribuyen a mantener la piel suave, hidratada y protegida del da\u00f1o oxidativo Ayudan a combatir el estr\u00e9s Fortalecen los &hellip;<\/p>\n<p class=\"read-more\"> <a class=\"\" href=\"https:\/\/elguacamaya.com.uy\/index.php\/producto\/almendras-tostadas\/\"> <span class=\"screen-reader-text\">Almendras tostadas<\/span> Leer m\u00e1s &raquo;<\/a><\/p>\n","protected":false},"featured_media":3661,"template":"","meta":{"site-sidebar-layout":"default","site-content-layout":"default","ast-global-header-display":"","ast-banner-title-visibility":"","ast-main-header-display":"","ast-hfb-above-header-display":"","ast-hfb-below-header-display":"","ast-hfb-mobile-header-display":"","site-post-title":"","ast-breadcrumbs-content":"","ast-featured-img":"","footer-sml-layout":"","theme-transparent-header-meta":"default","adv-header-id-meta":"","stick-header-meta":"","header-above-stick-meta":"","header-main-stick-meta":"","header-below-stick-meta":"","_joinchat":[]},"product_brand":[],"product_cat":[36],"product_tag":[],"class_list":{"0":"post-3000","1":"product","2":"type-product","3":"status-publish","4":"has-post-thumbnail","6":"product_cat-frutas-secos-y-deshidratados","7":"desktop-align-left","8":"tablet-align-left","9":"mobile-align-left","11":"first","12":"instock","13":"taxable","14":"shipping-taxable","15":"purchasable","16":"product-type-variable"},"_links":{"self":[{"href":"https:\/\/elguacamaya.com.uy\/index.php\/wp-json\/wp\/v2\/product\/3000","targetHints":{"allow":["GET"]}}],"collection":[{"href":"https:\/\/elguacamaya.com.uy\/index.php\/wp-json\/wp\/v2\/product"}],"about":[{"href":"https:\/\/elguacamaya.com.uy\/index.php\/wp-json\/wp\/v2\/types\/product"}],"version-history":[{"count":3,"href":"https:\/\/elguacamaya.com.uy\/index.php\/wp-json\/wp\/v2\/product\/3000\/revisions"}],"predecessor-version":[{"id":4451,"href":"https:\/\/elguacamaya.com.uy\/index.php\/wp-json\/wp\/v2\/product\/3000\/revisions\/4451"}],"wp:featuredmedia":[{"embeddable":true,"href":"https:\/\/elguacamaya.com.uy\/index.php\/wp-json\/wp\/v2\/media\/3661"}],"wp:attachment":[{"href":"https:\/\/elguacamaya.com.uy\/index.php\/wp-json\/wp\/v2\/media?parent=3000"}],"wp:term":[{"taxonomy":"product_brand","embeddable":true,"href":"https:\/\/elguacamaya.com.uy\/index.php\/wp-json\/wp\/v2\/product_brand?post=3000"},{"taxonomy":"product_cat","embeddable":true,"href":"https:\/\/elguacamaya.com.uy\/index.php\/wp-json\/wp\/v2\/product_cat?post=3000"},{"taxonomy":"product_tag","embeddable":true,"href":"https:\/\/elguacamaya.com.uy\/index.php\/wp-json\/wp\/v2\/product_tag?post=3000"}],"curies":[{"name":"wp","href":"https:\/\/api.w.org\/{rel}","templated":true}]}}