{"id":2997,"date":"2025-01-24T14:09:59","date_gmt":"2025-01-24T14:09:59","guid":{"rendered":"https:\/\/elguacamaya.com.uy\/?post_type=product&#038;p=2997"},"modified":"2025-02-18T20:16:37","modified_gmt":"2025-02-18T20:16:37","slug":"eneldo","status":"publish","type":"product","link":"https:\/\/elguacamaya.com.uy\/index.php\/producto\/eneldo\/","title":{"rendered":"Eneldo"},"content":{"rendered":"<p>El eneldo (anethum graveolens), es una hierba muy arom\u00e1tica, de sabor dulz\u00f3n, fresco y anisado.<\/p>\n<p>A todas las preparaciones, el eneldo aporta un sabor \u00fanico, y para aprovecharlo si lo queremos incorporar a guisos es preferible a\u00f1adirlo al final de la cocci\u00f3n. Entre sus propiedades y beneficios destacan sus bondades digestivas por lo que la OMS recomienda su consumo como aderezo saludable y nutritivo.<\/p>\n<p><strong>Propiedades y beneficios<\/strong><br \/>\n*Facilita la digesti\u00f3n<\/p>\n<p>El eneldo es bueno para combatir flatulencias (es carminativo), antiespasm\u00f3dico, y anti disp\u00e9ptico, en resumen, vuelve las digestiones livianas y evita molestias estomacales.<\/p>\n<p>*Diur\u00e9tico<\/p>\n<p>Es un excelente diur\u00e9tico natural que ayuda a eliminar toxinas de nuestro cuerpo y tomarlo.<\/p>\n<p>*Refuerza el sistema inmunol\u00f3gico<\/p>\n<p>El eneldo fresco es rico en vitamina C, por lo que nos ayuda a reforzar el sistema inmunol\u00f3gico y prevenir resfriados.<\/p>\n<p>*Alivia los dolores menstruales<\/p>\n<p>Aten\u00faa espasmos uterinos y dolores de la menstruaci\u00f3n (c\u00f3lico).<\/p>\n<p>*Calma las hemorroides<\/p>\n<p>Las infusiones de eneldo ayuda a calmar el dolor que producen las hemorroides.<\/p>\n","protected":false},"excerpt":{"rendered":"<p>1kg<\/p>\n","protected":false},"featured_media":3664,"template":"","meta":{"site-sidebar-layout":"default","site-content-layout":"default","ast-global-header-display":"","ast-banner-title-visibility":"","ast-main-header-display":"","ast-hfb-above-header-display":"","ast-hfb-below-header-display":"","ast-hfb-mobile-header-display":"","site-post-title":"","ast-breadcrumbs-content":"","ast-featured-img":"","footer-sml-layout":"","theme-transparent-header-meta":"default","adv-header-id-meta":"","stick-header-meta":"","header-above-stick-meta":"","header-main-stick-meta":"","header-below-stick-meta":"","_joinchat":[]},"product_brand":[],"product_cat":[23,54],"product_tag":[],"class_list":{"0":"post-2997","1":"product","2":"type-product","3":"status-publish","4":"has-post-thumbnail","6":"product_cat-condimentos","7":"product_cat-productos-saludables-adu-acelu-y-organicos","8":"desktop-align-left","9":"tablet-align-left","10":"mobile-align-left","12":"first","13":"instock","14":"taxable","15":"shipping-taxable","16":"purchasable","17":"product-type-simple"},"_links":{"self":[{"href":"https:\/\/elguacamaya.com.uy\/index.php\/wp-json\/wp\/v2\/product\/2997","targetHints":{"allow":["GET"]}}],"collection":[{"href":"https:\/\/elguacamaya.com.uy\/index.php\/wp-json\/wp\/v2\/product"}],"about":[{"href":"https:\/\/elguacamaya.com.uy\/index.php\/wp-json\/wp\/v2\/types\/product"}],"version-history":[{"count":2,"href":"https:\/\/elguacamaya.com.uy\/index.php\/wp-json\/wp\/v2\/product\/2997\/revisions"}],"predecessor-version":[{"id":3665,"href":"https:\/\/elguacamaya.com.uy\/index.php\/wp-json\/wp\/v2\/product\/2997\/revisions\/3665"}],"wp:featuredmedia":[{"embeddable":true,"href":"https:\/\/elguacamaya.com.uy\/index.php\/wp-json\/wp\/v2\/media\/3664"}],"wp:attachment":[{"href":"https:\/\/elguacamaya.com.uy\/index.php\/wp-json\/wp\/v2\/media?parent=2997"}],"wp:term":[{"taxonomy":"product_brand","embeddable":true,"href":"https:\/\/elguacamaya.com.uy\/index.php\/wp-json\/wp\/v2\/product_brand?post=2997"},{"taxonomy":"product_cat","embeddable":true,"href":"https:\/\/elguacamaya.com.uy\/index.php\/wp-json\/wp\/v2\/product_cat?post=2997"},{"taxonomy":"product_tag","embeddable":true,"href":"https:\/\/elguacamaya.com.uy\/index.php\/wp-json\/wp\/v2\/product_tag?post=2997"}],"curies":[{"name":"wp","href":"https:\/\/api.w.org\/{rel}","templated":true}]}}