{"id":2992,"date":"2025-01-24T14:01:45","date_gmt":"2025-01-24T14:01:45","guid":{"rendered":"https:\/\/elguacamaya.com.uy\/?post_type=product&#038;p=2992"},"modified":"2025-05-08T21:27:09","modified_gmt":"2025-05-08T21:27:09","slug":"hinojo","status":"publish","type":"product","link":"https:\/\/elguacamaya.com.uy\/index.php\/producto\/hinojo\/","title":{"rendered":"Hinojo"},"content":{"rendered":"<p>Esta verdura arom\u00e1tica aporta una gran cantidad de sabor y beneficios a nuestros platos. Su sabor es dulce y ligeramente anisado y es un ingrediente profundamente arraigado en la cultura mediterr\u00e1nea.<\/p>\n<p>Se puede comer crudo o cocido. Asado, hervido, salteado o crudo son sus formas m\u00e1s habituales de prepararlo, pero tambi\u00e9n hay quienes envuelven con \u00e9l o aromatizan carnes, aves, otras verduras y diferentes productos del mar para ponerlos en las brasas o en la barbacoa, quienes lo cocinan junto a guisos y cremas o quienes lo incorporan en ensaladas, aromatizan aceites y sales o utilizan sus semillas para diferentes elaboraciones.<\/p>\n","protected":false},"excerpt":{"rendered":"<p>Esta verdura arom\u00e1tica aporta una gran cantidad de sabor y beneficios a nuestros platos. Su sabor es dulce y ligeramente anisado y es un ingrediente profundamente arraigado en la cultura mediterr\u00e1nea. Se puede comer crudo o cocido. Asado, hervido, salteado o crudo son sus formas m\u00e1s habituales de prepararlo, pero tambi\u00e9n hay quienes envuelven con &hellip;<\/p>\n<p class=\"read-more\"> <a class=\"\" href=\"https:\/\/elguacamaya.com.uy\/index.php\/producto\/hinojo\/\"> <span class=\"screen-reader-text\">Hinojo<\/span> Leer m\u00e1s &raquo;<\/a><\/p>\n","protected":false},"featured_media":2988,"template":"","meta":{"site-sidebar-layout":"default","site-content-layout":"default","ast-global-header-display":"","ast-banner-title-visibility":"","ast-main-header-display":"","ast-hfb-above-header-display":"","ast-hfb-below-header-display":"","ast-hfb-mobile-header-display":"","site-post-title":"","ast-breadcrumbs-content":"","ast-featured-img":"","footer-sml-layout":"","theme-transparent-header-meta":"default","adv-header-id-meta":"","stick-header-meta":"","header-above-stick-meta":"","header-main-stick-meta":"","header-below-stick-meta":"","_joinchat":[]},"product_brand":[],"product_cat":[23],"product_tag":[],"class_list":{"0":"post-2992","1":"product","2":"type-product","3":"status-publish","4":"has-post-thumbnail","6":"product_cat-condimentos","7":"desktop-align-left","8":"tablet-align-left","9":"mobile-align-left","11":"first","12":"instock","13":"taxable","14":"shipping-taxable","15":"purchasable","16":"product-type-variable"},"_links":{"self":[{"href":"https:\/\/elguacamaya.com.uy\/index.php\/wp-json\/wp\/v2\/product\/2992","targetHints":{"allow":["GET"]}}],"collection":[{"href":"https:\/\/elguacamaya.com.uy\/index.php\/wp-json\/wp\/v2\/product"}],"about":[{"href":"https:\/\/elguacamaya.com.uy\/index.php\/wp-json\/wp\/v2\/types\/product"}],"version-history":[{"count":1,"href":"https:\/\/elguacamaya.com.uy\/index.php\/wp-json\/wp\/v2\/product\/2992\/revisions"}],"predecessor-version":[{"id":2996,"href":"https:\/\/elguacamaya.com.uy\/index.php\/wp-json\/wp\/v2\/product\/2992\/revisions\/2996"}],"wp:featuredmedia":[{"embeddable":true,"href":"https:\/\/elguacamaya.com.uy\/index.php\/wp-json\/wp\/v2\/media\/2988"}],"wp:attachment":[{"href":"https:\/\/elguacamaya.com.uy\/index.php\/wp-json\/wp\/v2\/media?parent=2992"}],"wp:term":[{"taxonomy":"product_brand","embeddable":true,"href":"https:\/\/elguacamaya.com.uy\/index.php\/wp-json\/wp\/v2\/product_brand?post=2992"},{"taxonomy":"product_cat","embeddable":true,"href":"https:\/\/elguacamaya.com.uy\/index.php\/wp-json\/wp\/v2\/product_cat?post=2992"},{"taxonomy":"product_tag","embeddable":true,"href":"https:\/\/elguacamaya.com.uy\/index.php\/wp-json\/wp\/v2\/product_tag?post=2992"}],"curies":[{"name":"wp","href":"https:\/\/api.w.org\/{rel}","templated":true}]}}