{"id":2879,"date":"2025-01-23T17:59:02","date_gmt":"2025-01-23T17:59:02","guid":{"rendered":"https:\/\/elguacamaya.com.uy\/?post_type=product&#038;p=2879"},"modified":"2025-03-12T18:43:25","modified_gmt":"2025-03-12T18:43:25","slug":"te-verde","status":"publish","type":"product","link":"https:\/\/elguacamaya.com.uy\/index.php\/producto\/te-verde\/","title":{"rendered":"Te Verde"},"content":{"rendered":"<p>El t\u00e9 verde es una planta que aporta diversos beneficios para la salud, ayudando en la prevenci\u00f3n de varios tipos de c\u00e1ncer, retardar el envejecimiento prematuro y el surgimiento de enfermedades cr\u00f3nicas, adem\u00e1s de favorecer la p\u00e9rdida de peso y mejorar la disposici\u00f3n f\u00edsica y mental.<\/p>\n<p>Este tipo de t\u00e9 se produce a partir de la hoja fresca de la planta <em>Camellia sinensis\u00a0<\/em>y sus beneficios se deben a que es rico en compuestos fen\u00f3licos, catequinas (antioxidante) y flavonoides, adem\u00e1s de contener cafe\u00edna, los cuales act\u00faan como antioxidantes y ejercen acci\u00f3n hipoglucemiante (reduce la cantidad de glucosa en la sangre), antiinflamatoria, antibacteriana, antiviral y estimulante.<\/p>\n","protected":false},"excerpt":{"rendered":"<p>El t\u00e9 verde es una planta que aporta diversos beneficios para la salud, ayudando en la prevenci\u00f3n de varios tipos de c\u00e1ncer, retardar el envejecimiento prematuro y el surgimiento de enfermedades cr\u00f3nicas, adem\u00e1s de favorecer la p\u00e9rdida de peso y mejorar la disposici\u00f3n f\u00edsica y mental. Este tipo de t\u00e9 se produce a partir de &hellip;<\/p>\n<p class=\"read-more\"> <a class=\"\" href=\"https:\/\/elguacamaya.com.uy\/index.php\/producto\/te-verde\/\"> <span class=\"screen-reader-text\">Te Verde<\/span> Leer m\u00e1s &raquo;<\/a><\/p>\n","protected":false},"featured_media":3680,"template":"","meta":{"site-sidebar-layout":"default","site-content-layout":"default","ast-global-header-display":"","ast-banner-title-visibility":"","ast-main-header-display":"","ast-hfb-above-header-display":"","ast-hfb-below-header-display":"","ast-hfb-mobile-header-display":"","site-post-title":"","ast-breadcrumbs-content":"","ast-featured-img":"","footer-sml-layout":"","theme-transparent-header-meta":"default","adv-header-id-meta":"","stick-header-meta":"","header-above-stick-meta":"","header-main-stick-meta":"","header-below-stick-meta":"","_joinchat":[]},"product_brand":[],"product_cat":[54],"product_tag":[],"class_list":{"0":"post-2879","1":"product","2":"type-product","3":"status-publish","4":"has-post-thumbnail","6":"product_cat-productos-saludables-adu-acelu-y-organicos","7":"desktop-align-left","8":"tablet-align-left","9":"mobile-align-left","11":"first","12":"instock","13":"taxable","14":"shipping-taxable","15":"purchasable","16":"product-type-variable"},"_links":{"self":[{"href":"https:\/\/elguacamaya.com.uy\/index.php\/wp-json\/wp\/v2\/product\/2879","targetHints":{"allow":["GET"]}}],"collection":[{"href":"https:\/\/elguacamaya.com.uy\/index.php\/wp-json\/wp\/v2\/product"}],"about":[{"href":"https:\/\/elguacamaya.com.uy\/index.php\/wp-json\/wp\/v2\/types\/product"}],"version-history":[{"count":3,"href":"https:\/\/elguacamaya.com.uy\/index.php\/wp-json\/wp\/v2\/product\/2879\/revisions"}],"predecessor-version":[{"id":2885,"href":"https:\/\/elguacamaya.com.uy\/index.php\/wp-json\/wp\/v2\/product\/2879\/revisions\/2885"}],"wp:featuredmedia":[{"embeddable":true,"href":"https:\/\/elguacamaya.com.uy\/index.php\/wp-json\/wp\/v2\/media\/3680"}],"wp:attachment":[{"href":"https:\/\/elguacamaya.com.uy\/index.php\/wp-json\/wp\/v2\/media?parent=2879"}],"wp:term":[{"taxonomy":"product_brand","embeddable":true,"href":"https:\/\/elguacamaya.com.uy\/index.php\/wp-json\/wp\/v2\/product_brand?post=2879"},{"taxonomy":"product_cat","embeddable":true,"href":"https:\/\/elguacamaya.com.uy\/index.php\/wp-json\/wp\/v2\/product_cat?post=2879"},{"taxonomy":"product_tag","embeddable":true,"href":"https:\/\/elguacamaya.com.uy\/index.php\/wp-json\/wp\/v2\/product_tag?post=2879"}],"curies":[{"name":"wp","href":"https:\/\/api.w.org\/{rel}","templated":true}]}}