{"id":2784,"date":"2025-02-17T18:28:38","date_gmt":"2025-02-17T18:28:38","guid":{"rendered":"https:\/\/elguacamaya.com.uy\/?post_type=product&#038;p=2784"},"modified":"2025-02-17T18:28:38","modified_gmt":"2025-02-17T18:28:38","slug":"germen-de-trigo-100grs","status":"publish","type":"product","link":"https:\/\/elguacamaya.com.uy\/index.php\/producto\/germen-de-trigo-100grs\/","title":{"rendered":"Germen de trigo 100grs"},"content":{"rendered":"<p>Que es el Germen de trigo?<\/p>\n<p>Es la parte de la semilla que germinar\u00e1 y de la que nacer\u00e1 una nueva planta. No est\u00e1 presente en la mayor\u00eda de los productos derivados del trigo, como las harinas, ya que en el proceso de refinado se elimina con el objetivo de evitar el enranciamiento del cereal.<\/p>\n<p>El germen de trigo destaca por su contenido en vitamina E, \u00e1cidos grasos esenciales, prote\u00ednas e hidratos de carbono, vitaminas del grupo B y minerales como el potasio, el f\u00f3sforo y el magnesio.<\/p>\n<p><span id=\"Beneficios_para_la_salud\">Beneficios para la salud<\/span><\/p>\n<ul>\n<li><strong>Prevenci\u00f3n de enfermedades<\/strong>. Al ser una fuente importante de antioxidantes, gracias a su contenido en vitamina E, ayuda a combatir los radicales libres que se producen en el organismo, da\u00f1inos para el organismo ya que alteran el ADN de los genes, prote\u00ednas y grasas. Bajos niveles de antioxidantes son precursores de algunas enfermedades como el c\u00e1ncer o enfermedades cardiovasculares. Adem\u00e1s, juegan un papel importante en los procesos de envejecimiento.<\/li>\n<li><strong>Acci\u00f3n cardio protectora<\/strong>: gracias a su contenido en fibra y \u00e1cidos grasos esenciales, ayuda a mejorar el perfil lip\u00eddico, la tensi\u00f3n arterial y, en general, a prevenir enfermedades cardiovasculares.<\/li>\n<li><strong>Mejora el sistema inmunol\u00f3gico<\/strong><\/li>\n<\/ul>\n<p>Las vitaminas del grupo B participan en el buen funcionamiento del sistema inmunol\u00f3gico, aumentando las defensas del organismo.<\/p>\n<p><span id=\"Como_consumirlo\">C\u00f3mo consumirlo<\/span><\/p>\n<p>El germen de trigo puede consumirse en\u00a0copos o en forma de polvo. Es una buena opci\u00f3n mezclarlo con jugo, leche o sopa, a\u00f1adido al yogur o espolvoreado en las ensaladas. Tambi\u00e9n puede a\u00f1adirse como ingrediente en rellenos, hamburguesas, alb\u00f3ndigas o tortillas.<\/p>\n","protected":false},"excerpt":{"rendered":"<p>Que es el Germen de trigo? Es la parte de la semilla que germinar\u00e1 y de la que nacer\u00e1 una nueva planta. No est\u00e1 presente en la mayor\u00eda de los productos derivados del trigo, como las harinas, ya que en el proceso de refinado se elimina con el objetivo de evitar el enranciamiento del cereal. &hellip;<\/p>\n<p class=\"read-more\"> <a class=\"\" href=\"https:\/\/elguacamaya.com.uy\/index.php\/producto\/germen-de-trigo-100grs\/\"> <span class=\"screen-reader-text\">Germen de trigo 100grs<\/span> Leer m\u00e1s &raquo;<\/a><\/p>\n","protected":false},"featured_media":3577,"template":"","meta":{"site-sidebar-layout":"default","site-content-layout":"default","ast-global-header-display":"","ast-banner-title-visibility":"","ast-main-header-display":"","ast-hfb-above-header-display":"","ast-hfb-below-header-display":"","ast-hfb-mobile-header-display":"","site-post-title":"","ast-breadcrumbs-content":"","ast-featured-img":"","footer-sml-layout":"","theme-transparent-header-meta":"default","adv-header-id-meta":"","stick-header-meta":"","header-above-stick-meta":"","header-main-stick-meta":"","header-below-stick-meta":"","_joinchat":[]},"product_brand":[],"product_cat":[22],"product_tag":[],"class_list":{"0":"post-2784","1":"product","2":"type-product","3":"status-publish","4":"has-post-thumbnail","6":"product_cat-sin-categorizar","7":"desktop-align-left","8":"tablet-align-left","9":"mobile-align-left","11":"first","12":"instock","13":"taxable","14":"shipping-taxable","15":"purchasable","16":"product-type-simple"},"_links":{"self":[{"href":"https:\/\/elguacamaya.com.uy\/index.php\/wp-json\/wp\/v2\/product\/2784","targetHints":{"allow":["GET"]}}],"collection":[{"href":"https:\/\/elguacamaya.com.uy\/index.php\/wp-json\/wp\/v2\/product"}],"about":[{"href":"https:\/\/elguacamaya.com.uy\/index.php\/wp-json\/wp\/v2\/types\/product"}],"version-history":[{"count":2,"href":"https:\/\/elguacamaya.com.uy\/index.php\/wp-json\/wp\/v2\/product\/2784\/revisions"}],"predecessor-version":[{"id":3578,"href":"https:\/\/elguacamaya.com.uy\/index.php\/wp-json\/wp\/v2\/product\/2784\/revisions\/3578"}],"wp:featuredmedia":[{"embeddable":true,"href":"https:\/\/elguacamaya.com.uy\/index.php\/wp-json\/wp\/v2\/media\/3577"}],"wp:attachment":[{"href":"https:\/\/elguacamaya.com.uy\/index.php\/wp-json\/wp\/v2\/media?parent=2784"}],"wp:term":[{"taxonomy":"product_brand","embeddable":true,"href":"https:\/\/elguacamaya.com.uy\/index.php\/wp-json\/wp\/v2\/product_brand?post=2784"},{"taxonomy":"product_cat","embeddable":true,"href":"https:\/\/elguacamaya.com.uy\/index.php\/wp-json\/wp\/v2\/product_cat?post=2784"},{"taxonomy":"product_tag","embeddable":true,"href":"https:\/\/elguacamaya.com.uy\/index.php\/wp-json\/wp\/v2\/product_tag?post=2784"}],"curies":[{"name":"wp","href":"https:\/\/api.w.org\/{rel}","templated":true}]}}