{"id":2777,"date":"2025-01-09T12:45:00","date_gmt":"2025-01-09T12:45:00","guid":{"rendered":"https:\/\/elguacamaya.com.uy\/?post_type=product&#038;p=2777"},"modified":"2025-04-25T19:01:36","modified_gmt":"2025-04-25T19:01:36","slug":"tapioca","status":"publish","type":"product","link":"https:\/\/elguacamaya.com.uy\/index.php\/producto\/tapioca\/","title":{"rendered":"Tapioca"},"content":{"rendered":"<p class=\"sc-1d9c7da-0 gkmXIT\">La tapioca es un almid\u00f3n obtenido de la yuca. Para algunos es un ingrediente poco conocido, pero en muchas regiones es un alimento b\u00e1sico y de gran consumo.<\/p>\n<p class=\"sc-1d9c7da-0 gkmXIT\">Su sabor neutro le permite ser muy vers\u00e1til en la cocina. Se puede usar tanto en platos dulces como salados, as\u00ed que destaca en postres con leche, pudines, sopas, salsas y es un excelente espesante de muchas preparaciones.<\/p>\n<p>Es un alimento vers\u00e1til, de f\u00e1cil digesti\u00f3n y que no tiene gluten, por lo que puede desempe\u00f1ar varias funciones positivas.<\/p>\n","protected":false},"excerpt":{"rendered":"<p>500gr<\/p>\n","protected":false},"featured_media":3684,"template":"","meta":{"site-sidebar-layout":"default","site-content-layout":"default","ast-global-header-display":"","ast-banner-title-visibility":"","ast-main-header-display":"","ast-hfb-above-header-display":"","ast-hfb-below-header-display":"","ast-hfb-mobile-header-display":"","site-post-title":"","ast-breadcrumbs-content":"","ast-featured-img":"","footer-sml-layout":"","theme-transparent-header-meta":"default","adv-header-id-meta":"","stick-header-meta":"","header-above-stick-meta":"","header-main-stick-meta":"","header-below-stick-meta":"","_joinchat":[]},"product_brand":[],"product_cat":[48],"product_tag":[],"class_list":{"0":"post-2777","1":"product","2":"type-product","3":"status-publish","4":"has-post-thumbnail","6":"product_cat-harinas","7":"desktop-align-left","8":"tablet-align-left","9":"mobile-align-left","11":"first","12":"instock","13":"taxable","14":"shipping-taxable","15":"purchasable","16":"product-type-simple"},"_links":{"self":[{"href":"https:\/\/elguacamaya.com.uy\/index.php\/wp-json\/wp\/v2\/product\/2777","targetHints":{"allow":["GET"]}}],"collection":[{"href":"https:\/\/elguacamaya.com.uy\/index.php\/wp-json\/wp\/v2\/product"}],"about":[{"href":"https:\/\/elguacamaya.com.uy\/index.php\/wp-json\/wp\/v2\/types\/product"}],"version-history":[{"count":3,"href":"https:\/\/elguacamaya.com.uy\/index.php\/wp-json\/wp\/v2\/product\/2777\/revisions"}],"predecessor-version":[{"id":4224,"href":"https:\/\/elguacamaya.com.uy\/index.php\/wp-json\/wp\/v2\/product\/2777\/revisions\/4224"}],"wp:featuredmedia":[{"embeddable":true,"href":"https:\/\/elguacamaya.com.uy\/index.php\/wp-json\/wp\/v2\/media\/3684"}],"wp:attachment":[{"href":"https:\/\/elguacamaya.com.uy\/index.php\/wp-json\/wp\/v2\/media?parent=2777"}],"wp:term":[{"taxonomy":"product_brand","embeddable":true,"href":"https:\/\/elguacamaya.com.uy\/index.php\/wp-json\/wp\/v2\/product_brand?post=2777"},{"taxonomy":"product_cat","embeddable":true,"href":"https:\/\/elguacamaya.com.uy\/index.php\/wp-json\/wp\/v2\/product_cat?post=2777"},{"taxonomy":"product_tag","embeddable":true,"href":"https:\/\/elguacamaya.com.uy\/index.php\/wp-json\/wp\/v2\/product_tag?post=2777"}],"curies":[{"name":"wp","href":"https:\/\/api.w.org\/{rel}","templated":true}]}}