{"id":2771,"date":"2024-09-05T14:58:22","date_gmt":"2024-09-05T14:58:22","guid":{"rendered":"https:\/\/elguacamaya.com.uy\/?post_type=product&#038;p=2771"},"modified":"2026-03-21T13:39:11","modified_gmt":"2026-03-21T13:39:11","slug":"farina","status":"publish","type":"product","link":"https:\/\/elguacamaya.com.uy\/index.php\/producto\/farina\/","title":{"rendered":"FARI\u00d1A"},"content":{"rendered":"<p>Desintoxica el organismo, reduce los niveles de colesterol malo, mejora la circulaci\u00f3n de la sangre, aumentando la producci\u00f3n de plaquetas.\u00a0 Previene la arterioesclerosis y la formaci\u00f3n de trombos, facilita el drenaje linf\u00e1tico y reduce el exceso de acido \u00farico. Es rica en vitaminas A, B2,B3, B6, B9, o acido f\u00f3lico, C, K, y minerales como el Potasio, Magnesio, Fosforo, Calcio, Hierro, y Sodio.<\/p>\n","protected":false},"excerpt":{"rendered":"<p>Desintoxica el organismo, reduce los niveles de colesterol malo, mejora la circulaci\u00f3n de la sangre, aumentando la producci\u00f3n de plaquetas.\u00a0 Previene la arterioesclerosis y la formaci\u00f3n de trombos, facilita el drenaje linf\u00e1tico y reduce el exceso de acido \u00farico. Es rica en vitaminas A, B2,B3, B6, B9, o acido f\u00f3lico, C, K, y minerales como &hellip;<\/p>\n<p class=\"read-more\"> <a class=\"\" href=\"https:\/\/elguacamaya.com.uy\/index.php\/producto\/farina\/\"> <span class=\"screen-reader-text\">FARI\u00d1A<\/span> Leer m\u00e1s &raquo;<\/a><\/p>\n","protected":false},"featured_media":3688,"template":"","meta":{"site-sidebar-layout":"default","site-content-layout":"default","ast-global-header-display":"","ast-banner-title-visibility":"","ast-main-header-display":"","ast-hfb-above-header-display":"","ast-hfb-below-header-display":"","ast-hfb-mobile-header-display":"","site-post-title":"","ast-breadcrumbs-content":"","ast-featured-img":"","footer-sml-layout":"","theme-transparent-header-meta":"default","adv-header-id-meta":"","stick-header-meta":"","header-above-stick-meta":"","header-main-stick-meta":"","header-below-stick-meta":"","_joinchat":[]},"product_brand":[],"product_cat":[48],"product_tag":[],"class_list":{"0":"post-2771","1":"product","2":"type-product","3":"status-publish","4":"has-post-thumbnail","6":"product_cat-harinas","7":"desktop-align-left","8":"tablet-align-left","9":"mobile-align-left","11":"first","12":"instock","13":"sale","14":"taxable","15":"shipping-taxable","16":"purchasable","17":"product-type-variable"},"_links":{"self":[{"href":"https:\/\/elguacamaya.com.uy\/index.php\/wp-json\/wp\/v2\/product\/2771","targetHints":{"allow":["GET"]}}],"collection":[{"href":"https:\/\/elguacamaya.com.uy\/index.php\/wp-json\/wp\/v2\/product"}],"about":[{"href":"https:\/\/elguacamaya.com.uy\/index.php\/wp-json\/wp\/v2\/types\/product"}],"version-history":[{"count":3,"href":"https:\/\/elguacamaya.com.uy\/index.php\/wp-json\/wp\/v2\/product\/2771\/revisions"}],"predecessor-version":[{"id":2819,"href":"https:\/\/elguacamaya.com.uy\/index.php\/wp-json\/wp\/v2\/product\/2771\/revisions\/2819"}],"wp:featuredmedia":[{"embeddable":true,"href":"https:\/\/elguacamaya.com.uy\/index.php\/wp-json\/wp\/v2\/media\/3688"}],"wp:attachment":[{"href":"https:\/\/elguacamaya.com.uy\/index.php\/wp-json\/wp\/v2\/media?parent=2771"}],"wp:term":[{"taxonomy":"product_brand","embeddable":true,"href":"https:\/\/elguacamaya.com.uy\/index.php\/wp-json\/wp\/v2\/product_brand?post=2771"},{"taxonomy":"product_cat","embeddable":true,"href":"https:\/\/elguacamaya.com.uy\/index.php\/wp-json\/wp\/v2\/product_cat?post=2771"},{"taxonomy":"product_tag","embeddable":true,"href":"https:\/\/elguacamaya.com.uy\/index.php\/wp-json\/wp\/v2\/product_tag?post=2771"}],"curies":[{"name":"wp","href":"https:\/\/api.w.org\/{rel}","templated":true}]}}