{"id":2716,"date":"2024-05-30T18:12:15","date_gmt":"2024-05-30T18:12:15","guid":{"rendered":"https:\/\/elguacamaya.com.uy\/?post_type=product&#038;p=2716"},"modified":"2025-02-19T18:03:22","modified_gmt":"2025-02-19T18:03:22","slug":"papaya","status":"publish","type":"product","link":"https:\/\/elguacamaya.com.uy\/index.php\/producto\/papaya\/","title":{"rendered":"Papaya"},"content":{"rendered":"<p>Porque es bueno consumir Papaya?<\/p>\n<p>Est\u00e1 compuesta principalmente por: agua, hidratos de carbono y papa\u00edna, la cual es una enzima que ayuda a digerir las prote\u00ednas. La papaya es ampliamente reconocida por sus cualidades m\u00e9dico-intestinales y por su gran aporte de vitamina A y C al organismo, as\u00ed como sus propiedades curativas.<\/p>\n","protected":false},"excerpt":{"rendered":"<p>Porque es bueno consumir Papaya? Est\u00e1 compuesta principalmente por: agua, hidratos de carbono y papa\u00edna, la cual es una enzima que ayuda a digerir las prote\u00ednas. La papaya es ampliamente reconocida por sus cualidades m\u00e9dico-intestinales y por su gran aporte de vitamina A y C al organismo, as\u00ed como sus propiedades curativas.<\/p>\n","protected":false},"featured_media":3693,"template":"","meta":{"site-sidebar-layout":"default","site-content-layout":"default","ast-global-header-display":"","ast-banner-title-visibility":"","ast-main-header-display":"","ast-hfb-above-header-display":"","ast-hfb-below-header-display":"","ast-hfb-mobile-header-display":"","site-post-title":"","ast-breadcrumbs-content":"","ast-featured-img":"","footer-sml-layout":"","theme-transparent-header-meta":"default","adv-header-id-meta":"","stick-header-meta":"","header-above-stick-meta":"","header-main-stick-meta":"","header-below-stick-meta":"","_joinchat":[]},"product_brand":[],"product_cat":[36],"product_tag":[],"class_list":{"0":"post-2716","1":"product","2":"type-product","3":"status-publish","4":"has-post-thumbnail","6":"product_cat-frutas-secos-y-deshidratados","7":"desktop-align-left","8":"tablet-align-left","9":"mobile-align-left","11":"first","12":"instock","13":"taxable","14":"shipping-taxable","15":"purchasable","16":"product-type-variable"},"_links":{"self":[{"href":"https:\/\/elguacamaya.com.uy\/index.php\/wp-json\/wp\/v2\/product\/2716","targetHints":{"allow":["GET"]}}],"collection":[{"href":"https:\/\/elguacamaya.com.uy\/index.php\/wp-json\/wp\/v2\/product"}],"about":[{"href":"https:\/\/elguacamaya.com.uy\/index.php\/wp-json\/wp\/v2\/types\/product"}],"version-history":[{"count":1,"href":"https:\/\/elguacamaya.com.uy\/index.php\/wp-json\/wp\/v2\/product\/2716\/revisions"}],"predecessor-version":[{"id":2721,"href":"https:\/\/elguacamaya.com.uy\/index.php\/wp-json\/wp\/v2\/product\/2716\/revisions\/2721"}],"wp:featuredmedia":[{"embeddable":true,"href":"https:\/\/elguacamaya.com.uy\/index.php\/wp-json\/wp\/v2\/media\/3693"}],"wp:attachment":[{"href":"https:\/\/elguacamaya.com.uy\/index.php\/wp-json\/wp\/v2\/media?parent=2716"}],"wp:term":[{"taxonomy":"product_brand","embeddable":true,"href":"https:\/\/elguacamaya.com.uy\/index.php\/wp-json\/wp\/v2\/product_brand?post=2716"},{"taxonomy":"product_cat","embeddable":true,"href":"https:\/\/elguacamaya.com.uy\/index.php\/wp-json\/wp\/v2\/product_cat?post=2716"},{"taxonomy":"product_tag","embeddable":true,"href":"https:\/\/elguacamaya.com.uy\/index.php\/wp-json\/wp\/v2\/product_tag?post=2716"}],"curies":[{"name":"wp","href":"https:\/\/api.w.org\/{rel}","templated":true}]}}