{"id":2681,"date":"2024-03-19T14:52:32","date_gmt":"2024-03-19T14:52:32","guid":{"rendered":"https:\/\/elguacamaya.com.uy\/?post_type=product&#038;p=2681"},"modified":"2025-02-19T18:04:33","modified_gmt":"2025-02-19T18:04:33","slug":"porotos-de-soja","status":"publish","type":"product","link":"https:\/\/elguacamaya.com.uy\/index.php\/producto\/porotos-de-soja\/","title":{"rendered":"Porotos de soja"},"content":{"rendered":"<h6><span id=\"Por_que_debe_consumirse\">\u00bfPor qu\u00e9 debe consumirse?<\/span><\/h6>\n<p>Los porotos de soja<strong>\u00a0son ricos en prote\u00edna y m\u00e1s bajos en grasa que la mayor\u00eda de los productos de carne.<\/strong>\u00a0Aunque los productos de soja contienen grasa, ellos no tienen la grasa saturada que puede causar problemas como enfermedades cardiovasculares. A\u00fan as\u00ed, es el contenido de micronutrientes en la soja (y, consecuentemente, en otras legumbres) lo que puede que sea de mayor relevancia.<\/p>\n<p>Por ejemplo, fitoqu\u00edmicos tales como saponina (presentes en una variedad de legumbres) y fitoestr\u00f3genos isoflavonoides (los estr\u00f3genos de la planta -presentes principalmente en la soja-) estimulan el bienestar de los huesos y reducen el riesgo, tanto de enfermedades cardiovasculares, como de c\u00e1nceres relacionados con las hormonas. Al igual que la mayor\u00eda de las legumbres,<strong>\u00a0la soja es una excelente fuente de fibra diet\u00e9tica, hidratos de carbono complejos y prote\u00ednas vegetales.<\/strong><\/p>\n","protected":false},"excerpt":{"rendered":"<p>1kg<\/p>\n","protected":false},"featured_media":3694,"template":"","meta":{"site-sidebar-layout":"default","site-content-layout":"default","ast-global-header-display":"","ast-banner-title-visibility":"","ast-main-header-display":"","ast-hfb-above-header-display":"","ast-hfb-below-header-display":"","ast-hfb-mobile-header-display":"","site-post-title":"","ast-breadcrumbs-content":"","ast-featured-img":"","footer-sml-layout":"","theme-transparent-header-meta":"default","adv-header-id-meta":"","stick-header-meta":"","header-above-stick-meta":"","header-main-stick-meta":"","header-below-stick-meta":"","_joinchat":[]},"product_brand":[],"product_cat":[26,54],"product_tag":[],"class_list":{"0":"post-2681","1":"product","2":"type-product","3":"status-publish","4":"has-post-thumbnail","6":"product_cat-cereales-granos-y-semillas","7":"product_cat-productos-saludables-adu-acelu-y-organicos","8":"desktop-align-left","9":"tablet-align-left","10":"mobile-align-left","12":"first","13":"instock","14":"taxable","15":"shipping-taxable","16":"purchasable","17":"product-type-simple"},"_links":{"self":[{"href":"https:\/\/elguacamaya.com.uy\/index.php\/wp-json\/wp\/v2\/product\/2681","targetHints":{"allow":["GET"]}}],"collection":[{"href":"https:\/\/elguacamaya.com.uy\/index.php\/wp-json\/wp\/v2\/product"}],"about":[{"href":"https:\/\/elguacamaya.com.uy\/index.php\/wp-json\/wp\/v2\/types\/product"}],"version-history":[{"count":1,"href":"https:\/\/elguacamaya.com.uy\/index.php\/wp-json\/wp\/v2\/product\/2681\/revisions"}],"predecessor-version":[{"id":2683,"href":"https:\/\/elguacamaya.com.uy\/index.php\/wp-json\/wp\/v2\/product\/2681\/revisions\/2683"}],"wp:featuredmedia":[{"embeddable":true,"href":"https:\/\/elguacamaya.com.uy\/index.php\/wp-json\/wp\/v2\/media\/3694"}],"wp:attachment":[{"href":"https:\/\/elguacamaya.com.uy\/index.php\/wp-json\/wp\/v2\/media?parent=2681"}],"wp:term":[{"taxonomy":"product_brand","embeddable":true,"href":"https:\/\/elguacamaya.com.uy\/index.php\/wp-json\/wp\/v2\/product_brand?post=2681"},{"taxonomy":"product_cat","embeddable":true,"href":"https:\/\/elguacamaya.com.uy\/index.php\/wp-json\/wp\/v2\/product_cat?post=2681"},{"taxonomy":"product_tag","embeddable":true,"href":"https:\/\/elguacamaya.com.uy\/index.php\/wp-json\/wp\/v2\/product_tag?post=2681"}],"curies":[{"name":"wp","href":"https:\/\/api.w.org\/{rel}","templated":true}]}}