{"id":2655,"date":"2024-03-19T13:36:10","date_gmt":"2024-03-19T13:36:10","guid":{"rendered":"https:\/\/elguacamaya.com.uy\/?post_type=product&#038;p=2655"},"modified":"2025-05-06T19:18:31","modified_gmt":"2025-05-06T19:18:31","slug":"lentejas-peladas","status":"publish","type":"product","link":"https:\/\/elguacamaya.com.uy\/index.php\/producto\/lentejas-peladas\/","title":{"rendered":"Lentejas peladas"},"content":{"rendered":"<p>La lenteja pelada son\u00a0<b>lentejas a las que se le quita la piel quedando un grano de color naranja<\/b>, por eso tambi\u00e9n se la conoce como lenteja naranja pelada. Esta lenteja al no tener piel no es necesaria ponerla a remojo y tiene una cocci\u00f3n r\u00e1pida.<\/p>\n<p>Las lentejas\u00a0<b>son una saludable fuente de energ\u00eda y de prote\u00ednas para el organismo, que tambi\u00e9n aporta abundantes minerales y vitaminas<\/b>. Las lentejas son ricas en prote\u00ednas con un porcentaje muy superior a cualquier otro alimento de origen vegetal.<\/p>\n","protected":false},"excerpt":{"rendered":"<p>500gr<\/p>\n","protected":false},"featured_media":3697,"template":"","meta":{"site-sidebar-layout":"default","site-content-layout":"default","ast-global-header-display":"","ast-banner-title-visibility":"","ast-main-header-display":"","ast-hfb-above-header-display":"","ast-hfb-below-header-display":"","ast-hfb-mobile-header-display":"","site-post-title":"","ast-breadcrumbs-content":"","ast-featured-img":"","footer-sml-layout":"","theme-transparent-header-meta":"default","adv-header-id-meta":"","stick-header-meta":"","header-above-stick-meta":"","header-main-stick-meta":"","header-below-stick-meta":"","_joinchat":[]},"product_brand":[],"product_cat":[26],"product_tag":[],"class_list":{"0":"post-2655","1":"product","2":"type-product","3":"status-publish","4":"has-post-thumbnail","6":"product_cat-cereales-granos-y-semillas","7":"desktop-align-left","8":"tablet-align-left","9":"mobile-align-left","11":"first","12":"instock","13":"taxable","14":"shipping-taxable","15":"purchasable","16":"product-type-simple"},"_links":{"self":[{"href":"https:\/\/elguacamaya.com.uy\/index.php\/wp-json\/wp\/v2\/product\/2655","targetHints":{"allow":["GET"]}}],"collection":[{"href":"https:\/\/elguacamaya.com.uy\/index.php\/wp-json\/wp\/v2\/product"}],"about":[{"href":"https:\/\/elguacamaya.com.uy\/index.php\/wp-json\/wp\/v2\/types\/product"}],"version-history":[{"count":1,"href":"https:\/\/elguacamaya.com.uy\/index.php\/wp-json\/wp\/v2\/product\/2655\/revisions"}],"predecessor-version":[{"id":2657,"href":"https:\/\/elguacamaya.com.uy\/index.php\/wp-json\/wp\/v2\/product\/2655\/revisions\/2657"}],"wp:featuredmedia":[{"embeddable":true,"href":"https:\/\/elguacamaya.com.uy\/index.php\/wp-json\/wp\/v2\/media\/3697"}],"wp:attachment":[{"href":"https:\/\/elguacamaya.com.uy\/index.php\/wp-json\/wp\/v2\/media?parent=2655"}],"wp:term":[{"taxonomy":"product_brand","embeddable":true,"href":"https:\/\/elguacamaya.com.uy\/index.php\/wp-json\/wp\/v2\/product_brand?post=2655"},{"taxonomy":"product_cat","embeddable":true,"href":"https:\/\/elguacamaya.com.uy\/index.php\/wp-json\/wp\/v2\/product_cat?post=2655"},{"taxonomy":"product_tag","embeddable":true,"href":"https:\/\/elguacamaya.com.uy\/index.php\/wp-json\/wp\/v2\/product_tag?post=2655"}],"curies":[{"name":"wp","href":"https:\/\/api.w.org\/{rel}","templated":true}]}}