{"id":2608,"date":"2024-03-06T14:43:04","date_gmt":"2024-03-06T14:43:04","guid":{"rendered":"https:\/\/elguacamaya.com.uy\/?post_type=product&#038;p=2608"},"modified":"2025-04-25T18:47:11","modified_gmt":"2025-04-25T18:47:11","slug":"fecula-de-papa","status":"publish","type":"product","link":"https:\/\/elguacamaya.com.uy\/index.php\/producto\/fecula-de-papa\/","title":{"rendered":"F\u00e9cula de papa"},"content":{"rendered":"<p>Espesante incoloro en salsas, sopas, helados, gelatinas. No cambia el color ni el sabor del alimento. Sustituye grasas en panader\u00eda y reposter\u00eda, brindando esponjosidad y mejora la quebrabilidad en galleter\u00eda. Puede utilizarse sola o mezclada con harina de arroz o f\u00e9culas (ma\u00edz, mandioca), tanto para recetas saladas como dulces.<\/p>\n","protected":false},"excerpt":{"rendered":"<p>2 presentaciones<\/p>\n","protected":false},"featured_media":3699,"template":"","meta":{"site-sidebar-layout":"default","site-content-layout":"default","ast-global-header-display":"","ast-banner-title-visibility":"","ast-main-header-display":"","ast-hfb-above-header-display":"","ast-hfb-below-header-display":"","ast-hfb-mobile-header-display":"","site-post-title":"","ast-breadcrumbs-content":"","ast-featured-img":"","footer-sml-layout":"","theme-transparent-header-meta":"default","adv-header-id-meta":"","stick-header-meta":"","header-above-stick-meta":"","header-main-stick-meta":"","header-below-stick-meta":"","_joinchat":[]},"product_brand":[],"product_cat":[48],"product_tag":[],"class_list":{"0":"post-2608","1":"product","2":"type-product","3":"status-publish","4":"has-post-thumbnail","6":"product_cat-harinas","7":"desktop-align-left","8":"tablet-align-left","9":"mobile-align-left","11":"first","12":"instock","13":"sale","14":"taxable","15":"shipping-taxable","16":"purchasable","17":"product-type-variable"},"_links":{"self":[{"href":"https:\/\/elguacamaya.com.uy\/index.php\/wp-json\/wp\/v2\/product\/2608","targetHints":{"allow":["GET"]}}],"collection":[{"href":"https:\/\/elguacamaya.com.uy\/index.php\/wp-json\/wp\/v2\/product"}],"about":[{"href":"https:\/\/elguacamaya.com.uy\/index.php\/wp-json\/wp\/v2\/types\/product"}],"version-history":[{"count":3,"href":"https:\/\/elguacamaya.com.uy\/index.php\/wp-json\/wp\/v2\/product\/2608\/revisions"}],"predecessor-version":[{"id":4218,"href":"https:\/\/elguacamaya.com.uy\/index.php\/wp-json\/wp\/v2\/product\/2608\/revisions\/4218"}],"wp:featuredmedia":[{"embeddable":true,"href":"https:\/\/elguacamaya.com.uy\/index.php\/wp-json\/wp\/v2\/media\/3699"}],"wp:attachment":[{"href":"https:\/\/elguacamaya.com.uy\/index.php\/wp-json\/wp\/v2\/media?parent=2608"}],"wp:term":[{"taxonomy":"product_brand","embeddable":true,"href":"https:\/\/elguacamaya.com.uy\/index.php\/wp-json\/wp\/v2\/product_brand?post=2608"},{"taxonomy":"product_cat","embeddable":true,"href":"https:\/\/elguacamaya.com.uy\/index.php\/wp-json\/wp\/v2\/product_cat?post=2608"},{"taxonomy":"product_tag","embeddable":true,"href":"https:\/\/elguacamaya.com.uy\/index.php\/wp-json\/wp\/v2\/product_tag?post=2608"}],"curies":[{"name":"wp","href":"https:\/\/api.w.org\/{rel}","templated":true}]}}