{"id":2484,"date":"2023-04-24T21:03:07","date_gmt":"2023-04-24T21:03:07","guid":{"rendered":"https:\/\/elguacamaya.com.uy\/?post_type=product&#038;p=2484"},"modified":"2025-04-11T13:18:20","modified_gmt":"2025-04-11T13:18:20","slug":"datil-medjool","status":"publish","type":"product","link":"https:\/\/elguacamaya.com.uy\/index.php\/producto\/datil-medjool\/","title":{"rendered":"D\u00e1til Medjool"},"content":{"rendered":"<p>Los d\u00e1tiles son un alimento con muchos puntos a su favor. Nutritivos, deliciosos y muy vers\u00e1tiles.<\/p>\n<p>Destacan varios componentes como la fibra, las vitaminas del grupo B y los minerales como el potasio, el magnesio y el f\u00f3sforo.<\/p>\n<p>Es un endulzante natural<\/p>\n<p>&nbsp;<\/p>\n<p>&nbsp;<\/p>\n","protected":false},"excerpt":{"rendered":"<p>Los d\u00e1tiles son un alimento con muchos puntos a su favor. Nutritivos, deliciosos y muy vers\u00e1tiles. Destacan varios componentes como la fibra, las vitaminas del grupo B y los minerales como el potasio, el magnesio y el f\u00f3sforo. Es un endulzante natural &nbsp; &nbsp;<\/p>\n","protected":false},"featured_media":3714,"template":"","meta":{"site-sidebar-layout":"default","site-content-layout":"default","ast-global-header-display":"","ast-banner-title-visibility":"","ast-main-header-display":"","ast-hfb-above-header-display":"","ast-hfb-below-header-display":"","ast-hfb-mobile-header-display":"","site-post-title":"","ast-breadcrumbs-content":"","ast-featured-img":"","footer-sml-layout":"","theme-transparent-header-meta":"default","adv-header-id-meta":"","stick-header-meta":"","header-above-stick-meta":"","header-main-stick-meta":"","header-below-stick-meta":"","_joinchat":[]},"product_brand":[],"product_cat":[36],"product_tag":[],"class_list":{"0":"post-2484","1":"product","2":"type-product","3":"status-publish","4":"has-post-thumbnail","6":"product_cat-frutas-secos-y-deshidratados","7":"desktop-align-left","8":"tablet-align-left","9":"mobile-align-left","11":"first","12":"instock","13":"taxable","14":"shipping-taxable","15":"purchasable","16":"product-type-variable"},"_links":{"self":[{"href":"https:\/\/elguacamaya.com.uy\/index.php\/wp-json\/wp\/v2\/product\/2484","targetHints":{"allow":["GET"]}}],"collection":[{"href":"https:\/\/elguacamaya.com.uy\/index.php\/wp-json\/wp\/v2\/product"}],"about":[{"href":"https:\/\/elguacamaya.com.uy\/index.php\/wp-json\/wp\/v2\/types\/product"}],"version-history":[{"count":2,"href":"https:\/\/elguacamaya.com.uy\/index.php\/wp-json\/wp\/v2\/product\/2484\/revisions"}],"predecessor-version":[{"id":2489,"href":"https:\/\/elguacamaya.com.uy\/index.php\/wp-json\/wp\/v2\/product\/2484\/revisions\/2489"}],"wp:featuredmedia":[{"embeddable":true,"href":"https:\/\/elguacamaya.com.uy\/index.php\/wp-json\/wp\/v2\/media\/3714"}],"wp:attachment":[{"href":"https:\/\/elguacamaya.com.uy\/index.php\/wp-json\/wp\/v2\/media?parent=2484"}],"wp:term":[{"taxonomy":"product_brand","embeddable":true,"href":"https:\/\/elguacamaya.com.uy\/index.php\/wp-json\/wp\/v2\/product_brand?post=2484"},{"taxonomy":"product_cat","embeddable":true,"href":"https:\/\/elguacamaya.com.uy\/index.php\/wp-json\/wp\/v2\/product_cat?post=2484"},{"taxonomy":"product_tag","embeddable":true,"href":"https:\/\/elguacamaya.com.uy\/index.php\/wp-json\/wp\/v2\/product_tag?post=2484"}],"curies":[{"name":"wp","href":"https:\/\/api.w.org\/{rel}","templated":true}]}}