{"id":2400,"date":"2022-09-23T20:15:10","date_gmt":"2022-09-23T20:15:10","guid":{"rendered":"https:\/\/elguacamaya.com.uy\/?post_type=product&#038;p=2400"},"modified":"2025-03-20T13:26:26","modified_gmt":"2025-03-20T13:26:26","slug":"mantequilla-de-mani-2","status":"publish","type":"product","link":"https:\/\/elguacamaya.com.uy\/index.php\/producto\/mantequilla-de-mani-2\/","title":{"rendered":"Mantequilla de mani"},"content":{"rendered":"<p>Dos cucharadas de manteca de man\u00ed cada d\u00eda ayuda a prevenir enfermedades cardiovasculares, la formaci\u00f3n de c\u00e1lculos vesiculares, la diabetes tipo 2, el alzheimer y ciertos tipos de c\u00e1ncer.<\/p>\n<p>Tambi\u00e9n ayuda a bajar de peso, reducir el colesterol, es un alimento que aporta m\u00e1s energ\u00eda, fibra, prote\u00ednas, vitaminas, minerales y antioxidante que la mayor\u00eda de los alimentos de nuestra dieta cotidiana.<\/p>\n<p>&nbsp;<\/p>\n","protected":false},"excerpt":{"rendered":"<p>400 gr<\/p>\n","protected":false},"featured_media":3719,"template":"","meta":{"site-sidebar-layout":"default","site-content-layout":"default","ast-global-header-display":"","ast-banner-title-visibility":"","ast-main-header-display":"","ast-hfb-above-header-display":"","ast-hfb-below-header-display":"","ast-hfb-mobile-header-display":"","site-post-title":"","ast-breadcrumbs-content":"","ast-featured-img":"","footer-sml-layout":"","theme-transparent-header-meta":"default","adv-header-id-meta":"","stick-header-meta":"","header-above-stick-meta":"","header-main-stick-meta":"","header-below-stick-meta":"","_joinchat":[]},"product_brand":[],"product_cat":[54],"product_tag":[],"class_list":{"0":"post-2400","1":"product","2":"type-product","3":"status-publish","4":"has-post-thumbnail","6":"product_cat-productos-saludables-adu-acelu-y-organicos","7":"desktop-align-left","8":"tablet-align-left","9":"mobile-align-left","11":"first","12":"instock","13":"taxable","14":"shipping-taxable","15":"purchasable","16":"product-type-simple"},"_links":{"self":[{"href":"https:\/\/elguacamaya.com.uy\/index.php\/wp-json\/wp\/v2\/product\/2400","targetHints":{"allow":["GET"]}}],"collection":[{"href":"https:\/\/elguacamaya.com.uy\/index.php\/wp-json\/wp\/v2\/product"}],"about":[{"href":"https:\/\/elguacamaya.com.uy\/index.php\/wp-json\/wp\/v2\/types\/product"}],"version-history":[{"count":1,"href":"https:\/\/elguacamaya.com.uy\/index.php\/wp-json\/wp\/v2\/product\/2400\/revisions"}],"predecessor-version":[{"id":2403,"href":"https:\/\/elguacamaya.com.uy\/index.php\/wp-json\/wp\/v2\/product\/2400\/revisions\/2403"}],"wp:featuredmedia":[{"embeddable":true,"href":"https:\/\/elguacamaya.com.uy\/index.php\/wp-json\/wp\/v2\/media\/3719"}],"wp:attachment":[{"href":"https:\/\/elguacamaya.com.uy\/index.php\/wp-json\/wp\/v2\/media?parent=2400"}],"wp:term":[{"taxonomy":"product_brand","embeddable":true,"href":"https:\/\/elguacamaya.com.uy\/index.php\/wp-json\/wp\/v2\/product_brand?post=2400"},{"taxonomy":"product_cat","embeddable":true,"href":"https:\/\/elguacamaya.com.uy\/index.php\/wp-json\/wp\/v2\/product_cat?post=2400"},{"taxonomy":"product_tag","embeddable":true,"href":"https:\/\/elguacamaya.com.uy\/index.php\/wp-json\/wp\/v2\/product_tag?post=2400"}],"curies":[{"name":"wp","href":"https:\/\/api.w.org\/{rel}","templated":true}]}}