{"id":2372,"date":"2022-09-15T20:24:20","date_gmt":"2022-09-15T20:24:20","guid":{"rendered":"https:\/\/elguacamaya.com.uy\/?post_type=product&#038;p=2372"},"modified":"2024-11-06T20:33:57","modified_gmt":"2024-11-06T20:33:57","slug":"stevia","status":"publish","type":"product","link":"https:\/\/elguacamaya.com.uy\/index.php\/producto\/stevia\/","title":{"rendered":"Stevia"},"content":{"rendered":"<p>La Stevia es una planta\u00a0dulce que se ha usado\u00a0milenariamente para endulzar alimentos y, tambi\u00e9n, una planta con propiedades medicinales.<\/p>\n<ul>\n<li>Tiene\u00a0<strong><em>0 calor\u00edas,\u00a0<\/em><\/strong>es totalmente acal\u00f3rica.<\/li>\n<li>Beneficia a personas con hipertensi\u00f3n<\/li>\n<li>Es ideal para los diab\u00e9ticos, pues su composici\u00f3n permite que pueda ser un sustituto bastante saludable del az\u00facar.<\/li>\n<li>Realza el aroma de las infusiones o alimentos donde se a\u00f1ada<\/li>\n<\/ul>\n<p>&nbsp;<\/p>\n","protected":false},"excerpt":{"rendered":"<p>La Stevia es una planta\u00a0dulce que se ha usado\u00a0milenariamente para endulzar alimentos y, tambi\u00e9n, una planta con propiedades medicinales. Tiene\u00a00 calor\u00edas,\u00a0es totalmente acal\u00f3rica. Beneficia a personas con hipertensi\u00f3n Es ideal para los diab\u00e9ticos, pues su composici\u00f3n permite que pueda ser un sustituto bastante saludable del az\u00facar. Realza el aroma de las infusiones o alimentos donde &hellip;<\/p>\n<p class=\"read-more\"> <a class=\"\" href=\"https:\/\/elguacamaya.com.uy\/index.php\/producto\/stevia\/\"> <span class=\"screen-reader-text\">Stevia<\/span> Leer m\u00e1s &raquo;<\/a><\/p>\n","protected":false},"featured_media":2373,"template":"","meta":{"site-sidebar-layout":"default","site-content-layout":"default","ast-global-header-display":"","ast-banner-title-visibility":"","ast-main-header-display":"","ast-hfb-above-header-display":"","ast-hfb-below-header-display":"","ast-hfb-mobile-header-display":"","site-post-title":"","ast-breadcrumbs-content":"","ast-featured-img":"","footer-sml-layout":"","theme-transparent-header-meta":"default","adv-header-id-meta":"","stick-header-meta":"","header-above-stick-meta":"","header-main-stick-meta":"","header-below-stick-meta":"","_joinchat":[]},"product_brand":[],"product_cat":[54],"product_tag":[],"class_list":{"0":"post-2372","1":"product","2":"type-product","3":"status-publish","4":"has-post-thumbnail","6":"product_cat-productos-saludables-adu-acelu-y-organicos","7":"desktop-align-left","8":"tablet-align-left","9":"mobile-align-left","11":"first","12":"instock","13":"taxable","14":"shipping-taxable","15":"purchasable","16":"product-type-variable"},"_links":{"self":[{"href":"https:\/\/elguacamaya.com.uy\/index.php\/wp-json\/wp\/v2\/product\/2372","targetHints":{"allow":["GET"]}}],"collection":[{"href":"https:\/\/elguacamaya.com.uy\/index.php\/wp-json\/wp\/v2\/product"}],"about":[{"href":"https:\/\/elguacamaya.com.uy\/index.php\/wp-json\/wp\/v2\/types\/product"}],"version-history":[{"count":1,"href":"https:\/\/elguacamaya.com.uy\/index.php\/wp-json\/wp\/v2\/product\/2372\/revisions"}],"predecessor-version":[{"id":2378,"href":"https:\/\/elguacamaya.com.uy\/index.php\/wp-json\/wp\/v2\/product\/2372\/revisions\/2378"}],"wp:featuredmedia":[{"embeddable":true,"href":"https:\/\/elguacamaya.com.uy\/index.php\/wp-json\/wp\/v2\/media\/2373"}],"wp:attachment":[{"href":"https:\/\/elguacamaya.com.uy\/index.php\/wp-json\/wp\/v2\/media?parent=2372"}],"wp:term":[{"taxonomy":"product_brand","embeddable":true,"href":"https:\/\/elguacamaya.com.uy\/index.php\/wp-json\/wp\/v2\/product_brand?post=2372"},{"taxonomy":"product_cat","embeddable":true,"href":"https:\/\/elguacamaya.com.uy\/index.php\/wp-json\/wp\/v2\/product_cat?post=2372"},{"taxonomy":"product_tag","embeddable":true,"href":"https:\/\/elguacamaya.com.uy\/index.php\/wp-json\/wp\/v2\/product_tag?post=2372"}],"curies":[{"name":"wp","href":"https:\/\/api.w.org\/{rel}","templated":true}]}}