{"id":2358,"date":"2022-07-27T13:41:03","date_gmt":"2022-07-27T13:41:03","guid":{"rendered":"https:\/\/elguacamaya.com.uy\/?post_type=product&#038;p=2358"},"modified":"2025-07-14T20:52:54","modified_gmt":"2025-07-14T20:52:54","slug":"cascarilla","status":"publish","type":"product","link":"https:\/\/elguacamaya.com.uy\/index.php\/producto\/cascarilla\/","title":{"rendered":"Cascarilla"},"content":{"rendered":"<p>La cascarilla aporta cantidades significativas de vitaminas A y C a nuestro organismo, tambi\u00e9n es rica en fibra, calcio, magnesio, \u00e1cido ol\u00e9ico, \u00e1cido linoleico y antioxidantes. Gracias a todas \u00e9stas propiedades, es un excelente suplemento nutritivo para reponer fuerzas.<\/p>\n<p>La cascarilla tiene propiedades que act\u00faan en los intestinos para eliminar las bacterias que causan el malestar digestivo. Otro uso es como antiinflamatorio, tiene propiedades diur\u00e9ticas y ayuda a eliminar la retenci\u00f3n de l\u00edquidos.<\/p>\n<p>&nbsp;<\/p>\n","protected":false},"excerpt":{"rendered":"<p>La cascarilla aporta cantidades significativas de vitaminas A y C a nuestro organismo, tambi\u00e9n es rica en fibra, calcio, magnesio, \u00e1cido ol\u00e9ico, \u00e1cido linoleico y antioxidantes. Gracias a todas \u00e9stas propiedades, es un excelente suplemento nutritivo para reponer fuerzas. La cascarilla tiene propiedades que act\u00faan en los intestinos para eliminar las bacterias que causan el &hellip;<\/p>\n<p class=\"read-more\"> <a class=\"\" href=\"https:\/\/elguacamaya.com.uy\/index.php\/producto\/cascarilla\/\"> <span class=\"screen-reader-text\">Cascarilla<\/span> Leer m\u00e1s &raquo;<\/a><\/p>\n","protected":false},"featured_media":2361,"template":"","meta":{"site-sidebar-layout":"default","site-content-layout":"default","ast-global-header-display":"","ast-banner-title-visibility":"","ast-main-header-display":"","ast-hfb-above-header-display":"","ast-hfb-below-header-display":"","ast-hfb-mobile-header-display":"","site-post-title":"","ast-breadcrumbs-content":"","ast-featured-img":"","footer-sml-layout":"","theme-transparent-header-meta":"default","adv-header-id-meta":"","stick-header-meta":"","header-above-stick-meta":"","header-main-stick-meta":"","header-below-stick-meta":"","_joinchat":[]},"product_brand":[],"product_cat":[49,54],"product_tag":[],"class_list":{"0":"post-2358","1":"product","2":"type-product","3":"status-publish","4":"has-post-thumbnail","6":"product_cat-chocolates","7":"product_cat-productos-saludables-adu-acelu-y-organicos","8":"desktop-align-left","9":"tablet-align-left","10":"mobile-align-left","12":"first","13":"instock","14":"taxable","15":"shipping-taxable","16":"purchasable","17":"product-type-variable"},"_links":{"self":[{"href":"https:\/\/elguacamaya.com.uy\/index.php\/wp-json\/wp\/v2\/product\/2358","targetHints":{"allow":["GET"]}}],"collection":[{"href":"https:\/\/elguacamaya.com.uy\/index.php\/wp-json\/wp\/v2\/product"}],"about":[{"href":"https:\/\/elguacamaya.com.uy\/index.php\/wp-json\/wp\/v2\/types\/product"}],"version-history":[{"count":1,"href":"https:\/\/elguacamaya.com.uy\/index.php\/wp-json\/wp\/v2\/product\/2358\/revisions"}],"predecessor-version":[{"id":2362,"href":"https:\/\/elguacamaya.com.uy\/index.php\/wp-json\/wp\/v2\/product\/2358\/revisions\/2362"}],"wp:featuredmedia":[{"embeddable":true,"href":"https:\/\/elguacamaya.com.uy\/index.php\/wp-json\/wp\/v2\/media\/2361"}],"wp:attachment":[{"href":"https:\/\/elguacamaya.com.uy\/index.php\/wp-json\/wp\/v2\/media?parent=2358"}],"wp:term":[{"taxonomy":"product_brand","embeddable":true,"href":"https:\/\/elguacamaya.com.uy\/index.php\/wp-json\/wp\/v2\/product_brand?post=2358"},{"taxonomy":"product_cat","embeddable":true,"href":"https:\/\/elguacamaya.com.uy\/index.php\/wp-json\/wp\/v2\/product_cat?post=2358"},{"taxonomy":"product_tag","embeddable":true,"href":"https:\/\/elguacamaya.com.uy\/index.php\/wp-json\/wp\/v2\/product_tag?post=2358"}],"curies":[{"name":"wp","href":"https:\/\/api.w.org\/{rel}","templated":true}]}}