{"id":2294,"date":"2022-05-30T19:48:19","date_gmt":"2022-05-30T19:48:19","guid":{"rendered":"https:\/\/elguacamaya.com.uy\/?post_type=product&#038;p=2294"},"modified":"2025-10-08T02:50:03","modified_gmt":"2025-10-08T02:50:03","slug":"aceite-de-oliva-2","status":"publish","type":"product","link":"https:\/\/elguacamaya.com.uy\/index.php\/producto\/aceite-de-oliva-2\/","title":{"rendered":"Aceite de Oliva"},"content":{"rendered":"<p>El aceite \u00abRodr\u00edguez y Romero\u00bb es un aceite de oliva\u00a0 virgen extra superior que nace de la primera prensa en fr\u00edo de olivas de las variedades arbequina, picual, coratina, frantoio y leccino. Un virgen extra delicado, arom\u00e1tico y muy equilibrado, con una acidez m\u00e1xima de 0,2\u00ba.<\/p>\n<p>En la degustaci\u00f3n del aceite encontramos\u00a0 que los atributos positivos y caracter\u00edsticos del aceite de oliva virgen extra \u201cRodr\u00edguez y Romero\u201d son: amargo, frutal y picante, de intenso perfume y sabor, de color amarillo dorado con leves reflejos verdes.<\/p>\n<p>Su consumo es excelente tanto en crudo como en platos cocinados.<\/p>\n","protected":false},"excerpt":{"rendered":"<p>El aceite \u00abRodr\u00edguez y Romero\u00bb es un aceite de oliva\u00a0 virgen extra superior que nace de la primera prensa en fr\u00edo de olivas de las variedades arbequina, picual, coratina, frantoio y leccino. Un virgen extra delicado, arom\u00e1tico y muy equilibrado, con una acidez m\u00e1xima de 0,2\u00ba. En la degustaci\u00f3n del aceite encontramos\u00a0 que los atributos &hellip;<\/p>\n<p class=\"read-more\"> <a class=\"\" href=\"https:\/\/elguacamaya.com.uy\/index.php\/producto\/aceite-de-oliva-2\/\"> <span class=\"screen-reader-text\">Aceite de Oliva<\/span> Leer m\u00e1s &raquo;<\/a><\/p>\n","protected":false},"featured_media":3735,"template":"","meta":{"site-sidebar-layout":"default","site-content-layout":"default","ast-global-header-display":"","ast-banner-title-visibility":"","ast-main-header-display":"","ast-hfb-above-header-display":"","ast-hfb-below-header-display":"","ast-hfb-mobile-header-display":"","site-post-title":"","ast-breadcrumbs-content":"","ast-featured-img":"","footer-sml-layout":"","theme-transparent-header-meta":"default","adv-header-id-meta":"","stick-header-meta":"","header-above-stick-meta":"","header-main-stick-meta":"","header-below-stick-meta":"","_joinchat":[]},"product_brand":[],"product_cat":[54],"product_tag":[],"class_list":{"0":"post-2294","1":"product","2":"type-product","3":"status-publish","4":"has-post-thumbnail","6":"product_cat-productos-saludables-adu-acelu-y-organicos","7":"desktop-align-left","8":"tablet-align-left","9":"mobile-align-left","11":"first","12":"instock","13":"taxable","14":"shipping-taxable","15":"purchasable","16":"product-type-variable"},"_links":{"self":[{"href":"https:\/\/elguacamaya.com.uy\/index.php\/wp-json\/wp\/v2\/product\/2294","targetHints":{"allow":["GET"]}}],"collection":[{"href":"https:\/\/elguacamaya.com.uy\/index.php\/wp-json\/wp\/v2\/product"}],"about":[{"href":"https:\/\/elguacamaya.com.uy\/index.php\/wp-json\/wp\/v2\/types\/product"}],"version-history":[{"count":1,"href":"https:\/\/elguacamaya.com.uy\/index.php\/wp-json\/wp\/v2\/product\/2294\/revisions"}],"predecessor-version":[{"id":2295,"href":"https:\/\/elguacamaya.com.uy\/index.php\/wp-json\/wp\/v2\/product\/2294\/revisions\/2295"}],"wp:featuredmedia":[{"embeddable":true,"href":"https:\/\/elguacamaya.com.uy\/index.php\/wp-json\/wp\/v2\/media\/3735"}],"wp:attachment":[{"href":"https:\/\/elguacamaya.com.uy\/index.php\/wp-json\/wp\/v2\/media?parent=2294"}],"wp:term":[{"taxonomy":"product_brand","embeddable":true,"href":"https:\/\/elguacamaya.com.uy\/index.php\/wp-json\/wp\/v2\/product_brand?post=2294"},{"taxonomy":"product_cat","embeddable":true,"href":"https:\/\/elguacamaya.com.uy\/index.php\/wp-json\/wp\/v2\/product_cat?post=2294"},{"taxonomy":"product_tag","embeddable":true,"href":"https:\/\/elguacamaya.com.uy\/index.php\/wp-json\/wp\/v2\/product_tag?post=2294"}],"curies":[{"name":"wp","href":"https:\/\/api.w.org\/{rel}","templated":true}]}}