{"id":2286,"date":"2022-05-30T19:31:37","date_gmt":"2022-05-30T19:31:37","guid":{"rendered":"https:\/\/elguacamaya.com.uy\/?post_type=product&#038;p=2286"},"modified":"2025-02-17T20:50:56","modified_gmt":"2025-02-17T20:50:56","slug":"yerba-mate-livre","status":"publish","type":"product","link":"https:\/\/elguacamaya.com.uy\/index.php\/producto\/yerba-mate-livre\/","title":{"rendered":"Yerba mate Libre"},"content":{"rendered":"<h6 class=\"alphaTop\">YERBA LIVRE DEFENS. AUMENTA LAS DEFENSAS DE NUESTRO ORGANISMO<\/h6>\n<p>Si nuestro sistema inmunol\u00f3gico funcionara siempre al 100% de su capacidad, existir\u00eda la posibilidad de no enfermar nunca, pero en realidad otros factores como el fr\u00edo, el agotamiento, el estr\u00e9s, la mala alimentaci\u00f3n,los cambios bruscos de temperatura pueden debilitarlo y esta circunstancia har\u00e1 posible que ciertas bacterias y virus se desarrollen y proliferen en nuestro organismo causando la enfermedad.<\/p>\n<p>La Equin\u00e1cea posee la capacidad de reforzar todo el sistema inmunol\u00f3gico, d\u00e1ndole a nuestro organismo mayor resistencia a todos los agentes externos que nos agredan como enfermedades de tipo invernal y alergias.<\/p>\n<div class=\"separador\"><\/div>\n<div class=\"variedades_contenedor_menu\"><\/div>\n","protected":false},"excerpt":{"rendered":"<p>1 kg<\/p>\n","protected":false},"featured_media":3592,"template":"","meta":{"site-sidebar-layout":"default","site-content-layout":"default","ast-global-header-display":"","ast-banner-title-visibility":"","ast-main-header-display":"","ast-hfb-above-header-display":"","ast-hfb-below-header-display":"","ast-hfb-mobile-header-display":"","site-post-title":"","ast-breadcrumbs-content":"","ast-featured-img":"","footer-sml-layout":"","theme-transparent-header-meta":"default","adv-header-id-meta":"","stick-header-meta":"","header-above-stick-meta":"","header-main-stick-meta":"","header-below-stick-meta":"","_joinchat":[]},"product_brand":[],"product_cat":[54],"product_tag":[],"class_list":{"0":"post-2286","1":"product","2":"type-product","3":"status-publish","4":"has-post-thumbnail","6":"product_cat-productos-saludables-adu-acelu-y-organicos","7":"desktop-align-left","8":"tablet-align-left","9":"mobile-align-left","11":"first","12":"instock","13":"taxable","14":"shipping-taxable","15":"purchasable","16":"product-type-simple"},"_links":{"self":[{"href":"https:\/\/elguacamaya.com.uy\/index.php\/wp-json\/wp\/v2\/product\/2286","targetHints":{"allow":["GET"]}}],"collection":[{"href":"https:\/\/elguacamaya.com.uy\/index.php\/wp-json\/wp\/v2\/product"}],"about":[{"href":"https:\/\/elguacamaya.com.uy\/index.php\/wp-json\/wp\/v2\/types\/product"}],"version-history":[{"count":3,"href":"https:\/\/elguacamaya.com.uy\/index.php\/wp-json\/wp\/v2\/product\/2286\/revisions"}],"predecessor-version":[{"id":3593,"href":"https:\/\/elguacamaya.com.uy\/index.php\/wp-json\/wp\/v2\/product\/2286\/revisions\/3593"}],"wp:featuredmedia":[{"embeddable":true,"href":"https:\/\/elguacamaya.com.uy\/index.php\/wp-json\/wp\/v2\/media\/3592"}],"wp:attachment":[{"href":"https:\/\/elguacamaya.com.uy\/index.php\/wp-json\/wp\/v2\/media?parent=2286"}],"wp:term":[{"taxonomy":"product_brand","embeddable":true,"href":"https:\/\/elguacamaya.com.uy\/index.php\/wp-json\/wp\/v2\/product_brand?post=2286"},{"taxonomy":"product_cat","embeddable":true,"href":"https:\/\/elguacamaya.com.uy\/index.php\/wp-json\/wp\/v2\/product_cat?post=2286"},{"taxonomy":"product_tag","embeddable":true,"href":"https:\/\/elguacamaya.com.uy\/index.php\/wp-json\/wp\/v2\/product_tag?post=2286"}],"curies":[{"name":"wp","href":"https:\/\/api.w.org\/{rel}","templated":true}]}}