{"id":2278,"date":"2022-05-30T19:10:48","date_gmt":"2022-05-30T19:10:48","guid":{"rendered":"https:\/\/elguacamaya.com.uy\/?post_type=product&#038;p=2278"},"modified":"2025-02-18T17:15:59","modified_gmt":"2025-02-18T17:15:59","slug":"pasta-americana","status":"publish","type":"product","link":"https:\/\/elguacamaya.com.uy\/index.php\/producto\/pasta-americana\/","title":{"rendered":"Pasta Americana"},"content":{"rendered":"<p>\u2013 Nueva F\u00f3rmula.<br \/>\n\u2013 Super Blanca.<br \/>\n\u2013 Textura Satinada.<br \/>\n\u2013 Vers\u00e1til.<br \/>\n\u2013 Permite coloraci\u00f3n.<br \/>\n\u2013 Delicado sabor a Vainilla.<br \/>\n\u2013 La \u00fanica 4 en 1: adem\u00e1s de ser utilizada como pasta americana, la puedes transformar en pastillaje, pasta el\u00e1stica, y pasta de chocolate. S\u00f3lo debes seguir las instrucciones del paquete.<\/p>\n","protected":false},"excerpt":{"rendered":"<p>Pasta mix<\/p>\n","protected":false},"featured_media":3594,"template":"","meta":{"site-sidebar-layout":"default","site-content-layout":"default","ast-global-header-display":"","ast-banner-title-visibility":"","ast-main-header-display":"","ast-hfb-above-header-display":"","ast-hfb-below-header-display":"","ast-hfb-mobile-header-display":"","site-post-title":"","ast-breadcrumbs-content":"","ast-featured-img":"","footer-sml-layout":"","theme-transparent-header-meta":"default","adv-header-id-meta":"","stick-header-meta":"","header-above-stick-meta":"","header-main-stick-meta":"","header-below-stick-meta":"","_joinchat":[]},"product_brand":[],"product_cat":[50],"product_tag":[],"class_list":{"0":"post-2278","1":"product","2":"type-product","3":"status-publish","4":"has-post-thumbnail","6":"product_cat-cremas-y-fondant","7":"desktop-align-left","8":"tablet-align-left","9":"mobile-align-left","11":"first","12":"instock","13":"taxable","14":"shipping-taxable","15":"purchasable","16":"product-type-variable"},"_links":{"self":[{"href":"https:\/\/elguacamaya.com.uy\/index.php\/wp-json\/wp\/v2\/product\/2278","targetHints":{"allow":["GET"]}}],"collection":[{"href":"https:\/\/elguacamaya.com.uy\/index.php\/wp-json\/wp\/v2\/product"}],"about":[{"href":"https:\/\/elguacamaya.com.uy\/index.php\/wp-json\/wp\/v2\/types\/product"}],"version-history":[{"count":1,"href":"https:\/\/elguacamaya.com.uy\/index.php\/wp-json\/wp\/v2\/product\/2278\/revisions"}],"predecessor-version":[{"id":2279,"href":"https:\/\/elguacamaya.com.uy\/index.php\/wp-json\/wp\/v2\/product\/2278\/revisions\/2279"}],"wp:featuredmedia":[{"embeddable":true,"href":"https:\/\/elguacamaya.com.uy\/index.php\/wp-json\/wp\/v2\/media\/3594"}],"wp:attachment":[{"href":"https:\/\/elguacamaya.com.uy\/index.php\/wp-json\/wp\/v2\/media?parent=2278"}],"wp:term":[{"taxonomy":"product_brand","embeddable":true,"href":"https:\/\/elguacamaya.com.uy\/index.php\/wp-json\/wp\/v2\/product_brand?post=2278"},{"taxonomy":"product_cat","embeddable":true,"href":"https:\/\/elguacamaya.com.uy\/index.php\/wp-json\/wp\/v2\/product_cat?post=2278"},{"taxonomy":"product_tag","embeddable":true,"href":"https:\/\/elguacamaya.com.uy\/index.php\/wp-json\/wp\/v2\/product_tag?post=2278"}],"curies":[{"name":"wp","href":"https:\/\/api.w.org\/{rel}","templated":true}]}}