{"id":2025,"date":"2021-11-29T20:59:16","date_gmt":"2021-11-29T20:59:16","guid":{"rendered":"https:\/\/elguacamaya.com.uy\/?post_type=product&#038;p=2025"},"modified":"2026-03-23T18:45:03","modified_gmt":"2026-03-23T18:45:03","slug":"colageno","status":"publish","type":"product","link":"https:\/\/elguacamaya.com.uy\/index.php\/producto\/colageno\/","title":{"rendered":"Col\u00e1geno"},"content":{"rendered":"<p>Suplemento alimenticio que mejora la elasticidad de la piel retrasando su envejecimiento. Fortalece las articulaciones, las u\u00f1as y el cabello. Previene el alzheimer, mejora el s\u00edndrome de intestino irritable, previene enfermedades del coraz\u00f3n, presi\u00f3n arterial y \u00falceras.<\/p>\n<p>&nbsp;<\/p>\n","protected":false},"excerpt":{"rendered":"<p>Suplemento alimenticio que mejora la elasticidad de la piel retrasando su envejecimiento. Fortalece las articulaciones, las u\u00f1as y el cabello. Previene el alzheimer, mejora el s\u00edndrome de intestino irritable, previene enfermedades del coraz\u00f3n, presi\u00f3n arterial y \u00falceras. &nbsp;<\/p>\n","protected":false},"featured_media":2391,"template":"","meta":{"site-sidebar-layout":"default","site-content-layout":"default","ast-global-header-display":"","ast-banner-title-visibility":"","ast-main-header-display":"","ast-hfb-above-header-display":"","ast-hfb-below-header-display":"","ast-hfb-mobile-header-display":"","site-post-title":"","ast-breadcrumbs-content":"","ast-featured-img":"","footer-sml-layout":"","theme-transparent-header-meta":"default","adv-header-id-meta":"","stick-header-meta":"","header-above-stick-meta":"","header-main-stick-meta":"","header-below-stick-meta":"","_joinchat":[]},"product_brand":[],"product_cat":[54],"product_tag":[],"class_list":{"0":"post-2025","1":"product","2":"type-product","3":"status-publish","4":"has-post-thumbnail","6":"product_cat-productos-saludables-adu-acelu-y-organicos","7":"desktop-align-left","8":"tablet-align-left","9":"mobile-align-left","11":"first","12":"instock","13":"taxable","14":"shipping-taxable","15":"purchasable","16":"product-type-variable"},"_links":{"self":[{"href":"https:\/\/elguacamaya.com.uy\/index.php\/wp-json\/wp\/v2\/product\/2025","targetHints":{"allow":["GET"]}}],"collection":[{"href":"https:\/\/elguacamaya.com.uy\/index.php\/wp-json\/wp\/v2\/product"}],"about":[{"href":"https:\/\/elguacamaya.com.uy\/index.php\/wp-json\/wp\/v2\/types\/product"}],"version-history":[{"count":3,"href":"https:\/\/elguacamaya.com.uy\/index.php\/wp-json\/wp\/v2\/product\/2025\/revisions"}],"predecessor-version":[{"id":4227,"href":"https:\/\/elguacamaya.com.uy\/index.php\/wp-json\/wp\/v2\/product\/2025\/revisions\/4227"}],"wp:featuredmedia":[{"embeddable":true,"href":"https:\/\/elguacamaya.com.uy\/index.php\/wp-json\/wp\/v2\/media\/2391"}],"wp:attachment":[{"href":"https:\/\/elguacamaya.com.uy\/index.php\/wp-json\/wp\/v2\/media?parent=2025"}],"wp:term":[{"taxonomy":"product_brand","embeddable":true,"href":"https:\/\/elguacamaya.com.uy\/index.php\/wp-json\/wp\/v2\/product_brand?post=2025"},{"taxonomy":"product_cat","embeddable":true,"href":"https:\/\/elguacamaya.com.uy\/index.php\/wp-json\/wp\/v2\/product_cat?post=2025"},{"taxonomy":"product_tag","embeddable":true,"href":"https:\/\/elguacamaya.com.uy\/index.php\/wp-json\/wp\/v2\/product_tag?post=2025"}],"curies":[{"name":"wp","href":"https:\/\/api.w.org\/{rel}","templated":true}]}}