{"id":1782,"date":"2021-11-01T22:30:10","date_gmt":"2021-11-01T22:30:10","guid":{"rendered":"https:\/\/elguacamaya.com.uy\/?post_type=product&#038;p=1782"},"modified":"2026-03-21T13:45:52","modified_gmt":"2026-03-21T13:45:52","slug":"azucar-de-mascabo","status":"publish","type":"product","link":"https:\/\/elguacamaya.com.uy\/index.php\/producto\/azucar-de-mascabo\/","title":{"rendered":"Az\u00facar Mascabo"},"content":{"rendered":"<div class=\"fggS- cell\"><\/div>\n<div class=\"H1AvN fggS- cell\">\n<section class=\"_2RbVQ\" data-hook=\"description-wrapper\">\n<div class=\"_3nbVj\">\n<div class=\"_3cRjW\" data-hook=\"content-wrapper\">\n<p>El az\u00facar mascabo es el az\u00facar m\u00e1s natural que se comercializa. No est\u00e1 refinada, para fabricarla se extrae el jugo de la ca\u00f1a de az\u00facar y se deja evaporar hasta conseguir un residuo seco que despu\u00e9s de ser molido, sabe a regaliz, caf\u00e9 y caramelo endulzado<\/p>\n<p>\u00bfPorque usar mascabo y no az\u00facar blanca refinada?<\/p>\n<p>Tiene menos calor\u00edas. M\u00e1s nutrientes. Mejor sabor y m\u00e1s natural. Sin qu\u00edmicos agregados<\/p>\n<p>Al ser m\u00e1s pura, contiene peque\u00f1as cantidades de los nutrientes propios del jugo de ca\u00f1a como antioxidantes y algunas vitaminas del complejo B y minerales como el potasio, magnesio, hierro y calcio.\u00a0 Protegen tus c\u00e9lulas de los radicales libres, ya que aportan antioxidantes al organismo.<\/p>\n<p>Le aporta un sabor delicioso de caramelo a las preparaciones debido a su alta composici\u00f3n de melaza.<\/p>\n<p>Contraindicaciones:<\/p>\n<p>Es importante saber que eleva los niveles de glicemia del organismo, por lo que est\u00e1 contraindicada para personas con hiperinsulinemia o diabetes.<\/p>\n<p>Se recomienda consumir en peque\u00f1as cantidades<\/p>\n<\/div>\n<\/div>\n<\/section>\n<\/div>\n","protected":false},"excerpt":{"rendered":"<p>1 kg<\/p>\n","protected":false},"featured_media":3762,"template":"","meta":{"site-sidebar-layout":"default","site-content-layout":"default","ast-global-header-display":"","ast-banner-title-visibility":"","ast-main-header-display":"","ast-hfb-above-header-display":"","ast-hfb-below-header-display":"","ast-hfb-mobile-header-display":"","site-post-title":"","ast-breadcrumbs-content":"","ast-featured-img":"","footer-sml-layout":"","theme-transparent-header-meta":"default","adv-header-id-meta":"","stick-header-meta":"","header-above-stick-meta":"","header-main-stick-meta":"","header-below-stick-meta":"","_joinchat":[]},"product_brand":[],"product_cat":[54],"product_tag":[],"class_list":{"0":"post-1782","1":"product","2":"type-product","3":"status-publish","4":"has-post-thumbnail","6":"product_cat-productos-saludables-adu-acelu-y-organicos","7":"desktop-align-left","8":"tablet-align-left","9":"mobile-align-left","11":"first","12":"instock","13":"taxable","14":"shipping-taxable","15":"purchasable","16":"product-type-simple"},"_links":{"self":[{"href":"https:\/\/elguacamaya.com.uy\/index.php\/wp-json\/wp\/v2\/product\/1782","targetHints":{"allow":["GET"]}}],"collection":[{"href":"https:\/\/elguacamaya.com.uy\/index.php\/wp-json\/wp\/v2\/product"}],"about":[{"href":"https:\/\/elguacamaya.com.uy\/index.php\/wp-json\/wp\/v2\/types\/product"}],"version-history":[{"count":3,"href":"https:\/\/elguacamaya.com.uy\/index.php\/wp-json\/wp\/v2\/product\/1782\/revisions"}],"predecessor-version":[{"id":5002,"href":"https:\/\/elguacamaya.com.uy\/index.php\/wp-json\/wp\/v2\/product\/1782\/revisions\/5002"}],"wp:featuredmedia":[{"embeddable":true,"href":"https:\/\/elguacamaya.com.uy\/index.php\/wp-json\/wp\/v2\/media\/3762"}],"wp:attachment":[{"href":"https:\/\/elguacamaya.com.uy\/index.php\/wp-json\/wp\/v2\/media?parent=1782"}],"wp:term":[{"taxonomy":"product_brand","embeddable":true,"href":"https:\/\/elguacamaya.com.uy\/index.php\/wp-json\/wp\/v2\/product_brand?post=1782"},{"taxonomy":"product_cat","embeddable":true,"href":"https:\/\/elguacamaya.com.uy\/index.php\/wp-json\/wp\/v2\/product_cat?post=1782"},{"taxonomy":"product_tag","embeddable":true,"href":"https:\/\/elguacamaya.com.uy\/index.php\/wp-json\/wp\/v2\/product_tag?post=1782"}],"curies":[{"name":"wp","href":"https:\/\/api.w.org\/{rel}","templated":true}]}}