{"id":1554,"date":"2022-08-31T20:00:03","date_gmt":"2022-08-31T20:00:03","guid":{"rendered":"https:\/\/elguacamaya.com.uy\/?post_type=product&#038;p=1554"},"modified":"2025-05-07T20:05:41","modified_gmt":"2025-05-07T20:05:41","slug":"nuez-moscada-entera","status":"publish","type":"product","link":"https:\/\/elguacamaya.com.uy\/index.php\/producto\/nuez-moscada-entera\/","title":{"rendered":"Nuez moscada entera"},"content":{"rendered":"<p>La\u00a0<b>nuez moscada<\/b>\u00a0es un estimulante cerebral,\u00a0que\u00a0remueve el agotamiento mental, estr\u00e9s, fatiga y mejora la capacidad de concentraci\u00f3n. Adem\u00e1s, posee un compuesto org\u00e1nico natural\u00a0que\u00a0ayuda a proteger el cerebro de enfermedades degenerativas, como el mal de Alzheimer.<\/p>\n","protected":false},"excerpt":{"rendered":"<p>La\u00a0nuez moscada\u00a0es un estimulante cerebral,\u00a0que\u00a0remueve el agotamiento mental, estr\u00e9s, fatiga y mejora la capacidad de concentraci\u00f3n. Adem\u00e1s, posee un compuesto org\u00e1nico natural\u00a0que\u00a0ayuda a proteger el cerebro de enfermedades degenerativas, como el mal de Alzheimer.<\/p>\n","protected":false},"featured_media":2367,"template":"","meta":{"site-sidebar-layout":"default","site-content-layout":"default","ast-global-header-display":"","ast-banner-title-visibility":"","ast-main-header-display":"","ast-hfb-above-header-display":"","ast-hfb-below-header-display":"","ast-hfb-mobile-header-display":"","site-post-title":"","ast-breadcrumbs-content":"","ast-featured-img":"","footer-sml-layout":"","theme-transparent-header-meta":"default","adv-header-id-meta":"","stick-header-meta":"","header-above-stick-meta":"","header-main-stick-meta":"","header-below-stick-meta":"","_joinchat":[]},"product_brand":[],"product_cat":[23],"product_tag":[],"class_list":{"0":"post-1554","1":"product","2":"type-product","3":"status-publish","4":"has-post-thumbnail","6":"product_cat-condimentos","7":"desktop-align-left","8":"tablet-align-left","9":"mobile-align-left","11":"first","12":"instock","13":"sale","14":"taxable","15":"shipping-taxable","16":"purchasable","17":"product-type-variable"},"_links":{"self":[{"href":"https:\/\/elguacamaya.com.uy\/index.php\/wp-json\/wp\/v2\/product\/1554","targetHints":{"allow":["GET"]}}],"collection":[{"href":"https:\/\/elguacamaya.com.uy\/index.php\/wp-json\/wp\/v2\/product"}],"about":[{"href":"https:\/\/elguacamaya.com.uy\/index.php\/wp-json\/wp\/v2\/types\/product"}],"version-history":[{"count":2,"href":"https:\/\/elguacamaya.com.uy\/index.php\/wp-json\/wp\/v2\/product\/1554\/revisions"}],"predecessor-version":[{"id":2368,"href":"https:\/\/elguacamaya.com.uy\/index.php\/wp-json\/wp\/v2\/product\/1554\/revisions\/2368"}],"wp:featuredmedia":[{"embeddable":true,"href":"https:\/\/elguacamaya.com.uy\/index.php\/wp-json\/wp\/v2\/media\/2367"}],"wp:attachment":[{"href":"https:\/\/elguacamaya.com.uy\/index.php\/wp-json\/wp\/v2\/media?parent=1554"}],"wp:term":[{"taxonomy":"product_brand","embeddable":true,"href":"https:\/\/elguacamaya.com.uy\/index.php\/wp-json\/wp\/v2\/product_brand?post=1554"},{"taxonomy":"product_cat","embeddable":true,"href":"https:\/\/elguacamaya.com.uy\/index.php\/wp-json\/wp\/v2\/product_cat?post=1554"},{"taxonomy":"product_tag","embeddable":true,"href":"https:\/\/elguacamaya.com.uy\/index.php\/wp-json\/wp\/v2\/product_tag?post=1554"}],"curies":[{"name":"wp","href":"https:\/\/api.w.org\/{rel}","templated":true}]}}