{"id":1447,"date":"2022-05-14T15:38:41","date_gmt":"2022-05-14T15:38:41","guid":{"rendered":"https:\/\/elguacamaya.com.uy\/?post_type=product&#038;p=1447"},"modified":"2025-01-28T12:59:22","modified_gmt":"2025-01-28T12:59:22","slug":"semillas-de-sesamo-negro","status":"publish","type":"product","link":"https:\/\/elguacamaya.com.uy\/index.php\/producto\/semillas-de-sesamo-negro\/","title":{"rendered":"Semillas de s\u00e9samo negro"},"content":{"rendered":"<div class=\"wWOJcd\" role=\"button\" aria-labelledby=\"exacc_OMB_YofwM7yY1sQPuYuXkAQ5\">\n<div id=\"exacc_OMB_YofwM7yY1sQPuYuXkAQ5\" class=\"iDjcJe IX9Lgd wwB5gf\"><strong>\u00bfQu\u00e9 propiedades tiene el s\u00e9samo negro?<\/strong><\/div>\n<\/div>\n<div id=\"exacc_OMB_YofwM7yY1sQPuYuXkAQ6\" class=\"MBtdbb\" data-ved=\"2ahUKEwiH7M2Wnd_3AhU8jJUCHbnFBUIQ7NUEegQIERAD\">\n<div class=\"ymu2Hb\">\n<div id=\"_OMB_YofwM7yY1sQPuYuXkAQ24\" class=\"t0bRye r2fjmd\" data-hveid=\"CBEQBA\" data-ved=\"2ahUKEwiH7M2Wnd_3AhU8jJUCHbnFBUIQu04oAHoECBEQBA\">\n<div id=\"WEB_ANSWERS_RESULT_6_OMB_YofwM7yY1sQPuYuXkAQ__3\">\n<div class=\"wDYxhc\" data-md=\"61\">\n<div class=\"LGOjhe\" role=\"heading\" data-attrid=\"wa:\/description\" data-hveid=\"CAUQAA\"><span class=\"ILfuVd\"><span class=\"hgKElc\">Las semillas de\u00a0<b>s\u00e9samo negro<\/b>\u00a0son ricas en \u00e1cidos grasos, compuestos fen\u00f3licos, antioxidantes,\u00a0<b>vitaminas<\/b>\u00a0y fibra diet\u00e9tica. Su contenido en hierro, f\u00f3sforo, magnesio, cobre y cromo, la convierten en un complemento que mineraliza nuestro organismo<\/span><\/span><\/div>\n<div role=\"heading\" data-attrid=\"wa:\/description\" data-hveid=\"CAUQAA\"><\/div>\n<div role=\"heading\" data-attrid=\"wa:\/description\" data-hveid=\"CAUQAA\">\n<p><strong>El consumo del s\u00e9samo negro puede brindar beneficios a tu salud, tales como:<\/strong><\/p>\n<p>&#8211; con su aporte de lecitina, ayuda a reducir y controlar los niveles de colesterol en sangre.<br \/>\n&#8211; al ser una gran fuente de hierro, es recomendado para personas con anemia, o bien, para mujeres durante el embarazo y la lactancia.<br \/>\n&#8211; es alto en contenido de calcio, por lo que ayuda a fortalecer la masa \u00f3sea y previene la osteoporosis.<br \/>\n&#8211; aminora la rigidez en las articulaciones.<br \/>\n&#8211; la medicina oriental recomienda consumirlas de manera regular, ya que act\u00faan en la recuperaci\u00f3n del color original del cabello, de las personas con canas.<br \/>\n&#8211; al favorecer la oxigenaci\u00f3n del cerebro y fluidificar la sangre, act\u00faa previniendo la arterosclerosis.<br \/>\n&#8211; al contener fibra, su consumo mejora la funci\u00f3n intestinal.<br \/>\n&#8211; la medicina china lo utiliza para lubricar el h\u00edgado, el coraz\u00f3n, los ri\u00f1ones, el p\u00e1ncreas y los pulmones.<br \/>\n&#8211; es una gran fuente de prote\u00ednas de muy buena calidad.<br \/>\n&#8211; en mujeres que est\u00e1n experimentando s\u00edntomas desagradables asociados con la menopausia, el s\u00e9samo restaura los patrones del sue\u00f1o.<\/p>\n<\/div>\n<\/div>\n<\/div>\n<\/div>\n<\/div>\n<\/div>\n","protected":false},"excerpt":{"rendered":"<p>\u00bfQu\u00e9 propiedades tiene el s\u00e9samo negro? Las semillas de\u00a0s\u00e9samo negro\u00a0son ricas en \u00e1cidos grasos, compuestos fen\u00f3licos, antioxidantes,\u00a0vitaminas\u00a0y fibra diet\u00e9tica. Su contenido en hierro, f\u00f3sforo, magnesio, cobre y cromo, la convierten en un complemento que mineraliza nuestro organismo El consumo del s\u00e9samo negro puede brindar beneficios a tu salud, tales como: &#8211; con su aporte de &hellip;<\/p>\n<p class=\"read-more\"> <a class=\"\" href=\"https:\/\/elguacamaya.com.uy\/index.php\/producto\/semillas-de-sesamo-negro\/\"> <span class=\"screen-reader-text\">Semillas de s\u00e9samo negro<\/span> Leer m\u00e1s &raquo;<\/a><\/p>\n","protected":false},"featured_media":1425,"template":"","meta":{"site-sidebar-layout":"default","site-content-layout":"default","ast-global-header-display":"","ast-banner-title-visibility":"","ast-main-header-display":"","ast-hfb-above-header-display":"","ast-hfb-below-header-display":"","ast-hfb-mobile-header-display":"","site-post-title":"","ast-breadcrumbs-content":"","ast-featured-img":"","footer-sml-layout":"","theme-transparent-header-meta":"default","adv-header-id-meta":"","stick-header-meta":"","header-above-stick-meta":"","header-main-stick-meta":"","header-below-stick-meta":"","_joinchat":[]},"product_brand":[],"product_cat":[26],"product_tag":[],"class_list":{"0":"post-1447","1":"product","2":"type-product","3":"status-publish","4":"has-post-thumbnail","6":"product_cat-cereales-granos-y-semillas","7":"desktop-align-left","8":"tablet-align-left","9":"mobile-align-left","11":"first","12":"instock","13":"taxable","14":"shipping-taxable","15":"purchasable","16":"product-type-variable"},"_links":{"self":[{"href":"https:\/\/elguacamaya.com.uy\/index.php\/wp-json\/wp\/v2\/product\/1447","targetHints":{"allow":["GET"]}}],"collection":[{"href":"https:\/\/elguacamaya.com.uy\/index.php\/wp-json\/wp\/v2\/product"}],"about":[{"href":"https:\/\/elguacamaya.com.uy\/index.php\/wp-json\/wp\/v2\/types\/product"}],"version-history":[{"count":2,"href":"https:\/\/elguacamaya.com.uy\/index.php\/wp-json\/wp\/v2\/product\/1447\/revisions"}],"predecessor-version":[{"id":2155,"href":"https:\/\/elguacamaya.com.uy\/index.php\/wp-json\/wp\/v2\/product\/1447\/revisions\/2155"}],"wp:featuredmedia":[{"embeddable":true,"href":"https:\/\/elguacamaya.com.uy\/index.php\/wp-json\/wp\/v2\/media\/1425"}],"wp:attachment":[{"href":"https:\/\/elguacamaya.com.uy\/index.php\/wp-json\/wp\/v2\/media?parent=1447"}],"wp:term":[{"taxonomy":"product_brand","embeddable":true,"href":"https:\/\/elguacamaya.com.uy\/index.php\/wp-json\/wp\/v2\/product_brand?post=1447"},{"taxonomy":"product_cat","embeddable":true,"href":"https:\/\/elguacamaya.com.uy\/index.php\/wp-json\/wp\/v2\/product_cat?post=1447"},{"taxonomy":"product_tag","embeddable":true,"href":"https:\/\/elguacamaya.com.uy\/index.php\/wp-json\/wp\/v2\/product_tag?post=1447"}],"curies":[{"name":"wp","href":"https:\/\/api.w.org\/{rel}","templated":true}]}}