{"id":1429,"date":"2021-10-13T19:07:36","date_gmt":"2021-10-13T19:07:36","guid":{"rendered":"https:\/\/elguacamaya.com.uy\/?post_type=product&#038;p=1429"},"modified":"2025-02-21T20:13:32","modified_gmt":"2025-02-21T20:13:32","slug":"semillas-de-girasol","status":"publish","type":"product","link":"https:\/\/elguacamaya.com.uy\/index.php\/producto\/semillas-de-girasol\/","title":{"rendered":"Semillas de girasol"},"content":{"rendered":"<p><strong>Beneficios:<\/strong><\/p>\n<p>Las semillas de girasol contienen vitamina B6, un nutriente que participa en mas de cien reacciones enzim\u00e1ticas, entre ellas contribuir a la funci\u00f3n nerviosa. La carencia de esta vitamina se ha asociado a sentimientos de tristeza, depresi\u00f3n o ansiedad.<\/p>\n<p>Son tambi\u00e9n una fuente de magnesio y tienen un alto contenido de fibras.<\/p>\n<p>Adem\u00e1s son buenas en: hierro, grasas saludables, zinc, vitamina E.<\/p>\n<p><strong>\u00bfC\u00f3mo usarlas?<\/strong><\/p>\n<p>Se pueden consumir directo de la bolsa o se pueden usar en ensaladas, avena, en productos horneados caseros.<\/p>\n","protected":false},"excerpt":{"rendered":"<p>Beneficios: Las semillas de girasol contienen vitamina B6, un nutriente que participa en mas de cien reacciones enzim\u00e1ticas, entre ellas contribuir a la funci\u00f3n nerviosa. La carencia de esta vitamina se ha asociado a sentimientos de tristeza, depresi\u00f3n o ansiedad. Son tambi\u00e9n una fuente de magnesio y tienen un alto contenido de fibras. Adem\u00e1s son &hellip;<\/p>\n<p class=\"read-more\"> <a class=\"\" href=\"https:\/\/elguacamaya.com.uy\/index.php\/producto\/semillas-de-girasol\/\"> <span class=\"screen-reader-text\">Semillas de girasol<\/span> Leer m\u00e1s &raquo;<\/a><\/p>\n","protected":false},"featured_media":3797,"template":"","meta":{"site-sidebar-layout":"default","site-content-layout":"default","ast-global-header-display":"","ast-banner-title-visibility":"","ast-main-header-display":"","ast-hfb-above-header-display":"","ast-hfb-below-header-display":"","ast-hfb-mobile-header-display":"","site-post-title":"","ast-breadcrumbs-content":"","ast-featured-img":"","footer-sml-layout":"","theme-transparent-header-meta":"default","adv-header-id-meta":"","stick-header-meta":"","header-above-stick-meta":"","header-main-stick-meta":"","header-below-stick-meta":"","_joinchat":[]},"product_brand":[],"product_cat":[26],"product_tag":[],"class_list":{"0":"post-1429","1":"product","2":"type-product","3":"status-publish","4":"has-post-thumbnail","6":"product_cat-cereales-granos-y-semillas","7":"desktop-align-left","8":"tablet-align-left","9":"mobile-align-left","11":"first","12":"instock","13":"taxable","14":"shipping-taxable","15":"purchasable","16":"product-type-variable"},"_links":{"self":[{"href":"https:\/\/elguacamaya.com.uy\/index.php\/wp-json\/wp\/v2\/product\/1429","targetHints":{"allow":["GET"]}}],"collection":[{"href":"https:\/\/elguacamaya.com.uy\/index.php\/wp-json\/wp\/v2\/product"}],"about":[{"href":"https:\/\/elguacamaya.com.uy\/index.php\/wp-json\/wp\/v2\/types\/product"}],"version-history":[{"count":2,"href":"https:\/\/elguacamaya.com.uy\/index.php\/wp-json\/wp\/v2\/product\/1429\/revisions"}],"predecessor-version":[{"id":1681,"href":"https:\/\/elguacamaya.com.uy\/index.php\/wp-json\/wp\/v2\/product\/1429\/revisions\/1681"}],"wp:featuredmedia":[{"embeddable":true,"href":"https:\/\/elguacamaya.com.uy\/index.php\/wp-json\/wp\/v2\/media\/3797"}],"wp:attachment":[{"href":"https:\/\/elguacamaya.com.uy\/index.php\/wp-json\/wp\/v2\/media?parent=1429"}],"wp:term":[{"taxonomy":"product_brand","embeddable":true,"href":"https:\/\/elguacamaya.com.uy\/index.php\/wp-json\/wp\/v2\/product_brand?post=1429"},{"taxonomy":"product_cat","embeddable":true,"href":"https:\/\/elguacamaya.com.uy\/index.php\/wp-json\/wp\/v2\/product_cat?post=1429"},{"taxonomy":"product_tag","embeddable":true,"href":"https:\/\/elguacamaya.com.uy\/index.php\/wp-json\/wp\/v2\/product_tag?post=1429"}],"curies":[{"name":"wp","href":"https:\/\/api.w.org\/{rel}","templated":true}]}}